{"id":1004,"date":"2023-02-24T08:43:51","date_gmt":"2023-02-24T08:43:51","guid":{"rendered":"https:\/\/schulischesinklusionskonzept.landkreis-aurich.de\/?page_id=1004"},"modified":"2024-09-24T12:13:45","modified_gmt":"2024-09-24T12:13:45","slug":"diagnostik","status":"publish","type":"page","link":"https:\/\/schulischesinklusionskonzept.landkreis-aurich.de\/?page_id=1004","title":{"rendered":"Multiprofessionelle Zusammenarbeit an \u00f6ffentlichen Schulen"},"content":{"rendered":"\n<p class=\"wp-block-paragraph\">In der inklusiven Schule ergeben sich verschiedene Arbeitsschwerpunkte und damit einhergehend notwendige Handlungsstrategien, die von unterschiedlichen Fachkr\u00e4ften in gemeinsamer Verantwortung wahrgenommen werden. Je nach Vorhaben k\u00f6nnen dabei in einer Schule folgende Professionen beispielhaft beteiligt sein:<\/p>\n\n\n\n<p class=\"wp-block-paragraph\">Lehrkr\u00e4fte (G, HR, GY, BBS), Lehrkr\u00e4fte (Sonderp\u00e4dagogik), Therapeutinnen und Therapeuten, Beratungslehrkr\u00e4fte, Schulleitung, p\u00e4dagogische Mitarbeiterinnen und Mitarbeiter als Fachkr\u00e4fte f\u00fcr unterrichtsbegleitende T\u00e4tigkeiten oder als Fachkr\u00e4fte f\u00fcr au\u00dferunterrichtliche Angebote, Schulbegleitungen, Heilp\u00e4dagoginnen und -p\u00e4dagogen, Freiwilligendienstleistende, Schulsozialarbeiterinnen und -arbeiter, Lehrkr\u00e4fte \u2013 Deutsch als Zweitsprache, Erzieherinnen und Erzieher, Berufs- und REHA-Beraterinnen und -Berater der Bundesagentur f\u00fcr Arbeit etc.<\/p>\n\n\n\n<p class=\"wp-block-paragraph\">In der inklusiven Schule ergeben sich verschiedene Arbeitsschwerpunkte und damit einhergehend notwendige Handlungsstrategien, die von unterschiedlichen Fachkr\u00e4ften in gemeinsamer Verantwortung wahrgenommen werden, die dem <a href=\"https:\/\/schulischesinklusionskonzept.landkreis-aurich.de\/?page_id=690\">\u201e<strong>Handlungsleitfaden zur multiprofessionellen Zusammenarbeit an \u00f6ffentlichen Schulen<\/strong>\u201c<\/a> zu entnehmen sind. Kinder, Jugendliche und junge Erwachsene werden dabei als Akteure ihrer Entwicklung betrachtet, die sich aktiv mit Lerngegenst\u00e4nden (individuell) auseinandersetzen sowie zunehmend selbstst\u00e4ndig ihren eigenen Lern- und Entwicklungsprozess mitgestalten.<\/p>\n\n\n\n<div class=\"wp-block-columns buttonblock has-large-font-size is-layout-flex wp-container-core-columns-is-layout-8f761849 wp-block-columns-is-layout-flex\">\n<div class=\"wp-block-column is-layout-flow wp-block-column-is-layout-flow\">\n<div class=\"wp-block-buttons is-content-justification-center is-layout-flex wp-container-core-buttons-is-layout-fe48e5de wp-block-buttons-is-layout-flex\">\n<div class=\"wp-block-button has-custom-width wp-block-button__width-100 has-custom-font-size has-medium-font-size\"><a class=\"wp-block-button__link wp-element-button\" href=\"https:\/\/schulischesinklusionskonzept.landkreis-aurich.de\/?page_id=1327\" style=\"border-radius:0px\">Aufgabenschwerpunkte und Schnittstellen der Professionen innerhalb schulischer Abl\u00e4ufe<\/a><\/div>\n<\/div>\n<\/div>\n\n\n\n<div class=\"wp-block-column is-layout-flow wp-block-column-is-layout-flow\">\n<div class=\"wp-block-buttons has-custom-font-size has-medium-font-size is-content-justification-space-between is-layout-flex wp-container-core-buttons-is-layout-ec710c1b wp-block-buttons-is-layout-flex\">\n<div class=\"wp-block-button has-custom-width wp-block-button__width-100 has-custom-font-size\" style=\"font-size:19px\"><a class=\"wp-block-button__link wp-element-button\" href=\"https:\/\/schulischesinklusionskonzept.landkreis-aurich.de\/?page_id=1304\" style=\"border-radius:0px\">Diagnostische Prozesse<\/a><\/div>\n\n\n<\/div>\n<\/div>\n<\/div>\n\n\n\n<p class=\"wp-block-paragraph\"><\/p>\n\n\n\n<p class=\"wp-block-paragraph\"><\/p>\n","protected":false},"excerpt":{"rendered":"<p>In der inklusiven Schule ergeben sich verschiedene Arbeitsschwerpunkte und damit einhergehend notwendige Handlungsstrategien, die von unterschiedlichen Fachkr\u00e4ften in gemeinsamer Verantwortung wahrgenommen werden. Je nach Vorhaben k\u00f6nnen dabei in einer Schule folgende Professionen beispielhaft beteiligt sein: Lehrkr\u00e4fte (G, HR, GY, BBS), Lehrkr\u00e4fte (Sonderp\u00e4dagogik), Therapeutinnen und Therapeuten, Beratungslehrkr\u00e4fte, Schulleitung, p\u00e4dagogische Mitarbeiterinnen und Mitarbeiter als Fachkr\u00e4fte f\u00fcr unterrichtsbegleitende [&hellip;]<\/p>\n","protected":false},"author":3,"featured_media":0,"parent":0,"menu_order":0,"comment_status":"closed","ping_status":"closed","template":"","meta":{"_crdt_document":"","inline_featured_image":false,"material-hide-sections":[],"footnotes":""},"class_list":["post-1004","page","type-page","status-publish","hentry"],"_links":{"self":[{"href":"https:\/\/schulischesinklusionskonzept.landkreis-aurich.de\/index.php?rest_route=\/wp\/v2\/pages\/1004","targetHints":{"allow":["GET"]}}],"collection":[{"href":"https:\/\/schulischesinklusionskonzept.landkreis-aurich.de\/index.php?rest_route=\/wp\/v2\/pages"}],"about":[{"href":"https:\/\/schulischesinklusionskonzept.landkreis-aurich.de\/index.php?rest_route=\/wp\/v2\/types\/page"}],"author":[{"embeddable":true,"href":"https:\/\/schulischesinklusionskonzept.landkreis-aurich.de\/index.php?rest_route=\/wp\/v2\/users\/3"}],"replies":[{"embeddable":true,"href":"https:\/\/schulischesinklusionskonzept.landkreis-aurich.de\/index.php?rest_route=%2Fwp%2Fv2%2Fcomments&post=1004"}],"version-history":[{"count":11,"href":"https:\/\/schulischesinklusionskonzept.landkreis-aurich.de\/index.php?rest_route=\/wp\/v2\/pages\/1004\/revisions"}],"predecessor-version":[{"id":1330,"href":"https:\/\/schulischesinklusionskonzept.landkreis-aurich.de\/index.php?rest_route=\/wp\/v2\/pages\/1004\/revisions\/1330"}],"wp:attachment":[{"href":"https:\/\/schulischesinklusionskonzept.landkreis-aurich.de\/index.php?rest_route=%2Fwp%2Fv2%2Fmedia&parent=1004"}],"curies":[{"name":"wp","href":"https:\/\/api.w.org\/{rel}","templated":true}]}}