{"id":1304,"date":"2024-09-24T07:39:36","date_gmt":"2024-09-24T07:39:36","guid":{"rendered":"https:\/\/schulischesinklusionskonzept.landkreis-aurich.de\/?page_id=1304"},"modified":"2024-09-24T07:55:33","modified_gmt":"2024-09-24T07:55:33","slug":"diagnostik-2","status":"publish","type":"page","link":"https:\/\/schulischesinklusionskonzept.landkreis-aurich.de\/?page_id=1304","title":{"rendered":"P\u00e4dagogische Diagnostik"},"content":{"rendered":"\n<p class=\"wp-block-paragraph\">P\u00e4dagogische Diagnostik stellt die Grundlage f\u00fcr bedarfsgerechte und erfolgreiche individuelle F\u00f6rderprozesse dar und begleitet diese. Diagnostische Verfahren sind unverzichtbare Bestandteile von Beratungsprozessen (vgl. Erlass \u201eSchulinterne sonderp\u00e4dagogische Beratung an allgemeinen Schulen\u201c) sowie der schulischen Qualit\u00e4tsentwicklung. Sie sind in den Grundsatzerlassen der Schulformen (z. B. \u201eDie Arbeit in der Grundschule\u201c) verankert und f\u00fcr einen systematisch angelegten und langfristigen Aufbau von Kompetenzen notwendige Voraussetzung. Insbesondere f\u00fcr das Angebot differenzierter Lernzug\u00e4nge sind die Kenntnis der Ausgangslagen und der Lernst\u00e4nde der einzelnen Sch\u00fclerinnen und Sch\u00fcler sowie die Anbindung an die individuelle Lernbiographie entscheidend (vgl. \u201eOrientierungsrahmen Schulqualit\u00e4t\u201c S. 9).<\/p>\n\n\n\n<p class=\"wp-block-paragraph\">Diagnostische Verfahren werden entsprechend des angestrebten Erkenntnisgewinnes ausgew\u00e4hlt und eingesetzt. Zeitpunkt und F\u00f6rderung der Sch\u00fclerinnen und Sch\u00fcler spielen dabei eine wichtige Rolle. Sowohl informelle als auch standardisierte diagnostische Verfahren sind m\u00f6glich. Bei der Anwendung von standardisierten Verfahren muss das Verh\u00e4ltnis von Zeitaufwand und Aussagequalit\u00e4t bedacht werden. Die qualitative Auswertung von standardisierten Verfahren muss die Testdimensionen ber\u00fccksichtigen und nicht ausschlie\u00dflich die Prozentwerte bzw. -r\u00e4nge. Im Allgemeinen sind durch F\u00f6rderplanung, ILE und informelle Verfahren gewonnene Erkenntnisse aussagekr\u00e4ftig.<\/p>\n\n\n\n<p class=\"wp-block-paragraph\"><\/p>\n\n\n\n<p class=\"wp-block-paragraph\">Folgende Leits\u00e4tze zur Struktur-, Prozess- und Ergebnisqualit\u00e4t sollten beachtet werden:<\/p>\n\n\n\n<p class=\"wp-block-paragraph\">Leits\u00e4tze Strukturqualit\u00e4t:<\/p>\n\n\n\n<ul class=\"wp-block-list\">\n<li>Im F\u00f6rderkonzept (der Schule) ist verankert zu welchen Zeitpunkten und Anl\u00e4ssen Erhebungen der Lernausgangslage bzw. diagnostische Verfahren durchgef\u00fchrt werden.<\/li>\n\n\n\n<li>Der Zeitpunkt und Anlass f\u00fcr eine vertiefende bzw. sonderp\u00e4dagogische Diagnostik wird nach vereinbarten Kriterien vorgenommen.<\/li>\n<\/ul>\n\n\n\n<p class=\"wp-block-paragraph\">Leits\u00e4tze Prozessqualit\u00e4t:<\/p>\n\n\n\n<ul class=\"wp-block-list\">\n<li>Bei der Auswahl der Verfahren wird das Verh\u00e4ltnis von Zeitaufwand und Aussagequalit\u00e4t ber\u00fccksichtigt.<\/li>\n\n\n\n<li>Die Auswahl der Verfahren passt zum jeweiligen diagnostischen Anlass.<\/li>\n<\/ul>\n\n\n\n<p class=\"wp-block-paragraph\">Leitsatz Ergebnisqualit\u00e4t:<\/p>\n\n\n\n<ul class=\"wp-block-list\">\n<li>Die durch die Diagnostik gewonnenen Erkenntnisse werden in der F\u00f6rderung ber\u00fccksichtigt, evaluiert und ggf. angepasst.<\/li>\n<\/ul>\n\n\n\n<p class=\"wp-block-paragraph\"><a href=\"https:\/\/schulischesinklusionskonzept.landkreis-aurich.de\/?page_id=1006\">Strukturmodell lernprozessbegleitende Diagnostik<\/a><\/p>\n\n\n\n<p class=\"wp-block-paragraph\"><\/p>\n\n\n\n<p class=\"wp-block-paragraph\">Das Vorhalten eines geeigneten diagnostischen Inventars auch f\u00fcr versetzte F\u00f6rderschullehrkr\u00e4fte befindet sich momentan in der Erarbeitung und wird nach entsprechender Abstimmung hier abgelegt.<\/p>\n","protected":false},"excerpt":{"rendered":"<p>P\u00e4dagogische Diagnostik stellt die Grundlage f\u00fcr bedarfsgerechte und erfolgreiche individuelle F\u00f6rderprozesse dar und begleitet diese. Diagnostische Verfahren sind unverzichtbare Bestandteile von Beratungsprozessen (vgl. Erlass \u201eSchulinterne sonderp\u00e4dagogische Beratung an allgemeinen Schulen\u201c) sowie der schulischen Qualit\u00e4tsentwicklung. Sie sind in den Grundsatzerlassen der Schulformen (z. B. \u201eDie Arbeit in der Grundschule\u201c) verankert und f\u00fcr einen systematisch angelegten und [&hellip;]<\/p>\n","protected":false},"author":4,"featured_media":0,"parent":0,"menu_order":0,"comment_status":"closed","ping_status":"closed","template":"","meta":{"_crdt_document":"","inline_featured_image":false,"material-hide-sections":[],"footnotes":""},"class_list":["post-1304","page","type-page","status-publish","hentry"],"_links":{"self":[{"href":"https:\/\/schulischesinklusionskonzept.landkreis-aurich.de\/index.php?rest_route=\/wp\/v2\/pages\/1304","targetHints":{"allow":["GET"]}}],"collection":[{"href":"https:\/\/schulischesinklusionskonzept.landkreis-aurich.de\/index.php?rest_route=\/wp\/v2\/pages"}],"about":[{"href":"https:\/\/schulischesinklusionskonzept.landkreis-aurich.de\/index.php?rest_route=\/wp\/v2\/types\/page"}],"author":[{"embeddable":true,"href":"https:\/\/schulischesinklusionskonzept.landkreis-aurich.de\/index.php?rest_route=\/wp\/v2\/users\/4"}],"replies":[{"embeddable":true,"href":"https:\/\/schulischesinklusionskonzept.landkreis-aurich.de\/index.php?rest_route=%2Fwp%2Fv2%2Fcomments&post=1304"}],"version-history":[{"count":3,"href":"https:\/\/schulischesinklusionskonzept.landkreis-aurich.de\/index.php?rest_route=\/wp\/v2\/pages\/1304\/revisions"}],"predecessor-version":[{"id":1310,"href":"https:\/\/schulischesinklusionskonzept.landkreis-aurich.de\/index.php?rest_route=\/wp\/v2\/pages\/1304\/revisions\/1310"}],"wp:attachment":[{"href":"https:\/\/schulischesinklusionskonzept.landkreis-aurich.de\/index.php?rest_route=%2Fwp%2Fv2%2Fmedia&parent=1304"}],"curies":[{"name":"wp","href":"https:\/\/api.w.org\/{rel}","templated":true}]}}