{"id":1407,"date":"2025-01-24T12:42:27","date_gmt":"2025-01-24T12:42:27","guid":{"rendered":"https:\/\/schulischesinklusionskonzept.landkreis-aurich.de\/?page_id=1407"},"modified":"2025-02-05T09:07:53","modified_gmt":"2025-02-05T09:07:53","slug":"klassenraeume-und-fachraeume","status":"publish","type":"page","link":"https:\/\/schulischesinklusionskonzept.landkreis-aurich.de\/?page_id=1407","title":{"rendered":"Klassenr\u00e4ume und Fachr\u00e4ume"},"content":{"rendered":"\n<p class=\"wp-block-paragraph\">Jeder Klassen- und Fachraum muss f\u00fcr jede Person erreichbar sein. Der Zugang zu einigen Fachr\u00e4umen ist aus Gr\u00fcnden der Sicherheit erst nach Freigabe durch eine Lehrkraft m\u00f6glich. Kinder und Erwachsene mit Einschr\u00e4nkungen im k\u00f6rperlichen und motorischen Bereich und Sehen und H\u00f6ren ben\u00f6tigen aufgrund ihrer Bewegungseinschr\u00e4nkungen, aufgrund notwendiger Hilfsmittel wie z.B. einem Rollstuhl und aufgrund einer evtl. notwendigen Assistenzkraft erheblich mehr Platz in einem Klassenraum als eine Person ohne diese Beeintr\u00e4chtigung. Es m\u00fcssen breite, freie G\u00e4nge vorhanden sein. Mobiliar und Materialen wie z.B. Schultaschen d\u00fcrfen die Wege nicht versperren.<\/p>\n\n\n\n<figure class=\"wp-block-table\"><table class=\"has-fixed-layout\"><tbody><tr><td><strong>Bereich<\/strong><\/td><td><strong>Ma\u00dfnahmen k\u00f6rperliche und motorische Entwicklung (KM)<\/strong><\/td><td><strong>Ma\u00dfnahmen Sehen (SE)<\/strong><\/td><td><strong>Ma\u00dfnahmen H\u00f6ren (H\u00d6)<\/strong><\/td><\/tr><tr><td rowspan=\"8\">&nbsp; &nbsp; R\u00e4ume<\/td><td>gro\u00dfe, weitr\u00e4umige Klassen- und<br>Fachr\u00e4ume. Bisherige R\u00e4ume sind meistens zu eng.<\/td><td>klare Linien &#8211; visuelle Kontraste &nbsp; R\u00e4ume mit ausreichend Platz f\u00fcr gro\u00dfe Hilfsmittel &nbsp; frei zug\u00e4ngliche taktile Leitlinien, z.B. W\u00e4nde &nbsp;<\/td><td>&nbsp;<\/td><\/tr><tr><td>&nbsp;<\/td><td>Ausreichend gut zug\u00e4ngliche Stromanschlussm\u00f6glichkeiten an allen Pl\u00e4tzen &nbsp;<\/td><td>&nbsp;<\/td><\/tr><tr><td>Separater Sitzbereich f\u00fcr Schulbegleitung. Nicht direkt beim betreffenden Kind.<\/td><td>\u201erichtiger\u201c Sitzplatz f\u00fcr Schulbegleiter beim blinden Kind in greifbarer N\u00e4he, z.B. am Doppeltisch mit Kind; beim sehbehinderten Kind in Sichtweite und Fl\u00fcsterabstand<\/td><td>&nbsp;<\/td><\/tr><tr><td>an Klassen- und Fachr\u00e4ume angrenzende Nebenr\u00e4ume zur Differenzierung, Einzel- und Kleingruppenarbeit<\/td><td>Leicht erreichbare, an Klassen- und Fachr\u00e4ume angrenzende Nebenr\u00e4ume zur Differenzierung<\/td><td>&nbsp;<\/td><\/tr><tr><td>gut erreichbare R\u00e4ume f\u00fcr Pflege und Medikamentengabe\/ -einnahme mit Liege, Sofa, K\u00fchlschrank, Desinfektion, Decken, Verdunkelung<\/td><td>Schnell und einfach vom Klassenraum erreichbare Toiletten &nbsp; &nbsp; &nbsp; &nbsp;<\/td><td>&nbsp; &nbsp; &nbsp; &nbsp; &nbsp;<\/td><\/tr><tr><td>&nbsp;<\/td><td>&nbsp;<\/td><td>&nbsp;<\/td><\/tr><tr><td>Raum f\u00fcr erlaubten Abbau von Wut und Aggressionen (mit Boxsack, Matten, Musik, Schallisolierung)<\/td><td>&nbsp;<\/td><td>&nbsp;<\/td><\/tr><tr><td>bei epileptischen Erkrankungen: evtl. Farbvorgaben beachten, klare Linien &#8211; visuelle Kontraste<\/td><td>&nbsp;<\/td><td>&nbsp;<\/td><\/tr><tr><td rowspan=\"2\">Akustik &nbsp; &nbsp; &nbsp; &nbsp;<\/td><td>&nbsp;<\/td><td>Kein Hall oder Verst\u00e4rkung von Nebenger\u00e4uschen, um akustische Teilnahme am Unterricht zu verbessern<\/td><td>gute Akustik in R\u00e4umen Lind Fluren (an Decken und\/oder W\u00e4nden)<\/td><\/tr><tr><td>&nbsp; &nbsp;<\/td><td>&nbsp;<\/td><td>Akustik-Trennwand &nbsp;<\/td><\/tr><tr><td rowspan=\"5\">Licht<\/td><td>&nbsp;<\/td><td>dimmbare, blend- und reflexfreie, einzeln schaltbare Leuchten mit direkter und indirekter Lichtverteilung flackerfrei und vollst\u00e4ndig funktionsf\u00e4hig, keine Schattenw\u00fcrfe \u00a0 <br>ebenso Beleuchtung der Tafel \u00a0<\/td><td>&nbsp;<\/td><\/tr><tr><td>&nbsp;<\/td><td>Einhaltung der vorgegebenen Beleuchtungsst\u00e4rke 500- noch besser 1000 lx in Arbeitsr\u00e4umen &nbsp;<\/td><td>&nbsp;<\/td><\/tr><tr><td>&nbsp;<\/td><td>Lichtfarbe: wei\u00df (kalt oder neutral, nicht warm) einheitlich pro Raum) &nbsp;<\/td><td>&nbsp;<\/td><\/tr><tr><td>&nbsp;<\/td><td>Vermeidung von Blendung u. Reflexionen und gro\u00dfen Helligkeitsunterschieden der versch. Bereichen des Raums \u00a0<\/td><td>&nbsp;<\/td><\/tr><tr><td>&nbsp;<\/td><td>Rollos, Jalousien, die selbst bedienbar sind und nicht automatisch auf und zu gehen &nbsp;<\/td><td>&nbsp;<\/td><\/tr><tr><td rowspan=\"8\">Mobiliar, Ausstattung<\/td><td>h\u00f6henverstellbare und neigbare Tische, unterfahrbar Taschenk\u00e4sten vorhalten<\/td><td>h\u00f6henverstellbare und neigbare Tische mit Taschenkasten im Handtastraum<\/td><td>&nbsp;<\/td><\/tr><tr><td>h\u00f6henverstellbare St\u00fchle gff. mit<br>Wippmechanik ggf. mit Fu\u00dfst\u00fctze (Sekundarstufe) &nbsp; Grundschule: St\u00fchle zum Sitzen an gro\u00dfen Tischh\u00f6hen (gr\u00fcn\/blau) mit verstellbarer Fu\u00dfst\u00fctze (z.B. VS Level)<\/td><td>H\u00f6henverstellbare und drehbare, ggf. rollbare St\u00fchle, um sich geteilten und h\u00f6henunterschiedlichen Arbeitspl\u00e4tzen schnell und flie\u00dfend anzupassen<\/td><td>&nbsp;<\/td><\/tr><tr><td>Balance-Hocker oder Gymnastikb\u00e4lle<\/td><td>&nbsp;<\/td><td>&nbsp;<\/td><\/tr><tr><td>&nbsp;<\/td><td>&nbsp;<\/td><td>In-Trennschutz-W\u00e4nde &nbsp;<\/td><\/tr><tr><td>Regale mit Stehordnern f\u00fcr Mappen und B\u00fccher in Greifh\u00f6he mit ausreichend Platz<\/td><td>Regale mit Ablagek\u00f6rben f\u00fcr Mappen und B\u00fccher in Bauch- oder Brusth\u00f6he mit lockerer Bef\u00fcllung, um Titelseiten schnell zu sehen oder taktile Markierung zu ertasten<\/td><td>&nbsp;<\/td><\/tr><tr><td>klare Ordnungsstrukturen und geschlossene Fl\u00e4chen zur Entlastung der Wahrnehmung im prim\u00e4ren Sichtbereich<\/td><td>klare Ordnungsstrukturen und geschlossene Fl\u00e4chen ?? zur Entlastung der Wahrnehmung im prim\u00e4ren Sichtbereich &nbsp; Schiebet\u00fcren bei Schr\u00e4nken, damit sie nicht ge\u00f6ffnet als Gefahrenquelle in den Raum stehen &nbsp;<\/td><td>klare Ordnungsstrukturen und geschlossene Fl\u00e4chen zur Entlastung der Wahrnehmung<\/td><\/tr><tr><td>&nbsp;<\/td><td>Nahe am Platz ausreichend verf\u00fcgbarer, sicherer (ggf. abschlie\u00dfbarer) Stauraum f\u00fcr besondere Arbeitsmaterialien und Hilfsmitteln<\/td><td>&nbsp;<\/td><\/tr><tr><td>&nbsp;<\/td><td>&nbsp;<\/td><td>akustisch wirksame Schr\u00e4nke (gelochte Fronten) und Tisch (Fl\u00fcstertische, Schallabsorber an der Unterseite)<\/td><\/tr><tr><td>&nbsp;<\/td><td>Sofa, Sitzsack, Matten (Brandschutz und Hygiene beachten)<\/td><td>&nbsp;<\/td><td>&nbsp;<\/td><\/tr><tr><td rowspan=\"3\">Zubeh\u00f6r<\/td><td>Balance-Sitzkissen<\/td><td>&nbsp; &nbsp;<\/td><td>Geh\u00f6rschutz &nbsp;<\/td><\/tr><tr><td>Time Timer<\/td><td>Time Timer mit akustischem Signal &nbsp;<\/td><td>Time Timer<\/td><\/tr><tr><td>&nbsp;<\/td><td>&nbsp;<\/td><td>&nbsp;<\/td><\/tr><\/tbody><\/table><\/figure>\n\n\n\n<p class=\"wp-block-paragraph\">Mobiliar und Ausstattung sind als Einzelfallma\u00dfnahmen zu betrachten. Individuelle Sitzm\u00f6glichkeiten sollten vorgehalten werden.<\/p>\n\n\n\n<p class=\"wp-block-paragraph\"><\/p>\n","protected":false},"excerpt":{"rendered":"<p>Jeder Klassen- und Fachraum muss f\u00fcr jede Person erreichbar sein. Der Zugang zu einigen Fachr\u00e4umen ist aus Gr\u00fcnden der Sicherheit erst nach Freigabe durch eine Lehrkraft m\u00f6glich. Kinder und Erwachsene mit Einschr\u00e4nkungen im k\u00f6rperlichen und motorischen Bereich und Sehen und H\u00f6ren ben\u00f6tigen aufgrund ihrer Bewegungseinschr\u00e4nkungen, aufgrund notwendiger Hilfsmittel wie z.B. einem Rollstuhl und aufgrund einer [&hellip;]<\/p>\n","protected":false},"author":4,"featured_media":0,"parent":0,"menu_order":0,"comment_status":"closed","ping_status":"closed","template":"","meta":{"_crdt_document":"","inline_featured_image":false,"material-hide-sections":[],"footnotes":""},"class_list":["post-1407","page","type-page","status-publish","hentry"],"_links":{"self":[{"href":"https:\/\/schulischesinklusionskonzept.landkreis-aurich.de\/index.php?rest_route=\/wp\/v2\/pages\/1407","targetHints":{"allow":["GET"]}}],"collection":[{"href":"https:\/\/schulischesinklusionskonzept.landkreis-aurich.de\/index.php?rest_route=\/wp\/v2\/pages"}],"about":[{"href":"https:\/\/schulischesinklusionskonzept.landkreis-aurich.de\/index.php?rest_route=\/wp\/v2\/types\/page"}],"author":[{"embeddable":true,"href":"https:\/\/schulischesinklusionskonzept.landkreis-aurich.de\/index.php?rest_route=\/wp\/v2\/users\/4"}],"replies":[{"embeddable":true,"href":"https:\/\/schulischesinklusionskonzept.landkreis-aurich.de\/index.php?rest_route=%2Fwp%2Fv2%2Fcomments&post=1407"}],"version-history":[{"count":3,"href":"https:\/\/schulischesinklusionskonzept.landkreis-aurich.de\/index.php?rest_route=\/wp\/v2\/pages\/1407\/revisions"}],"predecessor-version":[{"id":1462,"href":"https:\/\/schulischesinklusionskonzept.landkreis-aurich.de\/index.php?rest_route=\/wp\/v2\/pages\/1407\/revisions\/1462"}],"wp:attachment":[{"href":"https:\/\/schulischesinklusionskonzept.landkreis-aurich.de\/index.php?rest_route=%2Fwp%2Fv2%2Fmedia&parent=1407"}],"curies":[{"name":"wp","href":"https:\/\/api.w.org\/{rel}","templated":true}]}}