{"id":1412,"date":"2025-01-24T12:46:14","date_gmt":"2025-01-24T12:46:14","guid":{"rendered":"https:\/\/schulischesinklusionskonzept.landkreis-aurich.de\/?page_id=1412"},"modified":"2025-01-24T12:46:14","modified_gmt":"2025-01-24T12:46:14","slug":"treppen-aufzuege","status":"publish","type":"page","link":"https:\/\/schulischesinklusionskonzept.landkreis-aurich.de\/?page_id=1412","title":{"rendered":"Treppen \/ Aufz\u00fcge"},"content":{"rendered":"\n<p class=\"wp-block-paragraph\">Im Sinne des Anspruchs der selbstst\u00e4ndigen Nutzung sind nur mittels spezieller Schl\u00fcssel zug\u00e4ngliche Fahrst\u00fchle nicht zielf\u00fchrend. Die Angewiesenheit auf die Bereitstellung der Schl\u00fcssel und deren motorisch anspruchsvolle Handhabung stehen dem Grundgedanken der Barrierefreiheit entgegen. Transponderl\u00f6sungen k\u00f6nnen zumindest letztere Problematik beheben. Grunds\u00e4tzlich sollte jedoch niedrigschwellige, unkomplizierte Zugangsregelungen gefunden werden.<\/p>\n\n\n\n<p class=\"wp-block-paragraph\">Wenn bauliche Gegebenheiten dem Einbau von Aufz\u00fcgen entgegenstehen, sollten andere pragmatische L\u00f6sungen erwogen werden.<\/p>\n\n\n\n<p class=\"wp-block-paragraph\">Aufz\u00fcge sollten bestenfalls eine Gr\u00f6\u00dfe aufweisen, die den Transport einer Person auf einer Trage des Rettungsdienstes erm\u00f6glicht. Aufz\u00fcge m\u00fcssen mindestens so gro\u00df sein, dass ein Elektrorollstuhl und eine Begleitperson hineinpassen.<\/p>\n\n\n\n<p class=\"wp-block-paragraph\"><\/p>\n","protected":false},"excerpt":{"rendered":"<p>Im Sinne des Anspruchs der selbstst\u00e4ndigen Nutzung sind nur mittels spezieller Schl\u00fcssel zug\u00e4ngliche Fahrst\u00fchle nicht zielf\u00fchrend. Die Angewiesenheit auf die Bereitstellung der Schl\u00fcssel und deren motorisch anspruchsvolle Handhabung stehen dem Grundgedanken der Barrierefreiheit entgegen. Transponderl\u00f6sungen k\u00f6nnen zumindest letztere Problematik beheben. Grunds\u00e4tzlich sollte jedoch niedrigschwellige, unkomplizierte Zugangsregelungen gefunden werden. Wenn bauliche Gegebenheiten dem Einbau von Aufz\u00fcgen [&hellip;]<\/p>\n","protected":false},"author":4,"featured_media":0,"parent":0,"menu_order":0,"comment_status":"closed","ping_status":"closed","template":"","meta":{"_crdt_document":"","inline_featured_image":false,"material-hide-sections":[],"footnotes":""},"class_list":["post-1412","page","type-page","status-publish","hentry"],"_links":{"self":[{"href":"https:\/\/schulischesinklusionskonzept.landkreis-aurich.de\/index.php?rest_route=\/wp\/v2\/pages\/1412","targetHints":{"allow":["GET"]}}],"collection":[{"href":"https:\/\/schulischesinklusionskonzept.landkreis-aurich.de\/index.php?rest_route=\/wp\/v2\/pages"}],"about":[{"href":"https:\/\/schulischesinklusionskonzept.landkreis-aurich.de\/index.php?rest_route=\/wp\/v2\/types\/page"}],"author":[{"embeddable":true,"href":"https:\/\/schulischesinklusionskonzept.landkreis-aurich.de\/index.php?rest_route=\/wp\/v2\/users\/4"}],"replies":[{"embeddable":true,"href":"https:\/\/schulischesinklusionskonzept.landkreis-aurich.de\/index.php?rest_route=%2Fwp%2Fv2%2Fcomments&post=1412"}],"version-history":[{"count":1,"href":"https:\/\/schulischesinklusionskonzept.landkreis-aurich.de\/index.php?rest_route=\/wp\/v2\/pages\/1412\/revisions"}],"predecessor-version":[{"id":1413,"href":"https:\/\/schulischesinklusionskonzept.landkreis-aurich.de\/index.php?rest_route=\/wp\/v2\/pages\/1412\/revisions\/1413"}],"wp:attachment":[{"href":"https:\/\/schulischesinklusionskonzept.landkreis-aurich.de\/index.php?rest_route=%2Fwp%2Fv2%2Fmedia&parent=1412"}],"curies":[{"name":"wp","href":"https:\/\/api.w.org\/{rel}","templated":true}]}}