{"id":1420,"date":"2025-01-24T12:47:08","date_gmt":"2025-01-24T12:47:08","guid":{"rendered":"https:\/\/schulischesinklusionskonzept.landkreis-aurich.de\/?page_id=1420"},"modified":"2025-01-24T12:47:08","modified_gmt":"2025-01-24T12:47:08","slug":"verwaltung","status":"publish","type":"page","link":"https:\/\/schulischesinklusionskonzept.landkreis-aurich.de\/?page_id=1420","title":{"rendered":"Verwaltung"},"content":{"rendered":"\n<p class=\"wp-block-paragraph\">Neben den Ma\u00dfnahmen f\u00fcr einen \u201eleidensgerechten Arbeitsplatz&#8220; im Sekretariat f\u00fcr die Besch\u00e4ftigten k\u00f6nnen \u00fcber bauliche Ma\u00dfnahmen f\u00fcr die Nutzerinnen und Nutzer des Sekretariats wichtige Schritte zur Barrierefreiheit umgesetzt werden.<\/p>\n\n\n\n<p class=\"wp-block-paragraph\">Es geht auch in diesem Bereich um die M\u00f6glichkeit der selbstst\u00e4ndigen Nutzung der Schuleinrichtungen.<\/p>\n\n\n\n<figure class=\"wp-block-table\"><table class=\"has-fixed-layout\"><tbody><tr><td><a><strong>Bereich<\/strong><\/a><\/td><td><strong>Ma\u00dfnahmen k\u00f6rperliche und motorische Entwicklung (KM)<\/strong><\/td><td><strong>Ma\u00dfnahmen Sehen (SE)<\/strong><\/td><td><strong>Ma\u00dfnahmen H\u00f6ren (H\u00d6)<\/strong><\/td><\/tr><tr><td>Empfangstheke<\/td><td>unterfahrbarer Empfangstisch mit verschiedenen H\u00f6hen mit M\u00f6glichkeit des Sichtkontakts f\u00fcr alle Sch\u00fclerinnen &nbsp;<\/td><td>Wichtige Informationen auch in Punkt- und Gro\u00dfschrift, f\u00fcr den Fall, dass Theke nicht besetzt ist<\/td><td>&nbsp;<\/td><\/tr><\/tbody><\/table><\/figure>\n","protected":false},"excerpt":{"rendered":"<p>Neben den Ma\u00dfnahmen f\u00fcr einen \u201eleidensgerechten Arbeitsplatz&#8220; im Sekretariat f\u00fcr die Besch\u00e4ftigten k\u00f6nnen \u00fcber bauliche Ma\u00dfnahmen f\u00fcr die Nutzerinnen und Nutzer des Sekretariats wichtige Schritte zur Barrierefreiheit umgesetzt werden. Es geht auch in diesem Bereich um die M\u00f6glichkeit der selbstst\u00e4ndigen Nutzung der Schuleinrichtungen. Bereich Ma\u00dfnahmen k\u00f6rperliche und motorische Entwicklung (KM) Ma\u00dfnahmen Sehen (SE) Ma\u00dfnahmen H\u00f6ren [&hellip;]<\/p>\n","protected":false},"author":4,"featured_media":0,"parent":0,"menu_order":0,"comment_status":"closed","ping_status":"closed","template":"","meta":{"_crdt_document":"","inline_featured_image":false,"material-hide-sections":[],"footnotes":""},"class_list":["post-1420","page","type-page","status-publish","hentry"],"_links":{"self":[{"href":"https:\/\/schulischesinklusionskonzept.landkreis-aurich.de\/index.php?rest_route=\/wp\/v2\/pages\/1420","targetHints":{"allow":["GET"]}}],"collection":[{"href":"https:\/\/schulischesinklusionskonzept.landkreis-aurich.de\/index.php?rest_route=\/wp\/v2\/pages"}],"about":[{"href":"https:\/\/schulischesinklusionskonzept.landkreis-aurich.de\/index.php?rest_route=\/wp\/v2\/types\/page"}],"author":[{"embeddable":true,"href":"https:\/\/schulischesinklusionskonzept.landkreis-aurich.de\/index.php?rest_route=\/wp\/v2\/users\/4"}],"replies":[{"embeddable":true,"href":"https:\/\/schulischesinklusionskonzept.landkreis-aurich.de\/index.php?rest_route=%2Fwp%2Fv2%2Fcomments&post=1420"}],"version-history":[{"count":1,"href":"https:\/\/schulischesinklusionskonzept.landkreis-aurich.de\/index.php?rest_route=\/wp\/v2\/pages\/1420\/revisions"}],"predecessor-version":[{"id":1421,"href":"https:\/\/schulischesinklusionskonzept.landkreis-aurich.de\/index.php?rest_route=\/wp\/v2\/pages\/1420\/revisions\/1421"}],"wp:attachment":[{"href":"https:\/\/schulischesinklusionskonzept.landkreis-aurich.de\/index.php?rest_route=%2Fwp%2Fv2%2Fmedia&parent=1420"}],"curies":[{"name":"wp","href":"https:\/\/api.w.org\/{rel}","templated":true}]}}