{"id":1423,"date":"2025-01-24T12:41:30","date_gmt":"2025-01-24T12:41:30","guid":{"rendered":"https:\/\/schulischesinklusionskonzept.landkreis-aurich.de\/?page_id=1423"},"modified":"2025-02-05T09:14:53","modified_gmt":"2025-02-05T09:14:53","slug":"haupteingang","status":"publish","type":"page","link":"https:\/\/schulischesinklusionskonzept.landkreis-aurich.de\/?page_id=1423","title":{"rendered":"Haupteingang"},"content":{"rendered":"\n<p class=\"wp-block-paragraph\">Der Haupteingang ist das Aush\u00e4ngeschild und der erste Kontakt zur Schule. Hier k\u00f6nnen durch bauliche und organisatorische Ma\u00dfnahmen die ersten Wege in die Schule barrierefrei gestaltet werden.<\/p>\n\n\n\n<figure class=\"wp-block-table\"><table class=\"has-fixed-layout\"><tbody><tr><td><a><strong>Bereich<\/strong><\/a><\/td><td><strong>Ma\u00dfnahmen k\u00f6rperliche und motorische Entwicklung (KM)<\/strong><\/td><td><strong>Ma\u00dfnahmen Sehen (SE)<\/strong><\/td><td><strong>Ma\u00dfnahmen H\u00f6ren (H\u00d6)<\/strong><\/td><\/tr><tr><td rowspan=\"2\">Haupteingang<\/td><td>Wenn der Haupteingang nicht ebenerdig ist, muss die barrierefreie Erreichbarkeit gew\u00e4hrleistet werden.<\/td><td>Taktile Zeichen<\/td><td>&nbsp;<\/td><\/tr><tr><td>barrierefreie Gestaltung (baulich und organisatorisch der Wegeverbindungen im Bereich des Haupteingangs)(Brandschutz ber\u00fccksichtigen!)<\/td><td>Leitsystem, das nicht mit Hindernissen verstellt werden darf<\/td><td>&nbsp;<\/td><\/tr><\/tbody><\/table><\/figure>\n","protected":false},"excerpt":{"rendered":"<p>Der Haupteingang ist das Aush\u00e4ngeschild und der erste Kontakt zur Schule. Hier k\u00f6nnen durch bauliche und organisatorische Ma\u00dfnahmen die ersten Wege in die Schule barrierefrei gestaltet werden. Bereich Ma\u00dfnahmen k\u00f6rperliche und motorische Entwicklung (KM) Ma\u00dfnahmen Sehen (SE) Ma\u00dfnahmen H\u00f6ren (H\u00d6) Haupteingang Wenn der Haupteingang nicht ebenerdig ist, muss die barrierefreie Erreichbarkeit gew\u00e4hrleistet werden. Taktile Zeichen [&hellip;]<\/p>\n","protected":false},"author":4,"featured_media":0,"parent":0,"menu_order":0,"comment_status":"closed","ping_status":"closed","template":"","meta":{"_crdt_document":"","inline_featured_image":false,"material-hide-sections":[],"footnotes":""},"class_list":["post-1423","page","type-page","status-publish","hentry"],"_links":{"self":[{"href":"https:\/\/schulischesinklusionskonzept.landkreis-aurich.de\/index.php?rest_route=\/wp\/v2\/pages\/1423","targetHints":{"allow":["GET"]}}],"collection":[{"href":"https:\/\/schulischesinklusionskonzept.landkreis-aurich.de\/index.php?rest_route=\/wp\/v2\/pages"}],"about":[{"href":"https:\/\/schulischesinklusionskonzept.landkreis-aurich.de\/index.php?rest_route=\/wp\/v2\/types\/page"}],"author":[{"embeddable":true,"href":"https:\/\/schulischesinklusionskonzept.landkreis-aurich.de\/index.php?rest_route=\/wp\/v2\/users\/4"}],"replies":[{"embeddable":true,"href":"https:\/\/schulischesinklusionskonzept.landkreis-aurich.de\/index.php?rest_route=%2Fwp%2Fv2%2Fcomments&post=1423"}],"version-history":[{"count":2,"href":"https:\/\/schulischesinklusionskonzept.landkreis-aurich.de\/index.php?rest_route=\/wp\/v2\/pages\/1423\/revisions"}],"predecessor-version":[{"id":1465,"href":"https:\/\/schulischesinklusionskonzept.landkreis-aurich.de\/index.php?rest_route=\/wp\/v2\/pages\/1423\/revisions\/1465"}],"wp:attachment":[{"href":"https:\/\/schulischesinklusionskonzept.landkreis-aurich.de\/index.php?rest_route=%2Fwp%2Fv2%2Fmedia&parent=1423"}],"curies":[{"name":"wp","href":"https:\/\/api.w.org\/{rel}","templated":true}]}}