{"id":1429,"date":"2025-01-24T12:47:34","date_gmt":"2025-01-24T12:47:34","guid":{"rendered":"https:\/\/schulischesinklusionskonzept.landkreis-aurich.de\/?page_id=1429"},"modified":"2025-02-05T09:18:54","modified_gmt":"2025-02-05T09:18:54","slug":"veranstaltungsraeume","status":"publish","type":"page","link":"https:\/\/schulischesinklusionskonzept.landkreis-aurich.de\/?page_id=1429","title":{"rendered":"Veranstaltungsr\u00e4ume"},"content":{"rendered":"\n<p class=\"wp-block-paragraph\">R\u00e4ume, in denen Veranstaltungen der Schule stattfinden oder stattfinden sollen, sollten mit besonderer Sorgfalt betrachtet und gestaltet werden. Hier spielen viele Faktoren f\u00fcr eine barrierefreie und sichere Gestaltung eine Rolle.<\/p>\n\n\n\n<p class=\"wp-block-paragraph\">Eine wichtige und grundlegende Frage f\u00fcr Schule und Schultr\u00e4ger ist der <strong>Genehmigungsstatus der\/des Veranstaltungsr\u00e4ume\/-raums.<\/strong><\/p>\n\n\n\n<p class=\"wp-block-paragraph\">Handelt es sich bei den R\u00e4umlichkeiten um eine <strong>genehmigte Versammlungsst\u00e4tte, <\/strong>sind in der Regel viele Aspekte der Sicherheit bereits ber\u00fccksichtigt und eingeplant (Fluchtwege, Fluchtwegebreiten, Bestuhlungspl\u00e4ne, Personenanzahl, ggf. weitere Vorgaben und Ma\u00dfnahmen f\u00fcr die Umsetzung von Veranstaltungen).<\/p>\n\n\n\n<p class=\"wp-block-paragraph\">Handelt es sich bei den R\u00e4umlichkeiten <strong>nicht um eine genehmigte Versammlungsst\u00e4tte <\/strong>m\u00fcssen die geplanten Veranstaltungen <strong>(Nutzungs\u00e4nderung) <\/strong>bei der zust\u00e4ndigen Bauordnungsbeh\u00f6rde beantragt werden. Auch die Vorgaben der Unfallversicherungstr\u00e4ger sind immer bei Veranstaltungen zu ber\u00fccksichtigen. Auf jeden Fall sollte vor jeder Veranstaltung eine <strong>Gef\u00e4hrdungsbeurteilung <\/strong>erstellt werden oder vorhandene Grundlagen genutzt und an die jeweilige Veranstaltung angepasst werden (soweit notwendig).<\/p>\n","protected":false},"excerpt":{"rendered":"<p>R\u00e4ume, in denen Veranstaltungen der Schule stattfinden oder stattfinden sollen, sollten mit besonderer Sorgfalt betrachtet und gestaltet werden. Hier spielen viele Faktoren f\u00fcr eine barrierefreie und sichere Gestaltung eine Rolle. Eine wichtige und grundlegende Frage f\u00fcr Schule und Schultr\u00e4ger ist der Genehmigungsstatus der\/des Veranstaltungsr\u00e4ume\/-raums. Handelt es sich bei den R\u00e4umlichkeiten um eine genehmigte Versammlungsst\u00e4tte, sind [&hellip;]<\/p>\n","protected":false},"author":4,"featured_media":0,"parent":0,"menu_order":0,"comment_status":"closed","ping_status":"closed","template":"","meta":{"_crdt_document":"","inline_featured_image":false,"material-hide-sections":[],"footnotes":""},"class_list":["post-1429","page","type-page","status-publish","hentry"],"_links":{"self":[{"href":"https:\/\/schulischesinklusionskonzept.landkreis-aurich.de\/index.php?rest_route=\/wp\/v2\/pages\/1429","targetHints":{"allow":["GET"]}}],"collection":[{"href":"https:\/\/schulischesinklusionskonzept.landkreis-aurich.de\/index.php?rest_route=\/wp\/v2\/pages"}],"about":[{"href":"https:\/\/schulischesinklusionskonzept.landkreis-aurich.de\/index.php?rest_route=\/wp\/v2\/types\/page"}],"author":[{"embeddable":true,"href":"https:\/\/schulischesinklusionskonzept.landkreis-aurich.de\/index.php?rest_route=\/wp\/v2\/users\/4"}],"replies":[{"embeddable":true,"href":"https:\/\/schulischesinklusionskonzept.landkreis-aurich.de\/index.php?rest_route=%2Fwp%2Fv2%2Fcomments&post=1429"}],"version-history":[{"count":3,"href":"https:\/\/schulischesinklusionskonzept.landkreis-aurich.de\/index.php?rest_route=\/wp\/v2\/pages\/1429\/revisions"}],"predecessor-version":[{"id":1469,"href":"https:\/\/schulischesinklusionskonzept.landkreis-aurich.de\/index.php?rest_route=\/wp\/v2\/pages\/1429\/revisions\/1469"}],"wp:attachment":[{"href":"https:\/\/schulischesinklusionskonzept.landkreis-aurich.de\/index.php?rest_route=%2Fwp%2Fv2%2Fmedia&parent=1429"}],"curies":[{"name":"wp","href":"https:\/\/api.w.org\/{rel}","templated":true}]}}