{"id":1432,"date":"2025-01-24T12:44:57","date_gmt":"2025-01-24T12:44:57","guid":{"rendered":"https:\/\/schulischesinklusionskonzept.landkreis-aurich.de\/?page_id=1432"},"modified":"2025-01-24T12:44:57","modified_gmt":"2025-01-24T12:44:57","slug":"schulhof","status":"publish","type":"page","link":"https:\/\/schulischesinklusionskonzept.landkreis-aurich.de\/?page_id=1432","title":{"rendered":"Schulhof"},"content":{"rendered":"\n<figure class=\"wp-block-table\"><table class=\"has-fixed-layout\"><tbody><tr><td><strong>Bereich<\/strong><\/td><td><strong>Ma\u00dfnahmen k\u00f6rperliche und motorische Entwicklung (KM)<\/strong><\/td><td><strong>Ma\u00dfnahmen Sehen (SE)<\/strong><\/td><td><strong>Ma\u00dfnahmen H\u00f6ren (H\u00d6)<\/strong><\/td><\/tr><tr><td>Boden<\/td><td>ebener Untergrund ohne Stolperfallen, wo m\u00f6glich \u2014 Fallschutzmatten usw.<\/td><td>Durchgehendes kontrastreiches und taktiles Leitsystem zur selbstst\u00e4ndigen Fortbewegung, z.B. mit erh\u00f6hten Wegesr\u00e4ndern<\/td><td>&nbsp;<\/td><\/tr><tr><td rowspan=\"4\">Gestaltung<\/td><td>B\u00e4ume, Str\u00e4ucher als Schattenspender, Sonnensegel<\/td><td>B\u00e4ume, Str\u00e4ucher als Schattenspender, Sonnensegel &nbsp;<\/td><td>&nbsp;<\/td><\/tr><tr><td>Sitzm\u00f6glichkeiten (B\u00e4nke, Steine)<\/td><td>Kontrastreich angestrichene B\u00e4nke &nbsp; B\u00e4nke ohne gro\u00dfe Ritzen, um Langstock ablegen zu k\u00f6nnen &nbsp;<\/td><td>&nbsp;<\/td><\/tr><tr><td>R\u00fcckzugsorte (H\u00f6hlen, Tunnel, Nischen, B\u00fcsche, H\u00fctten, Zelte)<\/td><td>Gut auffindbare Eing\u00e4nge zu R\u00fcckzugsorten &nbsp;<\/td><td>&nbsp;<\/td><\/tr><tr><td>Kletterger\u00fcste, Fahrzeuge, Sandkiste, Netzschaukel, H\u00fcpfspiele &nbsp; Grundschule: Sandspieltische, auch f\u00fcr Rollstuhlfahrer nutzbar<\/td><td>Abgegrenztes Spielfeld, wo der Ball nicht hinausfliegen kann; nicht zu weitl\u00e4ufiges Spielfeld &nbsp; Kontrastreich markierte und \/ oder mit auditiven Elementen best\u00fcckte Spielger\u00e4te &nbsp;<\/td><td>&nbsp;<\/td><\/tr><tr><td>&nbsp;<\/td><td>&nbsp;<\/td><td>Untergliederung des Hofes in Zonen, die gut zu finden sind &nbsp;<\/td><td>&nbsp;<\/td><\/tr><\/tbody><\/table><\/figure>\n\n\n\n<p class=\"wp-block-paragraph\">Garderobe (auch in Sporthalle) farbig markiert, taktile Unterscheidung der Haken, Ablagef\u00e4cher f\u00fcr Schuhe etc.<\/p>\n\n\n\n<p class=\"wp-block-paragraph\">Sitzm\u00f6glichkeit an der Garderobe,<\/p>\n\n\n\n<p class=\"wp-block-paragraph\">Aush\u00e4nge \/ Infobildschirm \/ Vertretungspl\u00e4ne gro\u00df genug \/ ausreichend beleuchtet und auch online verf\u00fcgbar,<\/p>\n\n\n\n<p class=\"wp-block-paragraph\">Sporthalle mit kontrastreichen Markierungen, ausreichender blend- und flackerfreier Beleuchtung, speziellen Sportmaterialien<\/p>\n\n\n\n<p class=\"wp-block-paragraph\"><\/p>\n","protected":false},"excerpt":{"rendered":"<p>Bereich Ma\u00dfnahmen k\u00f6rperliche und motorische Entwicklung (KM) Ma\u00dfnahmen Sehen (SE) Ma\u00dfnahmen H\u00f6ren (H\u00d6) Boden ebener Untergrund ohne Stolperfallen, wo m\u00f6glich \u2014 Fallschutzmatten usw. Durchgehendes kontrastreiches und taktiles Leitsystem zur selbstst\u00e4ndigen Fortbewegung, z.B. mit erh\u00f6hten Wegesr\u00e4ndern &nbsp; Gestaltung B\u00e4ume, Str\u00e4ucher als Schattenspender, Sonnensegel B\u00e4ume, Str\u00e4ucher als Schattenspender, Sonnensegel &nbsp; &nbsp; Sitzm\u00f6glichkeiten (B\u00e4nke, Steine) Kontrastreich angestrichene B\u00e4nke [&hellip;]<\/p>\n","protected":false},"author":4,"featured_media":0,"parent":0,"menu_order":0,"comment_status":"closed","ping_status":"closed","template":"","meta":{"_crdt_document":"","inline_featured_image":false,"material-hide-sections":[],"footnotes":""},"class_list":["post-1432","page","type-page","status-publish","hentry"],"_links":{"self":[{"href":"https:\/\/schulischesinklusionskonzept.landkreis-aurich.de\/index.php?rest_route=\/wp\/v2\/pages\/1432","targetHints":{"allow":["GET"]}}],"collection":[{"href":"https:\/\/schulischesinklusionskonzept.landkreis-aurich.de\/index.php?rest_route=\/wp\/v2\/pages"}],"about":[{"href":"https:\/\/schulischesinklusionskonzept.landkreis-aurich.de\/index.php?rest_route=\/wp\/v2\/types\/page"}],"author":[{"embeddable":true,"href":"https:\/\/schulischesinklusionskonzept.landkreis-aurich.de\/index.php?rest_route=\/wp\/v2\/users\/4"}],"replies":[{"embeddable":true,"href":"https:\/\/schulischesinklusionskonzept.landkreis-aurich.de\/index.php?rest_route=%2Fwp%2Fv2%2Fcomments&post=1432"}],"version-history":[{"count":1,"href":"https:\/\/schulischesinklusionskonzept.landkreis-aurich.de\/index.php?rest_route=\/wp\/v2\/pages\/1432\/revisions"}],"predecessor-version":[{"id":1433,"href":"https:\/\/schulischesinklusionskonzept.landkreis-aurich.de\/index.php?rest_route=\/wp\/v2\/pages\/1432\/revisions\/1433"}],"wp:attachment":[{"href":"https:\/\/schulischesinklusionskonzept.landkreis-aurich.de\/index.php?rest_route=%2Fwp%2Fv2%2Fmedia&parent=1432"}],"curies":[{"name":"wp","href":"https:\/\/api.w.org\/{rel}","templated":true}]}}