{"id":1438,"date":"2025-01-24T12:46:42","date_gmt":"2025-01-24T12:46:42","guid":{"rendered":"https:\/\/schulischesinklusionskonzept.landkreis-aurich.de\/?page_id=1438"},"modified":"2025-01-24T12:46:42","modified_gmt":"2025-01-24T12:46:42","slug":"weitere-informationsquellen","status":"publish","type":"page","link":"https:\/\/schulischesinklusionskonzept.landkreis-aurich.de\/?page_id=1438","title":{"rendered":"Weitere Informationsquellen"},"content":{"rendered":"\n<p class=\"wp-block-paragraph\">Nieders\u00e4chsische Bauordnung sowie die Durchf\u00fchrungsverordnung<\/p>\n\n\n\n<p class=\"wp-block-paragraph\">Arbeitsschutzgesetz<\/p>\n\n\n\n<p class=\"wp-block-paragraph\">Arbeitsst\u00e4ttenverordnung sowie die nachfolgenden Arbeitsst\u00e4ttenregeln insbesondere<\/p>\n\n\n\n<p class=\"wp-block-paragraph\">Arbeitsst\u00e4ttenregel (ASR) V3a.2 Barrierefreie Gestaltung von Arbeitspl\u00e4tzen<\/p>\n\n\n\n<p class=\"wp-block-paragraph\">DGUV V 81 Schulen<\/p>\n\n\n\n<p class=\"wp-block-paragraph\">Branchenregel Schulen<\/p>\n\n\n\n<p class=\"wp-block-paragraph\">Versammlungsst\u00e4ttenverordnung<\/p>\n\n\n\n<p class=\"wp-block-paragraph\">DGUV V 18 Veranstaltungs- und Produktionsst\u00e4tten f\u00fcr szenische Darstellung und weitere Vorgaben der Unfallkassen<\/p>\n\n\n\n<p class=\"wp-block-paragraph\">DIN 18040-1<\/p>\n\n\n\n<p class=\"wp-block-paragraph\"><a href=\"http:\/\/www.sichere-schule.de\">www.sichere-schule.de<\/a><\/p>\n","protected":false},"excerpt":{"rendered":"<p>Nieders\u00e4chsische Bauordnung sowie die Durchf\u00fchrungsverordnung Arbeitsschutzgesetz Arbeitsst\u00e4ttenverordnung sowie die nachfolgenden Arbeitsst\u00e4ttenregeln insbesondere Arbeitsst\u00e4ttenregel (ASR) V3a.2 Barrierefreie Gestaltung von Arbeitspl\u00e4tzen DGUV V 81 Schulen Branchenregel Schulen Versammlungsst\u00e4ttenverordnung DGUV V 18 Veranstaltungs- und Produktionsst\u00e4tten f\u00fcr szenische Darstellung und weitere Vorgaben der Unfallkassen DIN 18040-1 www.sichere-schule.de<\/p>\n","protected":false},"author":4,"featured_media":0,"parent":0,"menu_order":0,"comment_status":"closed","ping_status":"closed","template":"","meta":{"_crdt_document":"","inline_featured_image":false,"material-hide-sections":[],"footnotes":""},"class_list":["post-1438","page","type-page","status-publish","hentry"],"_links":{"self":[{"href":"https:\/\/schulischesinklusionskonzept.landkreis-aurich.de\/index.php?rest_route=\/wp\/v2\/pages\/1438","targetHints":{"allow":["GET"]}}],"collection":[{"href":"https:\/\/schulischesinklusionskonzept.landkreis-aurich.de\/index.php?rest_route=\/wp\/v2\/pages"}],"about":[{"href":"https:\/\/schulischesinklusionskonzept.landkreis-aurich.de\/index.php?rest_route=\/wp\/v2\/types\/page"}],"author":[{"embeddable":true,"href":"https:\/\/schulischesinklusionskonzept.landkreis-aurich.de\/index.php?rest_route=\/wp\/v2\/users\/4"}],"replies":[{"embeddable":true,"href":"https:\/\/schulischesinklusionskonzept.landkreis-aurich.de\/index.php?rest_route=%2Fwp%2Fv2%2Fcomments&post=1438"}],"version-history":[{"count":2,"href":"https:\/\/schulischesinklusionskonzept.landkreis-aurich.de\/index.php?rest_route=\/wp\/v2\/pages\/1438\/revisions"}],"predecessor-version":[{"id":1440,"href":"https:\/\/schulischesinklusionskonzept.landkreis-aurich.de\/index.php?rest_route=\/wp\/v2\/pages\/1438\/revisions\/1440"}],"wp:attachment":[{"href":"https:\/\/schulischesinklusionskonzept.landkreis-aurich.de\/index.php?rest_route=%2Fwp%2Fv2%2Fmedia&parent=1438"}],"curies":[{"name":"wp","href":"https:\/\/api.w.org\/{rel}","templated":true}]}}