{"id":173,"date":"2022-12-15T13:02:19","date_gmt":"2022-12-15T13:02:19","guid":{"rendered":"https:\/\/schulischesinklusionskonzept.landkreis-aurich.de\/?page_id=173"},"modified":"2023-02-27T13:08:45","modified_gmt":"2023-02-27T13:08:45","slug":"interventionsebene-1","status":"publish","type":"page","link":"https:\/\/schulischesinklusionskonzept.landkreis-aurich.de\/?page_id=173","title":{"rendered":"Interventionsebene 1"},"content":{"rendered":"\n<p class=\"wp-block-paragraph\">Sch\u00fclerinnen und Sch\u00fcler, die von den auf der Ebene der universellen Pr\u00e4vention eingesetzten Ma\u00dfnahmen nicht in ausreichendem Ma\u00dfe profitieren, werden individualisiert gef\u00f6rdert: <br>Eine individuelle F\u00f6rderung wird installiert. <\/p>\n\n\n\n<p class=\"wp-block-paragraph\">Dazu werden im multiprofessionellen Team Ma\u00dfnahmen der individuellen Unterst\u00fctzung festgelegt und im F\u00f6rderplan festgehalten. Dieser wird mit allen Beteiligten besprochen, umgesetzt und in regelm\u00e4\u00dfigen Abst\u00e4nden mit allen Beteiligten evaluiert. Angestrebt wird eine Lernsituation zur Ver\u00e4nderung konkreter Verhaltensweisen, die f\u00fcr die schulische Entwicklung der Sch\u00fclerin bzw. des Sch\u00fclers bedeutsam sind.<br>&nbsp;<br>Der Beziehungsaufbau, die Beziehungspflege sowie Orientierungshilfen durch einen transparenten und konsequenten Umgang mit Regeln und Vereinbarungen sind zentrale Gelingensbedingungen und bewirken f\u00fcr alle Beteiligten eine Entlastung und Stabilisierung.<br>Wesentliche Grundlagen einer professionalisierten Arbeitsweise sind daher schulinterne Konzepte mit klaren Verfahrensweisen, unter anderem auch zur Zusammenarbeit mit internen und externen Kooperationspartnern. <\/p>\n\n\n\n<p class=\"wp-block-paragraph\">Explizit genannt und strukturell eingebunden ist dabei die M\u00f6glichkeit des Einbezugs externer Beratung in Form des <a href=\"https:\/\/schulischesinklusionskonzept.landkreis-aurich.de\/?page_id=206\">Mobilen Dienstes ES<\/a> als elementarer Schnittstelle auch zu au\u00dferschulischen Unterst\u00fctzungsleistungen des Amtes f\u00fcr Jugend und Soziales, welche bedarfsgerecht und passgenau kommuniziert werden, u.a. durch sog. Kollegiale Fallbesprechungen mit den Lehrkr\u00e4ften des Mobilen Dienstes. Dies soll f\u00fcr s\u00e4mtliche Beteiligte zus\u00e4tzlich zur Handlungssicherheit beitragen und die Unterst\u00fctzungsleistungen f\u00fcr die Sch\u00fclerinnen und Sch\u00fcler intensivieren.<\/p>\n\n\n\n<p class=\"wp-block-paragraph\">Die <a href=\"https:\/\/schulischesinklusionskonzept.landkreis-aurich.de\/?page_id=690\" target=\"_blank\" rel=\"noreferrer noopener\">Dokumentatio<\/a><a href=\"https:\/\/schulischesinklusionskonzept.landkreis-aurich.de\/?page_id=193\">n<\/a> der installierten Hilfen mit Aussagen zur Wirkungsqualit\u00e4t ist dabei essentiell.<\/p>\n\n\n\n<p class=\"wp-block-paragraph\"><a href=\"https:\/\/schulischesinklusionskonzept.landkreis-aurich.de\/?page_id=189\">Ansprechpersonen<\/a><\/p>\n","protected":false},"excerpt":{"rendered":"<p>Sch\u00fclerinnen und Sch\u00fcler, die von den auf der Ebene der universellen Pr\u00e4vention eingesetzten Ma\u00dfnahmen nicht in ausreichendem Ma\u00dfe profitieren, werden individualisiert gef\u00f6rdert: Eine individuelle F\u00f6rderung wird installiert. Dazu werden im multiprofessionellen Team Ma\u00dfnahmen der individuellen Unterst\u00fctzung festgelegt und im F\u00f6rderplan festgehalten. Dieser wird mit allen Beteiligten besprochen, umgesetzt und in regelm\u00e4\u00dfigen Abst\u00e4nden mit allen Beteiligten [&hellip;]<\/p>\n","protected":false},"author":3,"featured_media":0,"parent":15,"menu_order":0,"comment_status":"closed","ping_status":"closed","template":"","meta":{"_crdt_document":"","inline_featured_image":false,"material-hide-sections":[],"footnotes":""},"class_list":["post-173","page","type-page","status-publish","hentry"],"_links":{"self":[{"href":"https:\/\/schulischesinklusionskonzept.landkreis-aurich.de\/index.php?rest_route=\/wp\/v2\/pages\/173","targetHints":{"allow":["GET"]}}],"collection":[{"href":"https:\/\/schulischesinklusionskonzept.landkreis-aurich.de\/index.php?rest_route=\/wp\/v2\/pages"}],"about":[{"href":"https:\/\/schulischesinklusionskonzept.landkreis-aurich.de\/index.php?rest_route=\/wp\/v2\/types\/page"}],"author":[{"embeddable":true,"href":"https:\/\/schulischesinklusionskonzept.landkreis-aurich.de\/index.php?rest_route=\/wp\/v2\/users\/3"}],"replies":[{"embeddable":true,"href":"https:\/\/schulischesinklusionskonzept.landkreis-aurich.de\/index.php?rest_route=%2Fwp%2Fv2%2Fcomments&post=173"}],"version-history":[{"count":15,"href":"https:\/\/schulischesinklusionskonzept.landkreis-aurich.de\/index.php?rest_route=\/wp\/v2\/pages\/173\/revisions"}],"predecessor-version":[{"id":1057,"href":"https:\/\/schulischesinklusionskonzept.landkreis-aurich.de\/index.php?rest_route=\/wp\/v2\/pages\/173\/revisions\/1057"}],"up":[{"embeddable":true,"href":"https:\/\/schulischesinklusionskonzept.landkreis-aurich.de\/index.php?rest_route=\/wp\/v2\/pages\/15"}],"wp:attachment":[{"href":"https:\/\/schulischesinklusionskonzept.landkreis-aurich.de\/index.php?rest_route=%2Fwp%2Fv2%2Fmedia&parent=173"}],"curies":[{"name":"wp","href":"https:\/\/api.w.org\/{rel}","templated":true}]}}