{"id":189,"date":"2023-02-10T06:57:53","date_gmt":"2023-02-10T06:57:53","guid":{"rendered":"https:\/\/schulischesinklusionskonzept.landkreis-aurich.de\/?page_id=189"},"modified":"2025-03-17T09:52:36","modified_gmt":"2025-03-17T09:52:36","slug":"ansprechpersonen-interventionsebene-1","status":"publish","type":"page","link":"https:\/\/schulischesinklusionskonzept.landkreis-aurich.de\/?page_id=189","title":{"rendered":"Ansprechpersonen Interventionsebene 1"},"content":{"rendered":"\n<figure class=\"wp-block-table is-style-material\"><table><tbody><tr><td><strong>RZI Landkreis Aurich<\/strong><br>Regionales Beratungs- und <br>Unterst\u00fctzungszentrum Inklusive Schule<br>im Landkreis Aurich<\/td><td><strong>B&amp;U- Anfrage<\/strong> <br><a href=\"https:\/\/bildungsportal-niedersachsen.de\/beratung-unterstuetzung\/onlineportal-bu\/paedagogische-und-psychologische-unterstuetzung\/sonderpaedagogische-unterstuetzung-und-inklusion\" target=\"_blank\" rel=\"noreferrer noopener\">https:\/\/bildungsportal-niedersachsen.de\/beratung-unterstuetzung\/onlineportal-bu\/paedagogische-und-psychologische-unterstuetzung\/sonderpaedagogische-unterstuetzung-und-inklusion<br><\/a><br><strong>Maren Malik<\/strong><br>Tel.: 04941- 6041972<br>E-Mail: <a href=\"mailto:christoph.bahlmann@rlsb-os.niedersachsen.de\">Maren.Malik@rlsb-os.niedersachsen.de<\/a><br><br><\/td><\/tr><tr><td><strong>Schulpsychologie<\/strong><\/td><td>B&amp;U- Anfrage <br><a href=\"https:\/\/bildungsportal-niedersachsen.de\/beratung-unterstuetzung\/onlineportal-bu\/paedagogische-und-psychologische-unterstuetzung\/schulpsychologie\">https:\/\/bildungsportal-niedersachsen.de\/beratung-unterstuetzung\/onlineportal-bu\/paedagogische-und-psychologische-unterstuetzung\/schulpsychologie<\/a><br><br><strong>Julika K\u00f6tting<\/strong><br>Tel.: 04941 6041971<br>E-Mail: <a href=\"http:\/\/Julika.K\u00f6tting@rlsb-os.niedersachsen.de\">Julika.K\u00f6tting@rlsb-os.niedersachsen.de<br><\/a>Zust\u00e4ndig f\u00fcr Schulen in\/auf: Stadt Aurich, Gemeinden Gro\u00dfefehn, Wiesmoor, Insel Juist<br><br><strong>Anika Edelmann<\/strong><br>Tel.: 04941 1310-10<br>E-Mail: <a href=\"mailto:Anika.Edelmann@rlsb-os.niedersachen.de\">Anika.Edelmann@rlsb-os.niedersachen.de<\/a><br><br><br><strong>Alexandra Ubben<\/strong><br>Tel.: 04941 13-1011<br>E-Mail: <a href=\"mailto:alexandra.ubben@rlsb-os.niedersachsen.de\">Alexandra.ubben@rlsb-os.niedersachsen.de<\/a><br>Zust\u00e4ndig f\u00fcr Schulen in\/auf<br>Gemeinden: S\u00fcdbrookmerland, Norden, Hage, Gro\u00dfheide, Brookmerland, Insel Spiekeroog<br><br><strong>Sandra K\u00f6rner<\/strong><br>Tel.: 04941 1310-05<br>E-Mail: <a href=\"mailto:Sandra.Koerner@rlsb-os.niedersachsen.de\">Sandra.Koerner@rlsb-os.niedersachsen.de<\/a><br><br>&nbsp;<br><strong>Guido Otten<\/strong><br>Tel.: 04941 1310-21<br>E-Mail: <a href=\"mailto:Guido.Otten@rlsb-os.niedersachsen.de\">Guido.Otten@rlsb-os.niedersachsen.de<\/a><br>Zust\u00e4ndig f\u00fcr Schulen in\/auf: Gemeinden Ihlow, Dornum, Hinte, Krummh\u00f6rn, Insel Baltrum, Insel Langeoog, Insel Norderney<\/td><\/tr><tr><td><strong>Mobiler Dienst ES<\/strong><\/td><td><strong>B&amp;U- Anfrage<\/strong><br><a href=\"https:\/\/bildungsportal-niedersachsen.de\/beratung-unterstuetzung\/onlineportal-bu\/paedagogische-und-psychologische-unterstuetzung\/sonderpaedagogische-unterstuetzung-und-inklusion\/mobile-dienste\/mobiler-dienst-es\">https:\/\/bildungsportal-niedersachsen.de\/beratung-unterstuetzung\/onlineportal-bu\/paedagogische-und-psychologische-unterstuetzung\/sonderpaedagogische-unterstuetzung-und-inklusion\/mobile-dienste\/mobiler-dienst-es<\/a><\/td><\/tr><tr><td><br><strong>Erziehungsberatungsstellen<\/strong><br>Erziehungsberatung ist ein kostenloses, <br>freiwilliges und anonymes Beratungsangebot <br>f\u00fcr Kinder, Jugendliche und Familien.<br>Die Beratung erfolgt durch ein <br>multiprofessionelles Team u.a. mit <br>Sozialp\u00e4dagog*innen und Psycholog*innen. <\/td><td><strong>Altkreis Aurich<\/strong><br>AWO Beratungsstelle f\u00fcr Kinder, Jugendliche und Eltern, Georgswall 9 (Eingang Carolinengang) 26603 Aurich&nbsp;&nbsp;<br>Tel. 0 49 41 \/ 6 51 11<br>E-Mail: <a href=\"mailto:info@beratungsstelle-aurich.de\">info@beratungsstelle-aurich.de<\/a> <br>Internet: <a href=\"https:\/\/www.beratungsstelle-aurich.de\/\">https:\/\/www.beratungsstelle-aurich.de\/<\/a> <br><br><strong>Altkreis Norden <\/strong><br>Beratungsstelle f\u00fcr Kinder, Jugendliche und Eltern, Bahnhofstra\u00dfe 27, 26506 Norden <br>Telefon: 04931-983714-0<br>E-Mail: <a href=\"mailto:eb-norden@landkreis.aurich.de\">eb-norden@landkreis.aurich.de<\/a> <br>Internet: <a href=\"https:\/\/www.landkreis-aurich.de\/jugend-familie\/erziehungs-und-familienberatung.html\" target=\"_blank\" rel=\"noreferrer noopener\">https:\/\/www.landkreis-aurich.de\/jugend-familie\/erziehungs-und-familienberatung.html<\/a><\/td><\/tr><tr><td><strong>Amt f\u00fcr Jugend und Soziales<\/strong><br>(Die 1. Kontaktaufnahme in Richtung <br>der vier Regionalteams \/Pflegekinderdienstes des Amtes f\u00fcr Jugend und Soziales soll immer \u00fcber die jeweilige Regionalteamleitung erfolgen)<\/td><td>Regionalteam Mitte<br>(Aurich und Moordorf)<br><strong>Herr Weber<\/strong><br>Tel: 04941 \/ 16 &#8211; 5116<br>E-Mail: <a href=\"mailto:alweber@landkreis-aurich.de\">alweber@landkreis-aurich.de<\/a><br><br>Regionalteam Nord<br>(Baltrum, Dornum, Gro\u00dfheide, Hage, Juist, Norden, Norderney)<br><strong>Frau Koch<\/strong><br>Tel: 04941 \/ 16 &#8211; 5180<br>E-Mail: <a href=\"mailto:MKoch@landkreis-aurich.de\">MKoch@landkreis-aurich.de<\/a><br><br>Regionalteam S\u00fcd<br>(Gro\u00dfefehn, Ihlow, Wiesmoor)<br><strong>Frau Dimanski<\/strong><br>Tel: 04941 \/ 16 &#8211; 5210<br>E-Mail: <a href=\"mailto:SDimanski@landkreis-aurich.de\">SDimanski@landkreis-aurich.de<\/a><br><br>Regionalteam West<br>(Brookmerland, Hinte, Krummh\u00f6rn, S\u00fcdbrookmerland (ohne OT Moordorf)<br><strong>Herr Bondzio<\/strong><br>Tel: 04941 \/ 16 &#8211; 5235<br>E-Mail: <a href=\"mailto:CBondzio@landkreis-aurich.de\">CBondzio@landkreis-aurich.de<\/a><br><br>Pflegekinderdienst des Landkreises Aurich <br><strong>Frau Ammerschubert<\/strong><br>Tel: 04941 \/ 16 &#8211; 5112<br>E-Mail: <a href=\"mailto:hammerschubert@landkreis-aurich.de\">hammerschubert@landkreis-aurich.de<\/a><\/td><\/tr><tr><td><strong>Fachberatung Begabungsf\u00f6rderung<\/strong> <\/td><td><strong>B&amp;U- Anfrage<\/strong><a href=\"https:\/\/bildungsportal-niedersachsen.de\/beratung-unterstuetzung\/sus-erziehungsberechtigte\/begabungsfoerderung\"><br>https:\/\/bildungsportal-niedersachsen.de\/beratung-unterstuetzung\/onlineportal-bu\/uebergreifend\/schulische-sozialarbeit<\/a><\/td><\/tr><tr><td><strong>Fachberatung Sonderp\u00e4dagogische F\u00f6rderung Inklusion<\/strong> <\/td><td><strong>B&amp;U- Anfrage<\/strong> <br><a rel=\"noreferrer noopener\" href=\"https:\/\/bildungsportal-niedersachsen.de\/beratung-unterstuetzung\/onlineportal-bu\/paedagogische-und-psychologische-unterstuetzung\/sonderpaedagogische-unterstuetzung-und-inklusion\" target=\"_blank\">https:\/\/bildungsportal-niedersachsen.de\/beratung-unterstuetzung\/onlineportal-bu\/paedagogische-und-psychologische-unterstuetzung\/sonderpaedagogische-unterstuetzung-und-inklusion<br><\/a><\/td><\/tr><tr><td><strong>Fachberatung Autismus<\/strong><\/td><td><strong>B&amp;U-Anfrage<\/strong><br><a href=\"https:\/\/bildungsportal-niedersachsen.de\/beratung-unterstuetzung\/onlineportal-bu\/paedagogische-und-psychologische-unterstuetzung\/sonderpaedagogische-unterstuetzung-und-inklusion\" target=\"_blank\" rel=\"noreferrer noopener\">https:\/\/bildungsportal-niedersachsen.de\/beratung-unterstuetzung\/onlineportal-bu\/paedagogische-und-psychologische-unterstuetzung\/sonderpaedagogische-unterstuetzung-und-inklusion<\/a><\/td><\/tr><\/tbody><\/table><\/figure>\n","protected":false},"excerpt":{"rendered":"<p>RZI Landkreis AurichRegionales Beratungs- und Unterst\u00fctzungszentrum Inklusive Schuleim Landkreis Aurich B&amp;U- Anfrage https:\/\/bildungsportal-niedersachsen.de\/beratung-unterstuetzung\/onlineportal-bu\/paedagogische-und-psychologische-unterstuetzung\/sonderpaedagogische-unterstuetzung-und-inklusionMaren MalikTel.: 04941- 6041972E-Mail: Maren.Malik@rlsb-os.niedersachsen.de Schulpsychologie B&amp;U- Anfrage https:\/\/bildungsportal-niedersachsen.de\/beratung-unterstuetzung\/onlineportal-bu\/paedagogische-und-psychologische-unterstuetzung\/schulpsychologie Julika K\u00f6ttingTel.: 04941 6041971E-Mail: Julika.K\u00f6tting@rlsb-os.niedersachsen.deZust\u00e4ndig f\u00fcr Schulen in\/auf: Stadt Aurich, Gemeinden Gro\u00dfefehn, Wiesmoor, Insel Juist Anika EdelmannTel.: 04941 1310-10E-Mail: Anika.Edelmann@rlsb-os.niedersachen.de Alexandra UbbenTel.: 04941 13-1011E-Mail: Alexandra.ubben@rlsb-os.niedersachsen.deZust\u00e4ndig f\u00fcr Schulen in\/aufGemeinden: S\u00fcdbrookmerland, Norden, Hage, Gro\u00dfheide, Brookmerland, Insel [&hellip;]<\/p>\n","protected":false},"author":3,"featured_media":0,"parent":0,"menu_order":0,"comment_status":"closed","ping_status":"closed","template":"","meta":{"_crdt_document":"","inline_featured_image":false,"material-hide-sections":[],"footnotes":""},"class_list":["post-189","page","type-page","status-publish","hentry"],"_links":{"self":[{"href":"https:\/\/schulischesinklusionskonzept.landkreis-aurich.de\/index.php?rest_route=\/wp\/v2\/pages\/189","targetHints":{"allow":["GET"]}}],"collection":[{"href":"https:\/\/schulischesinklusionskonzept.landkreis-aurich.de\/index.php?rest_route=\/wp\/v2\/pages"}],"about":[{"href":"https:\/\/schulischesinklusionskonzept.landkreis-aurich.de\/index.php?rest_route=\/wp\/v2\/types\/page"}],"author":[{"embeddable":true,"href":"https:\/\/schulischesinklusionskonzept.landkreis-aurich.de\/index.php?rest_route=\/wp\/v2\/users\/3"}],"replies":[{"embeddable":true,"href":"https:\/\/schulischesinklusionskonzept.landkreis-aurich.de\/index.php?rest_route=%2Fwp%2Fv2%2Fcomments&post=189"}],"version-history":[{"count":30,"href":"https:\/\/schulischesinklusionskonzept.landkreis-aurich.de\/index.php?rest_route=\/wp\/v2\/pages\/189\/revisions"}],"predecessor-version":[{"id":1474,"href":"https:\/\/schulischesinklusionskonzept.landkreis-aurich.de\/index.php?rest_route=\/wp\/v2\/pages\/189\/revisions\/1474"}],"wp:attachment":[{"href":"https:\/\/schulischesinklusionskonzept.landkreis-aurich.de\/index.php?rest_route=%2Fwp%2Fv2%2Fmedia&parent=189"}],"curies":[{"name":"wp","href":"https:\/\/api.w.org\/{rel}","templated":true}]}}