{"id":206,"date":"2023-02-08T13:41:56","date_gmt":"2023-02-08T13:41:56","guid":{"rendered":"https:\/\/schulischesinklusionskonzept.landkreis-aurich.de\/?page_id=206"},"modified":"2024-03-21T09:28:41","modified_gmt":"2024-03-21T09:28:41","slug":"mobiler-dienst-es","status":"publish","type":"page","link":"https:\/\/schulischesinklusionskonzept.landkreis-aurich.de\/?page_id=206","title":{"rendered":"Mobiler Dienst ES"},"content":{"rendered":"\n<p class=\"wp-block-paragraph\"><strong>Angebote des Mobilen Dienstes ES im Landkreis Aurich<\/strong><\/p>\n\n\n\n<p class=\"wp-block-paragraph\">Der Mobile Dienst ES im Landkreis Aurich bietet eine systemisch orientierte und unbelastete Au\u00dfensicht, eine Unterst\u00fctzung bei der Kl\u00e4rung und Strukturierung schwieriger Situationen, Impulse und Erfahrungen f\u00fcr die Entwicklung weiterer Handlungsm\u00f6glichkeiten, Hypothesenbildungen, Interventionsplanungen, die Organisation sowie allparteiliche Moderation und Dokumentation von Gespr\u00e4chsrunden sowie die Kl\u00e4rung und Koordination bestehender Hilfen auch mit au\u00dferschulischen Kooperationspartnern. Unterrichtshospitationen, eine schulbezogene Arbeit im Coaching mit Kind und Lehrkraft sowie die Unterst\u00fctzung von Familien und Schulen im Prozess der Familienklasse sind m\u00f6glich.<\/p>\n\n\n\n<p class=\"wp-block-paragraph\">Im Modell der gestuften Interventionen sind die Angebote des Mobilen Dienstes ES insbesondere auf Interventionsebene I zu sehen. Welches Angebot passend ist, wird in einem Erstgespr\u00e4ch gemeinsam mit einer sozialp\u00e4dagogischen Fachkraft in Verantwortung des Landkreises Aurich er\u00f6rtert und vereinbart.<\/p>\n\n\n\n<p class=\"wp-block-paragraph\"><\/p>\n\n\n\n<p class=\"wp-block-paragraph\">Der Mobile Dienst ES im Landkreis Aurich unterst\u00fctzt entsprechend der &#8222;<a href=\"https:\/\/schulischesinklusionskonzept.landkreis-aurich.de\/?page_id=690\">Handreichungen Mobile Dienste<\/a>&#8220; :<\/p>\n\n\n\n<p class=\"wp-block-paragraph\"><\/p>\n\n\n\n<div class=\"wp-block-buttons is-layout-flex wp-block-buttons-is-layout-flex\"><\/div>\n\n\n\n<p class=\"wp-block-paragraph\"><\/p>\n\n\n\n<figure class=\"wp-block-table is-style-material\"><table><tbody><tr><td><strong>Beratung f\u00fcr Lehrkr\u00e4fte<\/strong><\/td><td>Beratung in Fragen der individuellen F\u00f6rderung<br><br>Beratung in Fragen der Ausstattung<br><br>Vermittlung von Grundinformationen zu sozialrechtlichen Fragen (z.B. Eingliederungshilfe)<br><br>Beratung bei der Entwicklung, Fortschreibung und Umsetzung individueller F\u00f6rderma\u00dfnahmen und der Ausgestaltung von Nachteilsausgleichen<br><br>Begleitung bzw. Durchf\u00fchrung f\u00f6rderdiagnostischer Prozesse mit Beteiligung am Verfahren zur Feststellung eines Bedarfs an sonderp\u00e4dagogischer Unterst\u00fctzung im Bedarfsfall<br><br>Beratung Schullaufbahn und \u00dcberg\u00e4ngen<br><br>Vermittlung von fachspezifischen Hinweisen f\u00fcr den Unterricht<br><\/td><\/tr><tr><td><strong>Beratungsprozess f\u00fcr Schule-Eltern<\/strong><\/td><td>Beratung in Fragen der individuellen F\u00f6rderung<br><br>Beratung in Fragen der Ausstattung<br><br>Vermittlung von Grundinformationen zu sozialrechtlichen Fragen (z.B. Eingliederungshilfe)<br><br>Beratung bei der Entwicklung, Fortschreibung und Umsetzung individueller F\u00f6rderma\u00dfnahmen und der Ausgestaltung von Nachteilsausgleichen<br><br>Beratung zu Schullaufbahn und \u00dcberg\u00e4ngen<br><br>Angebot zur Begleitung einer intensiven und planvollen Zusammenarbeit zwischen Schule und Elternhaus <br><br>Gemeinsame Erarbeitung von n\u00e4chsten sinnvollen Schritten in der F\u00f6rderung des Sch\u00fclers &nbsp;<br><br>Vermittlung von fachspezifischen Hinweisen f\u00fcr den Unterricht<br><\/td><\/tr><tr><td><strong>Koordinationsprozess f\u00fcr Schule \/ Eltern \/ au\u00dferschul. Hilfen<\/strong> <\/td><td>Unterst\u00fctzung bei der interdisziplin\u00e4ren Zusammenarbeit (Schule, Therapeuten, \u00c4rzte \u2026) durch Koordination bestehender Hilfen um im Sinne einer multiprofessionellen Zusammenarbeit einen abgestimmten schulischen und au\u00dferschulischen F\u00f6rderprozess zu gew\u00e4hrleisten &nbsp; <br><br>Kooperation mit dem Amt f\u00fcr Jugend und Soziales des Landkreises Aurich \u00fcber regelm\u00e4\u00dfige gemeinsame Fallbesprechungen und die ggf. <strong><a href=\"https:\/\/schulischesinklusionskonzept.landkreis-aurich.de\/?page_id=647\">bedarfsgerechte Entfaltung von ambulanten, teilstation\u00e4ren oder station\u00e4ren Ma\u00dfnahmen <\/a><\/strong> als Hilfen zur Erziehung aus der Verantwortung des Amtes f\u00fcr Jugend und Soziales zur Unterst\u00fctzung des Kindes und\/oder der Familie.<br>Beratung und ggf. kriteriengeleitete Koordinierung zur Durchf\u00fchrung einer <em>Familienklasse.<\/em><br><br>Bedarfsgerechter Einsatz sog<a href=\"https:\/\/schulischesinklusionskonzept.landkreis-aurich.de\/?page_id=687\">.<strong> Intensivunterst\u00fctzung<\/strong><\/a><br><br>Organisation und Moderation von Gespr\u00e4chsrunden &nbsp; <br><br>Transparenz und Abstimmung \u00fcber die Arbeitsschwerpunkte aller Beteiligten &nbsp; <\/td><\/tr><tr><td><strong>Coaching in der Schule<\/strong><\/td><td>Ggf. Beratung, Vermittlung, Anleitung oder Durchf\u00fchrung von Coaching &#8211; Programmen in der Schule f\u00fcr Kind und\/oder Lehrkraft bzw. Klasse gem. des <a href=\"https:\/\/www.mk.niedersachsen.de\/startseite\/schule\/inklusive_schule\/rahmenkonzept_inklusive_schule\/schulentwicklung_und_unterricht\/das_konzept_es_zum_umgang_mit_herausfordernden_verhaltensweisen\/angebote_und_unterstutzung_zu_den_interventionsebenen_i_und_ii\/angebote-und-unterstutzung-zu-den-interventionsebenen-i-und-ii-211010.html\" target=\"_blank\" rel=\"noreferrer noopener\">\u201eWerkzeugkoffers\u201c<\/a> des Modells der gestuften Intervention<\/td><\/tr><\/tbody><\/table><\/figure>\n","protected":false},"excerpt":{"rendered":"<p>Angebote des Mobilen Dienstes ES im Landkreis Aurich Der Mobile Dienst ES im Landkreis Aurich bietet eine systemisch orientierte und unbelastete Au\u00dfensicht, eine Unterst\u00fctzung bei der Kl\u00e4rung und Strukturierung schwieriger Situationen, Impulse und Erfahrungen f\u00fcr die Entwicklung weiterer Handlungsm\u00f6glichkeiten, Hypothesenbildungen, Interventionsplanungen, die Organisation sowie allparteiliche Moderation und Dokumentation von Gespr\u00e4chsrunden sowie die Kl\u00e4rung und Koordination [&hellip;]<\/p>\n","protected":false},"author":3,"featured_media":0,"parent":0,"menu_order":0,"comment_status":"closed","ping_status":"closed","template":"","meta":{"_crdt_document":"","inline_featured_image":false,"material-hide-sections":[],"footnotes":""},"class_list":["post-206","page","type-page","status-publish","hentry"],"_links":{"self":[{"href":"https:\/\/schulischesinklusionskonzept.landkreis-aurich.de\/index.php?rest_route=\/wp\/v2\/pages\/206","targetHints":{"allow":["GET"]}}],"collection":[{"href":"https:\/\/schulischesinklusionskonzept.landkreis-aurich.de\/index.php?rest_route=\/wp\/v2\/pages"}],"about":[{"href":"https:\/\/schulischesinklusionskonzept.landkreis-aurich.de\/index.php?rest_route=\/wp\/v2\/types\/page"}],"author":[{"embeddable":true,"href":"https:\/\/schulischesinklusionskonzept.landkreis-aurich.de\/index.php?rest_route=\/wp\/v2\/users\/3"}],"replies":[{"embeddable":true,"href":"https:\/\/schulischesinklusionskonzept.landkreis-aurich.de\/index.php?rest_route=%2Fwp%2Fv2%2Fcomments&post=206"}],"version-history":[{"count":25,"href":"https:\/\/schulischesinklusionskonzept.landkreis-aurich.de\/index.php?rest_route=\/wp\/v2\/pages\/206\/revisions"}],"predecessor-version":[{"id":1183,"href":"https:\/\/schulischesinklusionskonzept.landkreis-aurich.de\/index.php?rest_route=\/wp\/v2\/pages\/206\/revisions\/1183"}],"wp:attachment":[{"href":"https:\/\/schulischesinklusionskonzept.landkreis-aurich.de\/index.php?rest_route=%2Fwp%2Fv2%2Fmedia&parent=206"}],"curies":[{"name":"wp","href":"https:\/\/api.w.org\/{rel}","templated":true}]}}