{"id":291,"date":"2023-02-02T12:23:30","date_gmt":"2023-02-02T12:23:30","guid":{"rendered":"https:\/\/schulischesinklusionskonzept.landkreis-aurich.de\/?page_id=291"},"modified":"2023-03-12T16:00:54","modified_gmt":"2023-03-12T16:00:54","slug":"primarbereich-sekundarbereich","status":"publish","type":"page","link":"https:\/\/schulischesinklusionskonzept.landkreis-aurich.de\/?page_id=291","title":{"rendered":"Primarbereich &#8211; Sekundarbereich"},"content":{"rendered":"\n<p class=\"wp-block-paragraph\">Der \u00dcbergang in das Sekundarschulsystem ist eine bedeutsame schulische Ver\u00e4nderung im Leben von Sch\u00fclerinnen und Sch\u00fclern. Entlang einer Zeitleiste werden zentrale Aspekte dieser Schnittstelle aufgef\u00fchrt und im Weiteren erl\u00e4utert.<\/p>\n\n\n\n<p class=\"wp-block-paragraph\"><\/p>\n\n\n\n<p class=\"wp-block-paragraph\"><\/p>\n\n\n\n<p class=\"wp-block-paragraph\"><\/p>\n\n\n\n<p class=\"wp-block-paragraph\" style=\"font-size:25px\"><strong>Drittes Schuljahr<\/strong><\/p>\n\n\n\n<figure class=\"wp-block-table is-style-regular uebergang\"><table><tbody><tr><td>Grundschule<\/td><td>Monat<\/td><td>Weiterf\u00fchrende Schule<\/td><\/tr><tr><td><a href=\"https:\/\/schulischesinklusionskonzept.landkreis-aurich.de\/?page_id=293\" data-type=\"page\" data-id=\"293\">Informationsveranstaltung<\/a><\/td><td>ganzj\u00e4hrig<\/td><td><\/td><\/tr><\/tbody><\/table><\/figure>\n\n\n\n<p class=\"wp-block-paragraph\" style=\"font-size:25px\"><strong>Viertes Schuljahr<\/strong><\/p>\n\n\n\n<figure class=\"wp-block-table is-style-regular uebergang\"><table><tbody><tr><td>Grundschule<\/td><td>Monat<\/td><td>Weiterf\u00fchrende Schule<\/td><\/tr><tr><td><a href=\"https:\/\/schulischesinklusionskonzept.landkreis-aurich.de\/?page_id=304\">Ggf.<\/a> <a href=\"https:\/\/schulischesinklusionskonzept.landkreis-aurich.de\/?page_id=304\">Feststellungsverfahren<\/a>&nbsp;<\/td><td>August &#8211; Oktober<\/td><td><\/td><\/tr><tr><td><a href=\"https:\/\/schulischesinklusionskonzept.landkreis-aurich.de\/?page_id=310\">Beratungsgespr\u00e4ch<\/a><\/td><td>November &#8211; Januar<\/td><td><a href=\"https:\/\/schulischesinklusionskonzept.landkreis-aurich.de\/?page_id=316\">Elterninformationsabend<\/a><\/td><\/tr><tr><td><a href=\"https:\/\/schulischesinklusionskonzept.landkreis-aurich.de\/?page_id=319\">Ggf. Bekanntgabe des F\u00f6rdergutachtens, Gespr\u00e4chsangebot an die Erziehungsberechtigten, evtl. F\u00f6rderkommission auf Verlangen der Erziehungsberechtigten<\/a><br><br><a href=\"https:\/\/schulischesinklusionskonzept.landkreis-aurich.de\/?page_id=324\">Angebot eines 2. Beratungsgespr\u00e4chs \/Lernstandsdokumentation anl\u00e4sslich des \u00dcbergangs von Klasse 4 nach 5<\/a><\/td><td>Februar &#8211; April<\/td><td><a href=\"https:\/\/schulischesinklusionskonzept.landkreis-aurich.de\/?page_id=316\">Elterninformationsabend<\/a><\/td><\/tr><tr><td><a href=\"https:\/\/schulischesinklusionskonzept.landkreis-aurich.de\/?page_id=327\">Verbindliche Anmeldung an einer weiterf\u00fchrenden Schule<br><\/a><\/td><td>Mai -Juli<\/td><td><a href=\"https:\/\/schulischesinklusionskonzept.landkreis-aurich.de\/?page_id=330\">Individuelle \u00dcbergangsgespr\u00e4che<\/a> (empfohlen)<\/td><\/tr><tr><td><a href=\"https:\/\/schulischesinklusionskonzept.landkreis-aurich.de\/?page_id=301\">Weitergabe der Sch\u00fclerakte<\/a><\/td><td>Juli &#8211; August<\/td><td><a href=\"https:\/\/schulischesinklusionskonzept.landkreis-aurich.de\/?page_id=307\">Anforderung der Sch\u00fclerakte<\/a><\/td><\/tr><\/tbody><\/table><\/figure>\n\n\n\n<p class=\"wp-block-paragraph\"><\/p>\n\n\n\n<p class=\"wp-block-paragraph\"><\/p>\n\n\n\n<p class=\"wp-block-paragraph\"><\/p>\n\n\n\n<p class=\"wp-block-paragraph\"><\/p>\n","protected":false},"excerpt":{"rendered":"<p>Der \u00dcbergang in das Sekundarschulsystem ist eine bedeutsame schulische Ver\u00e4nderung im Leben von Sch\u00fclerinnen und Sch\u00fclern. Entlang einer Zeitleiste werden zentrale Aspekte dieser Schnittstelle aufgef\u00fchrt und im Weiteren erl\u00e4utert. Drittes Schuljahr Grundschule Monat Weiterf\u00fchrende Schule Informationsveranstaltung ganzj\u00e4hrig Viertes Schuljahr Grundschule Monat Weiterf\u00fchrende Schule Ggf. Feststellungsverfahren&nbsp; August &#8211; Oktober Beratungsgespr\u00e4ch November &#8211; Januar Elterninformationsabend Ggf. Bekanntgabe [&hellip;]<\/p>\n","protected":false},"author":3,"featured_media":0,"parent":13,"menu_order":0,"comment_status":"closed","ping_status":"closed","template":"","meta":{"_crdt_document":"","inline_featured_image":false,"material-hide-sections":[],"footnotes":""},"class_list":["post-291","page","type-page","status-publish","hentry"],"_links":{"self":[{"href":"https:\/\/schulischesinklusionskonzept.landkreis-aurich.de\/index.php?rest_route=\/wp\/v2\/pages\/291","targetHints":{"allow":["GET"]}}],"collection":[{"href":"https:\/\/schulischesinklusionskonzept.landkreis-aurich.de\/index.php?rest_route=\/wp\/v2\/pages"}],"about":[{"href":"https:\/\/schulischesinklusionskonzept.landkreis-aurich.de\/index.php?rest_route=\/wp\/v2\/types\/page"}],"author":[{"embeddable":true,"href":"https:\/\/schulischesinklusionskonzept.landkreis-aurich.de\/index.php?rest_route=\/wp\/v2\/users\/3"}],"replies":[{"embeddable":true,"href":"https:\/\/schulischesinklusionskonzept.landkreis-aurich.de\/index.php?rest_route=%2Fwp%2Fv2%2Fcomments&post=291"}],"version-history":[{"count":24,"href":"https:\/\/schulischesinklusionskonzept.landkreis-aurich.de\/index.php?rest_route=\/wp\/v2\/pages\/291\/revisions"}],"predecessor-version":[{"id":1120,"href":"https:\/\/schulischesinklusionskonzept.landkreis-aurich.de\/index.php?rest_route=\/wp\/v2\/pages\/291\/revisions\/1120"}],"up":[{"embeddable":true,"href":"https:\/\/schulischesinklusionskonzept.landkreis-aurich.de\/index.php?rest_route=\/wp\/v2\/pages\/13"}],"wp:attachment":[{"href":"https:\/\/schulischesinklusionskonzept.landkreis-aurich.de\/index.php?rest_route=%2Fwp%2Fv2%2Fmedia&parent=291"}],"curies":[{"name":"wp","href":"https:\/\/api.w.org\/{rel}","templated":true}]}}