{"id":301,"date":"2023-02-10T07:04:03","date_gmt":"2023-02-10T07:04:03","guid":{"rendered":"https:\/\/schulischesinklusionskonzept.landkreis-aurich.de\/?page_id=301"},"modified":"2023-05-25T09:08:04","modified_gmt":"2023-05-25T09:08:04","slug":"weitergabe-der-schuelerakte","status":"publish","type":"page","link":"https:\/\/schulischesinklusionskonzept.landkreis-aurich.de\/?page_id=301","title":{"rendered":"Weitergabe der Sch\u00fclerakte"},"content":{"rendered":"\n<figure class=\"wp-block-table is-style-material\"><table><tbody><tr><td><strong>Titel der Ma\u00dfnahme aus der Zeitleiste<\/strong> <strong>&nbsp;<\/strong> <strong>&nbsp;<\/strong><\/td><td>Weitergabe der Sch\u00fclerakte (Sch\u00fcler*innen aus dem vorherigen Jahrgang) &nbsp;<\/td><\/tr><tr><td><strong>Zeitraum<\/strong> <strong>&nbsp;<\/strong> <strong>&nbsp;<\/strong><\/td><td>Mit den Sommerferien &nbsp;<\/td><\/tr><tr><td><strong>Fristen:<\/strong> <strong>&nbsp;<\/strong> <strong>&nbsp;<\/strong><\/td><td>Sp\u00e4testens zwei Wochen nach Schuljahresbeginn<\/td><\/tr><tr><td><strong>Verantwortlich<\/strong> <strong>&nbsp;<\/strong> <strong>&nbsp;<\/strong><\/td><td>Schulleitungen der abgebenden Schule<\/td><\/tr><tr><td><strong>Beteiligte<\/strong> <strong>&nbsp;<\/strong> <strong>&nbsp;<\/strong><\/td><td>Schulleitungen der abgebenden Schule, Sekretariat &nbsp;<\/td><\/tr><tr><td><strong>Ort<\/strong> <strong>&nbsp;<\/strong> <strong>&nbsp;<\/strong><\/td><td>Aufnehmende Schule<\/td><\/tr><tr><td><strong>Ziele<\/strong> &nbsp;<\/td><td>Registrierung der Sch\u00fcler*innen mit einem Bedarf an sonderp\u00e4dagogischer Unterst\u00fctzung &#8211; Weitergabe relevanter Informationen f\u00fcr die weitere Schullaufbahn (Nachteilsausgleiche, besondere Schwierigkeiten, Bedarfe an sonderp\u00e4dagogischer Unterst\u00fctzung, ILE, F\u00f6rderplanung, F\u00f6rdergutachten \u2026.)<\/td><\/tr><tr><td><strong>Beschreibung der Durchf\u00fchrung:<\/strong><\/td><td>Verwaltungsakt \u00a0<br><a href=\"https:\/\/bildungsportal-niedersachsen.de\/schulorganisation\/datenschutz-an-schulen\/umsetzung-der-dsgvo-durch-schulen-und-studienseminare\/schuelerakten-inhalte-weitergabe-und-einsicht\">https:\/\/bildungsportal-niedersachsen.de\/schulorganisation\/datenschutz-an-schulen\/umsetzung-der-dsgvo-durch-schulen-und-studienseminare\/schuelerakten-inhalte-weitergabe-und-einsicht<\/a><\/td><\/tr><tr><td><strong>Dokumentation<\/strong><\/td><td>Sch\u00fclerakte<\/td><\/tr><\/tbody><\/table><\/figure>\n","protected":false},"excerpt":{"rendered":"<p>Titel der Ma\u00dfnahme aus der Zeitleiste &nbsp; &nbsp; Weitergabe der Sch\u00fclerakte (Sch\u00fcler*innen aus dem vorherigen Jahrgang) &nbsp; Zeitraum &nbsp; &nbsp; Mit den Sommerferien &nbsp; Fristen: &nbsp; &nbsp; Sp\u00e4testens zwei Wochen nach Schuljahresbeginn Verantwortlich &nbsp; &nbsp; Schulleitungen der abgebenden Schule Beteiligte &nbsp; &nbsp; Schulleitungen der abgebenden Schule, Sekretariat &nbsp; Ort &nbsp; &nbsp; Aufnehmende Schule Ziele &nbsp; [&hellip;]<\/p>\n","protected":false},"author":3,"featured_media":0,"parent":0,"menu_order":0,"comment_status":"closed","ping_status":"closed","template":"","meta":{"_crdt_document":"","inline_featured_image":false,"material-hide-sections":[],"footnotes":""},"class_list":["post-301","page","type-page","status-publish","hentry"],"_links":{"self":[{"href":"https:\/\/schulischesinklusionskonzept.landkreis-aurich.de\/index.php?rest_route=\/wp\/v2\/pages\/301","targetHints":{"allow":["GET"]}}],"collection":[{"href":"https:\/\/schulischesinklusionskonzept.landkreis-aurich.de\/index.php?rest_route=\/wp\/v2\/pages"}],"about":[{"href":"https:\/\/schulischesinklusionskonzept.landkreis-aurich.de\/index.php?rest_route=\/wp\/v2\/types\/page"}],"author":[{"embeddable":true,"href":"https:\/\/schulischesinklusionskonzept.landkreis-aurich.de\/index.php?rest_route=\/wp\/v2\/users\/3"}],"replies":[{"embeddable":true,"href":"https:\/\/schulischesinklusionskonzept.landkreis-aurich.de\/index.php?rest_route=%2Fwp%2Fv2%2Fcomments&post=301"}],"version-history":[{"count":5,"href":"https:\/\/schulischesinklusionskonzept.landkreis-aurich.de\/index.php?rest_route=\/wp\/v2\/pages\/301\/revisions"}],"predecessor-version":[{"id":1136,"href":"https:\/\/schulischesinklusionskonzept.landkreis-aurich.de\/index.php?rest_route=\/wp\/v2\/pages\/301\/revisions\/1136"}],"wp:attachment":[{"href":"https:\/\/schulischesinklusionskonzept.landkreis-aurich.de\/index.php?rest_route=%2Fwp%2Fv2%2Fmedia&parent=301"}],"curies":[{"name":"wp","href":"https:\/\/api.w.org\/{rel}","templated":true}]}}