{"id":304,"date":"2023-02-10T07:02:05","date_gmt":"2023-02-10T07:02:05","guid":{"rendered":"https:\/\/schulischesinklusionskonzept.landkreis-aurich.de\/?page_id=304"},"modified":"2023-02-22T10:09:35","modified_gmt":"2023-02-22T10:09:35","slug":"pruefung-und-ggf-einleitung-des-verfahrens-zur-feststellung-eines-bedarfs-an-sonderpaedagogischer-unterstuetzung","status":"publish","type":"page","link":"https:\/\/schulischesinklusionskonzept.landkreis-aurich.de\/?page_id=304","title":{"rendered":"Pr\u00fcfung und ggf. Einleitung des Verfahrens zur Feststellung eines Bedarfs an sonderp\u00e4dagogischer Unterst\u00fctzung:"},"content":{"rendered":"\n<figure class=\"wp-block-table is-style-material\"><table><tbody><tr><td><strong>Titel der Ma\u00dfnahme aus der Zeitleiste<\/strong> <strong>&nbsp;<\/strong> <strong>&nbsp;<\/strong><\/td><td>Ggf. Einleitung zum Feststellungsverfahren eines Bedarfs an sonderp\u00e4dagogischer Unterst\u00fctzung: <br> &#8211; erstmalig <br> &#8211; ver\u00e4nderter Bedarf an sonderp\u00e4dagogischer Unterst\u00fctzung <br> &#8211; Wegfall eines Bedarfs an sonderp\u00e4dagogischer Unterst\u00fctzung &nbsp;<\/td><\/tr><tr><td><strong>Zeitraum<\/strong> <strong>&nbsp;<\/strong> <strong>&nbsp;<\/strong><\/td><td>Oktober (f\u00fcr Sch\u00fcler*innen des vierten Schuljahres) &nbsp;<\/td><\/tr><tr><td><strong>Fristen:<\/strong> <strong>&nbsp;<\/strong> <strong>&nbsp;<\/strong><\/td><td>ca. 6 Wochen Bearbeitungszeit &nbsp;<\/td><\/tr><tr><td><strong>Verantwortlich<\/strong> <strong>&nbsp;<\/strong> <strong>&nbsp;<\/strong><\/td><td>Schulleitung der Grundschule<\/td><\/tr><tr><td><strong>Beteiligte<\/strong> <strong>&nbsp;<\/strong> <strong>&nbsp;<\/strong><\/td><td>Schulleitung der abgebenden Schule Klassenlehrer*in der abgebenden Schule F\u00f6rderschullehrkraft (der abgebenden Schule) &nbsp;<\/td><\/tr><tr><td><strong>Ort<\/strong> <strong>&nbsp;<\/strong> <strong>&nbsp;<\/strong><\/td><td>Grundschule &nbsp;<\/td><\/tr><tr><td><strong>Ziele<\/strong> &nbsp;<\/td><td>Aufhebung oder Feststellung eines (ver\u00e4nderten) Bedarfs an sonderp\u00e4dagogischer Unterst\u00fctzung &nbsp;<\/td><\/tr><tr><td><strong>Beschreibung der Durchf\u00fchrung:<\/strong> <strong>&nbsp;<\/strong><\/td><td><a href=\"https:\/\/rlsb.de\/themen\/schulorganisation\/inklusion\/feststellung\/feststellung-des-sonderpaedagogischen-unterstuetzungsbedarfs\">https:\/\/rlsb.de\/themen\/schulorganisation\/inklusion\/feststellung\/feststellung-des-sonderpaedagogischen-unterstuetzungsbedarfs<\/a><br>Verordnung zur Feststelltung eines Bedarfs an sonderp\u00e4dagogischer Unterst\u00fctzung, Erg\u00e4nzende Bestimmungen (<a href=\"https:\/\/schulischesinklusionskonzept.landkreis-aurich.de\/?page_id=690\">s. Downloadbereich<\/a>)<\/td><\/tr><tr><td><strong>Dokumentation<\/strong><\/td><td>F\u00f6rdergutachten im Rahmen des Verfahrens zur Feststellung eines Bedarfs an sonderp\u00e4dagogischer Unterst\u00fctzung (<em>gem. Verordnung vom 01.08.2021)<\/em>, vollst\u00e4ndige Sch\u00fclerakte &nbsp;<\/td><\/tr><\/tbody><\/table><\/figure>\n","protected":false},"excerpt":{"rendered":"<p>Titel der Ma\u00dfnahme aus der Zeitleiste &nbsp; &nbsp; Ggf. Einleitung zum Feststellungsverfahren eines Bedarfs an sonderp\u00e4dagogischer Unterst\u00fctzung: &#8211; erstmalig &#8211; ver\u00e4nderter Bedarf an sonderp\u00e4dagogischer Unterst\u00fctzung &#8211; Wegfall eines Bedarfs an sonderp\u00e4dagogischer Unterst\u00fctzung &nbsp; Zeitraum &nbsp; &nbsp; Oktober (f\u00fcr Sch\u00fcler*innen des vierten Schuljahres) &nbsp; Fristen: &nbsp; &nbsp; ca. 6 Wochen Bearbeitungszeit &nbsp; Verantwortlich &nbsp; &nbsp; Schulleitung [&hellip;]<\/p>\n","protected":false},"author":3,"featured_media":0,"parent":0,"menu_order":0,"comment_status":"closed","ping_status":"closed","template":"","meta":{"_crdt_document":"","inline_featured_image":false,"material-hide-sections":[],"footnotes":""},"class_list":["post-304","page","type-page","status-publish","hentry"],"_links":{"self":[{"href":"https:\/\/schulischesinklusionskonzept.landkreis-aurich.de\/index.php?rest_route=\/wp\/v2\/pages\/304","targetHints":{"allow":["GET"]}}],"collection":[{"href":"https:\/\/schulischesinklusionskonzept.landkreis-aurich.de\/index.php?rest_route=\/wp\/v2\/pages"}],"about":[{"href":"https:\/\/schulischesinklusionskonzept.landkreis-aurich.de\/index.php?rest_route=\/wp\/v2\/types\/page"}],"author":[{"embeddable":true,"href":"https:\/\/schulischesinklusionskonzept.landkreis-aurich.de\/index.php?rest_route=\/wp\/v2\/users\/3"}],"replies":[{"embeddable":true,"href":"https:\/\/schulischesinklusionskonzept.landkreis-aurich.de\/index.php?rest_route=%2Fwp%2Fv2%2Fcomments&post=304"}],"version-history":[{"count":6,"href":"https:\/\/schulischesinklusionskonzept.landkreis-aurich.de\/index.php?rest_route=\/wp\/v2\/pages\/304\/revisions"}],"predecessor-version":[{"id":893,"href":"https:\/\/schulischesinklusionskonzept.landkreis-aurich.de\/index.php?rest_route=\/wp\/v2\/pages\/304\/revisions\/893"}],"wp:attachment":[{"href":"https:\/\/schulischesinklusionskonzept.landkreis-aurich.de\/index.php?rest_route=%2Fwp%2Fv2%2Fmedia&parent=304"}],"curies":[{"name":"wp","href":"https:\/\/api.w.org\/{rel}","templated":true}]}}