{"id":316,"date":"2023-02-10T06:55:47","date_gmt":"2023-02-10T06:55:47","guid":{"rendered":"https:\/\/schulischesinklusionskonzept.landkreis-aurich.de\/?page_id=316"},"modified":"2023-02-13T16:39:50","modified_gmt":"2023-02-13T16:39:50","slug":"elterninformationsabend","status":"publish","type":"page","link":"https:\/\/schulischesinklusionskonzept.landkreis-aurich.de\/?page_id=316","title":{"rendered":"Elterninformationsabend"},"content":{"rendered":"\n<figure class=\"wp-block-table is-style-material\"><table><tbody><tr><td><strong>Titel der Ma\u00dfnahme aus der Zeitleiste<\/strong> <strong>&nbsp;<\/strong><\/td><td>Elterninformationsabend<\/td><\/tr><tr><td><strong>Zeitraum<\/strong> <strong>&nbsp;<\/strong><\/td><td>November &#8211; M\u00e4rz<\/td><\/tr><tr><td><strong>Fristen:<\/strong> <strong>&nbsp;<\/strong><\/td><td>&nbsp; &#8212;&#8212;&#8212;&#8212;&#8212;&#8212;&#8212;&#8212;&#8212;&#8212;&#8212;&#8212;&#8212;&#8212;&#8212;<\/td><\/tr><tr><td><strong>Verantwortlich<\/strong> <strong>&nbsp;<\/strong><\/td><td>Schulleitung der aufnehmenden Schule<\/td><\/tr><tr><td><strong>Beteiligte<\/strong> <strong>&nbsp;<\/strong> <strong>&nbsp;<\/strong><\/td><td>Schulleitung, Lehrkr\u00e4fte der aufnehmenden Schule, Schulleitung, Erziehungsberechtigte<\/td><\/tr><tr><td><strong>Ort<\/strong> <strong>&nbsp;<\/strong><\/td><td>aufnehmende Schule<\/td><\/tr><tr><td><strong>Ziele<\/strong> &nbsp;<\/td><td>Die Erziehungsberechtigten werden \u00fcber den Bildungsauftrag, die Leistungsanforderungen und Arbeitsweisen der weiterf\u00fchrenden Schulen und die M\u00f6glichkeiten eines sp\u00e4teren Schulformwechsels zu informiert. Dabei ist im Sinne der Durchl\u00e4ssigkeit auch umfassend dar\u00fcber Auskunft zu geben, welche Abschl\u00fcsse und Berechtigungen an den verschiedenen Schulformen erworben werden k\u00f6nnen und welche M\u00f6glichkeiten der Weiterf\u00fchrung es in der gymnasialen Oberstufe sowie in den Bildungsg\u00e4ngen des berufsbildenden Schulwesens gibt. \u00a0<\/td><\/tr><tr><td><strong>Beschreibung der Durchf\u00fchrung:<\/strong> <strong>&nbsp;<\/strong><\/td><td>Eigenverantwortlichkeit der aufnehmenden Schule<\/td><\/tr><tr><td><strong>Dokumentation<\/strong><\/td><td>Einladung<\/td><\/tr><\/tbody><\/table><\/figure>\n","protected":false},"excerpt":{"rendered":"<p>Titel der Ma\u00dfnahme aus der Zeitleiste &nbsp; Elterninformationsabend Zeitraum &nbsp; November &#8211; M\u00e4rz Fristen: &nbsp; &nbsp; &#8212;&#8212;&#8212;&#8212;&#8212;&#8212;&#8212;&#8212;&#8212;&#8212;&#8212;&#8212;&#8212;&#8212;&#8212; Verantwortlich &nbsp; Schulleitung der aufnehmenden Schule Beteiligte &nbsp; &nbsp; Schulleitung, Lehrkr\u00e4fte der aufnehmenden Schule, Schulleitung, Erziehungsberechtigte Ort &nbsp; aufnehmende Schule Ziele &nbsp; Die Erziehungsberechtigten werden \u00fcber den Bildungsauftrag, die Leistungsanforderungen und Arbeitsweisen der weiterf\u00fchrenden Schulen und die M\u00f6glichkeiten [&hellip;]<\/p>\n","protected":false},"author":3,"featured_media":0,"parent":0,"menu_order":0,"comment_status":"closed","ping_status":"closed","template":"","meta":{"_crdt_document":"","inline_featured_image":false,"material-hide-sections":[],"footnotes":""},"class_list":["post-316","page","type-page","status-publish","hentry"],"_links":{"self":[{"href":"https:\/\/schulischesinklusionskonzept.landkreis-aurich.de\/index.php?rest_route=\/wp\/v2\/pages\/316","targetHints":{"allow":["GET"]}}],"collection":[{"href":"https:\/\/schulischesinklusionskonzept.landkreis-aurich.de\/index.php?rest_route=\/wp\/v2\/pages"}],"about":[{"href":"https:\/\/schulischesinklusionskonzept.landkreis-aurich.de\/index.php?rest_route=\/wp\/v2\/types\/page"}],"author":[{"embeddable":true,"href":"https:\/\/schulischesinklusionskonzept.landkreis-aurich.de\/index.php?rest_route=\/wp\/v2\/users\/3"}],"replies":[{"embeddable":true,"href":"https:\/\/schulischesinklusionskonzept.landkreis-aurich.de\/index.php?rest_route=%2Fwp%2Fv2%2Fcomments&post=316"}],"version-history":[{"count":3,"href":"https:\/\/schulischesinklusionskonzept.landkreis-aurich.de\/index.php?rest_route=\/wp\/v2\/pages\/316\/revisions"}],"predecessor-version":[{"id":686,"href":"https:\/\/schulischesinklusionskonzept.landkreis-aurich.de\/index.php?rest_route=\/wp\/v2\/pages\/316\/revisions\/686"}],"wp:attachment":[{"href":"https:\/\/schulischesinklusionskonzept.landkreis-aurich.de\/index.php?rest_route=%2Fwp%2Fv2%2Fmedia&parent=316"}],"curies":[{"name":"wp","href":"https:\/\/api.w.org\/{rel}","templated":true}]}}