{"id":327,"date":"2023-02-10T07:03:53","date_gmt":"2023-02-10T07:03:53","guid":{"rendered":"https:\/\/schulischesinklusionskonzept.landkreis-aurich.de\/?page_id=327"},"modified":"2023-02-13T16:19:46","modified_gmt":"2023-02-13T16:19:46","slug":"verbindliche-anmeldung-an-einer-weiterfuehrenden-schule","status":"publish","type":"page","link":"https:\/\/schulischesinklusionskonzept.landkreis-aurich.de\/?page_id=327","title":{"rendered":"Verbindliche Anmeldung an einer weiterf\u00fchrenden Schule"},"content":{"rendered":"\n<figure class=\"wp-block-table is-style-material\"><table><tbody><tr><td><strong>Titel der Ma\u00dfnahme aus der Zeitleiste<\/strong> <strong>&nbsp;<\/strong> <strong>&nbsp;<\/strong><\/td><td>Verbindliche Anmeldung an einer weiterf\u00fchrenden Schule mit R\u00fcckmeldung an die Grundschule \u00a0<\/td><\/tr><tr><td><strong>Zeitraum<\/strong> <strong>&nbsp;<\/strong><\/td><td>Anfang Mai, \u00f6ffentliche Terminvorgabe durch den Landkreis Aurich \u00a0<\/td><\/tr><tr><td><strong>Fristen:<\/strong> <strong>&nbsp;<\/strong> <strong>&nbsp;<\/strong><\/td><td>Ende Mai<\/td><\/tr><tr><td><strong>Verantwortlich<\/strong> <strong>&nbsp;<\/strong> <strong>&nbsp;<\/strong><\/td><td>Schulleitung der abgebenden Schule, Erziehungsberechtigte<\/td><\/tr><tr><td><strong>Beteiligte<\/strong> <strong>&nbsp;<\/strong> <strong>&nbsp;<\/strong><\/td><td>Schulleitung der abgebenden Schule, Erziehungsberechtigte \u00a0<\/td><\/tr><tr><td><strong>Ort<\/strong> <strong>&nbsp;<\/strong> <strong>&nbsp;<\/strong><\/td><td>Abgebende und aufnehmende Schule<\/td><\/tr><tr><td><strong>Ziele<\/strong> &nbsp;<\/td><td>Planung des kommenden Schuljahres, Identifikation von Sch\u00fcler*innen mit einem Bedarf an sonderp\u00e4dagogischer Unterst\u00fctzung. \u00a0<\/td><\/tr><tr><td><strong>Beschreibung der Durchf\u00fchrung<\/strong><\/td><td>Erziehungsberechtigte melden die Sch\u00fcler*innen verbindlich unter Wahrung der Frist an einer weiterf\u00fchrenden Schule an.<\/td><\/tr><tr><td><strong>Dokumentation<\/strong><\/td><td>Informationsschreiben f\u00fcr die Anmeldung:<a href=\"https:\/\/www.mk.niedersachsen.de\/startseite\/schule\/unsere_schulen\/allgemein_bildende_schulen\/grundschule\/ubergang_von_der_grundschule_auf_eine_weiterfuhrende_schule\/uebergang-grundschule-weiterfuehrende-schule-5842.html\"><\/a> <a href=\"https:\/\/www.mk.niedersachsen.de\/startseite\/schule\/unsere_schulen\/allgemein_bildende_schulen\/grundschule\/ubergang_von_der_grundschule_auf_eine_weiterfuhrende_schule\/uebergang-grundschule-weiterfuehrende-schule-5842.html\">https:\/\/www.mk.niedersachsen.de\/startseite\/schule\/unsere_schulen\/allgemein_bildende_schulen\/grundschule\/ubergang_von_der_grundschule_auf_eine_weiterfuhrende_schule\/uebergang-grundschule-weiterfuehrende-schule-5842.html<\/a> &nbsp;<\/td><\/tr><\/tbody><\/table><\/figure>\n","protected":false},"excerpt":{"rendered":"<p>Titel der Ma\u00dfnahme aus der Zeitleiste &nbsp; &nbsp; Verbindliche Anmeldung an einer weiterf\u00fchrenden Schule mit R\u00fcckmeldung an die Grundschule \u00a0 Zeitraum &nbsp; Anfang Mai, \u00f6ffentliche Terminvorgabe durch den Landkreis Aurich \u00a0 Fristen: &nbsp; &nbsp; Ende Mai Verantwortlich &nbsp; &nbsp; Schulleitung der abgebenden Schule, Erziehungsberechtigte Beteiligte &nbsp; &nbsp; Schulleitung der abgebenden Schule, Erziehungsberechtigte \u00a0 Ort &nbsp; [&hellip;]<\/p>\n","protected":false},"author":3,"featured_media":0,"parent":0,"menu_order":0,"comment_status":"closed","ping_status":"closed","template":"","meta":{"_crdt_document":"","inline_featured_image":false,"material-hide-sections":[],"footnotes":""},"class_list":["post-327","page","type-page","status-publish","hentry"],"_links":{"self":[{"href":"https:\/\/schulischesinklusionskonzept.landkreis-aurich.de\/index.php?rest_route=\/wp\/v2\/pages\/327","targetHints":{"allow":["GET"]}}],"collection":[{"href":"https:\/\/schulischesinklusionskonzept.landkreis-aurich.de\/index.php?rest_route=\/wp\/v2\/pages"}],"about":[{"href":"https:\/\/schulischesinklusionskonzept.landkreis-aurich.de\/index.php?rest_route=\/wp\/v2\/types\/page"}],"author":[{"embeddable":true,"href":"https:\/\/schulischesinklusionskonzept.landkreis-aurich.de\/index.php?rest_route=\/wp\/v2\/users\/3"}],"replies":[{"embeddable":true,"href":"https:\/\/schulischesinklusionskonzept.landkreis-aurich.de\/index.php?rest_route=%2Fwp%2Fv2%2Fcomments&post=327"}],"version-history":[{"count":2,"href":"https:\/\/schulischesinklusionskonzept.landkreis-aurich.de\/index.php?rest_route=\/wp\/v2\/pages\/327\/revisions"}],"predecessor-version":[{"id":669,"href":"https:\/\/schulischesinklusionskonzept.landkreis-aurich.de\/index.php?rest_route=\/wp\/v2\/pages\/327\/revisions\/669"}],"wp:attachment":[{"href":"https:\/\/schulischesinklusionskonzept.landkreis-aurich.de\/index.php?rest_route=%2Fwp%2Fv2%2Fmedia&parent=327"}],"curies":[{"name":"wp","href":"https:\/\/api.w.org\/{rel}","templated":true}]}}