{"id":330,"date":"2023-02-10T06:59:38","date_gmt":"2023-02-10T06:59:38","guid":{"rendered":"https:\/\/schulischesinklusionskonzept.landkreis-aurich.de\/?page_id=330"},"modified":"2023-02-10T06:59:38","modified_gmt":"2023-02-10T06:59:38","slug":"empfehlung-individuelle-uebergangsgespraeche","status":"publish","type":"page","link":"https:\/\/schulischesinklusionskonzept.landkreis-aurich.de\/?page_id=330","title":{"rendered":"Empfehlung: Individuelle \u00dcbergangsgespr\u00e4che"},"content":{"rendered":"\n<figure class=\"wp-block-table is-style-material\"><table><tbody><tr><td><strong>Titel der Ma\u00dfnahme aus der Zeitleiste<\/strong> <strong>&nbsp;<\/strong> <strong>&nbsp;<\/strong><\/td><td>Individuelle \u00dcbergangsgespr\u00e4che (Empfehlung!) &nbsp;<\/td><\/tr><tr><td><strong>Zeitraum<\/strong> <strong>&nbsp;<\/strong> <strong>&nbsp;<\/strong><\/td><td>Mai\/Juni &nbsp;<\/td><\/tr><tr><td><strong>Fristen:<\/strong> <strong>&nbsp;<\/strong> <strong>&nbsp;<\/strong><\/td><td>bis zu den Sommerferien &nbsp;<\/td><\/tr><tr><td><strong>Verantwortlich<\/strong> <strong>&nbsp;<\/strong> <strong>&nbsp;<\/strong><\/td><td>Ggf. Schulleitung der aufnehmenden Schule<\/td><\/tr><tr><td><strong>Beteiligte<\/strong> <strong>&nbsp;<\/strong> <strong>&nbsp;<\/strong><\/td><td>Klassenlehrer*in der abgebenden Schule, Koordinator*innen und\/oder Klassenlehrer*in der aufnehmenden Schule, F\u00f6rderschullehrkr\u00e4fte beider Schulen<\/td><\/tr><tr><td><strong>Ort<\/strong> <strong>&nbsp;<\/strong> <strong>&nbsp;<\/strong><\/td><td>aufnehmende Schule<\/td><\/tr><tr><td><strong>Ziele<\/strong> &nbsp;<\/td><td>Optimale Eingruppierung der Sch\u00fcler*innen mit einem Bedarf an sonderp\u00e4dagogischer Unterst\u00fctzung in der aufnehmenden Schule &nbsp;<\/td><\/tr><tr><td><strong>Beschreibung der Durchf\u00fchrung:<\/strong> <strong>&nbsp;<\/strong><\/td><td>Informationen \u00fcber individuelle Unterst\u00fctzungen (Mobiler Dienst, Schulbegleitung, au\u00dferschulische F\u00f6rderung etc.), Erl\u00e4uterung der ILE und des aktuellen F\u00f6rderplans. &nbsp;<\/td><\/tr><tr><td><strong>Dokumentation<\/strong><\/td><td>&nbsp; &nbsp; &nbsp;<\/td><\/tr><\/tbody><\/table><\/figure>\n","protected":false},"excerpt":{"rendered":"<p>Titel der Ma\u00dfnahme aus der Zeitleiste &nbsp; &nbsp; Individuelle \u00dcbergangsgespr\u00e4che (Empfehlung!) &nbsp; Zeitraum &nbsp; &nbsp; Mai\/Juni &nbsp; Fristen: &nbsp; &nbsp; bis zu den Sommerferien &nbsp; Verantwortlich &nbsp; &nbsp; Ggf. Schulleitung der aufnehmenden Schule Beteiligte &nbsp; &nbsp; Klassenlehrer*in der abgebenden Schule, Koordinator*innen und\/oder Klassenlehrer*in der aufnehmenden Schule, F\u00f6rderschullehrkr\u00e4fte beider Schulen Ort &nbsp; &nbsp; aufnehmende Schule Ziele [&hellip;]<\/p>\n","protected":false},"author":3,"featured_media":0,"parent":0,"menu_order":0,"comment_status":"closed","ping_status":"closed","template":"","meta":{"_crdt_document":"","inline_featured_image":false,"material-hide-sections":[],"footnotes":""},"class_list":["post-330","page","type-page","status-publish","hentry"],"_links":{"self":[{"href":"https:\/\/schulischesinklusionskonzept.landkreis-aurich.de\/index.php?rest_route=\/wp\/v2\/pages\/330","targetHints":{"allow":["GET"]}}],"collection":[{"href":"https:\/\/schulischesinklusionskonzept.landkreis-aurich.de\/index.php?rest_route=\/wp\/v2\/pages"}],"about":[{"href":"https:\/\/schulischesinklusionskonzept.landkreis-aurich.de\/index.php?rest_route=\/wp\/v2\/types\/page"}],"author":[{"embeddable":true,"href":"https:\/\/schulischesinklusionskonzept.landkreis-aurich.de\/index.php?rest_route=\/wp\/v2\/users\/3"}],"replies":[{"embeddable":true,"href":"https:\/\/schulischesinklusionskonzept.landkreis-aurich.de\/index.php?rest_route=%2Fwp%2Fv2%2Fcomments&post=330"}],"version-history":[{"count":3,"href":"https:\/\/schulischesinklusionskonzept.landkreis-aurich.de\/index.php?rest_route=\/wp\/v2\/pages\/330\/revisions"}],"predecessor-version":[{"id":663,"href":"https:\/\/schulischesinklusionskonzept.landkreis-aurich.de\/index.php?rest_route=\/wp\/v2\/pages\/330\/revisions\/663"}],"wp:attachment":[{"href":"https:\/\/schulischesinklusionskonzept.landkreis-aurich.de\/index.php?rest_route=%2Fwp%2Fv2%2Fmedia&parent=330"}],"curies":[{"name":"wp","href":"https:\/\/api.w.org\/{rel}","templated":true}]}}