{"id":333,"date":"2023-02-02T11:42:39","date_gmt":"2023-02-02T11:42:39","guid":{"rendered":"https:\/\/schulischesinklusionskonzept.landkreis-aurich.de\/?page_id=333"},"modified":"2023-03-13T10:09:50","modified_gmt":"2023-03-13T10:09:50","slug":"uebergang-kindergarten-schule","status":"publish","type":"page","link":"https:\/\/schulischesinklusionskonzept.landkreis-aurich.de\/?page_id=333","title":{"rendered":"\u00dcbergang Kindergarten &#8211; Grundschule"},"content":{"rendered":"\n<p class=\"wp-block-paragraph\">Der \u00dcbergang vom Kindergarten in die Grundschule ist eine wichtige Schnittstelle f\u00fcr die Gesamtentwicklung des Kindes, da sich Entwicklungsverl\u00e4ufe im Positiven wie im Negativen verst\u00e4rken k\u00f6nnen. Zudem ist der \u00dcbergang als Prozess zu verstehen, der weit vor dem Einschulungstermin beginnt und \u00fcber diesen hinausragt. Bedeutsam ist, dass die beteiligten professionellen p\u00e4dagogischen Akteure \u2013 die Erzieherinnen und Erzieher sowie die Lehrkr\u00e4fte \u2013 den \u00dcbergang in gemeinsamer Verantwortung gestalten und das Kind darin unterst\u00fctzen, Schulf\u00e4higkeit zu erlangen und bedarfsgerecht Unterst\u00fctzungsleistungen zur Gew\u00e4hrung von Teilhabe zu erhalten. Hier bedarf es eines intensiven Austauschs und einer engen Kooperation zwischen dem Kindergarten und der Grundschule unter Einbeziehung der Erziehungsberechtigten.<\/p>\n\n\n\n<p class=\"wp-block-paragraph\"><\/p>\n\n\n\n<p class=\"wp-block-paragraph\">Das letzte Kindergartenjahr vor dem \u00dcbergang in die Grundschule ist in Form einer Zeitleiste dargestellt. Innerhalb der dort aufgef\u00fchrten Zeitfenster werden Mechanismen genannt und erl\u00e4utert, welche den beschriebenen Anspruch sicherstellen.<\/p>\n\n\n\n<p class=\"wp-block-paragraph\"><strong>Vor<\/strong> dem letzten Kindergartenjahr<\/p>\n\n\n\n<figure class=\"wp-block-table is-style-material uebergang\"><table><tbody><tr><td>Kindergarten<\/td><td>Monat<\/td><td>Grundschule<\/td><\/tr><tr><td><\/td><td>Mai &#8211; Juni<\/td><td><a href=\"https:\/\/schulischesinklusionskonzept.landkreis-aurich.de\/?page_id=553\">Schulanmeldung<\/a><\/td><\/tr><\/tbody><\/table><\/figure>\n\n\n\n<p class=\"wp-block-paragraph\">Im Jahr vor der Einschulung <\/p>\n\n\n\n<figure class=\"wp-block-table is-style-material uebergang\"><table><tbody><tr><td>Kindergarten<\/td><td>Monat<\/td><td>Grundschule<\/td><\/tr><tr><td><a href=\"https:\/\/schulischesinklusionskonzept.landkreis-aurich.de\/?page_id=344\">Elterninformationsabend<\/a>   <br><br><a href=\"https:\/\/schulischesinklusionskonzept.landkreis-aurich.de\/?page_id=556\">Planung von individuellen Ma\u00dfnahmen zur alltagsintegrierten Sprachbildung und \u2013f\u00f6rderung im letzten KiTa-Jahr<\/a><\/td><td>August &#8211; Oktober<\/td><td><\/td><\/tr><tr><td><a href=\"https:\/\/schulischesinklusionskonzept.landkreis-aurich.de\/?page_id=347\">Benennung von Kindern mit Bedarfen, welche \u00fcber eine rein p\u00e4dagogische Unterst\u00fctzung hinausgehen<\/a><\/td><td>November &#8211; Dezember<\/td><td><\/td><\/tr><tr><td><a href=\"https:\/\/schulischesinklusionskonzept.landkreis-aurich.de\/?page_id=350\">Runder Tisch<\/a><\/td><td>Januar &#8211; Februar<\/td><td><a href=\"https:\/\/schulischesinklusionskonzept.landkreis-aurich.de\/?page_id=350\">Runder Tisch<\/a><\/td><\/tr><tr><td>Austausch \u00fcber die Schuleingangsuntersuchung<\/td><td>M\u00e4rz &#8211; Mai<\/td><td>Austausch \u00fcber die Schuleingangsuntersuchung<\/td><\/tr><tr><td><\/td><td>April &#8211; Mai<\/td><td><a href=\"https:\/\/schulischesinklusionskonzept.landkreis-aurich.de\/?page_id=548\">Schulbesuchstage<\/a><\/td><\/tr><tr><td><a href=\"https:\/\/schulischesinklusionskonzept.landkreis-aurich.de\/?page_id=565\">Abschlie\u00dfendes Elterngespr\u00e4ch (\u201eBr\u00fcckengespr\u00e4ch\u201c) f\u00fcr Kinder mit Sprachf\u00f6rderbedarf<\/a><\/td><td>Juni<\/td><td><a href=\"https:\/\/schulischesinklusionskonzept.landkreis-aurich.de\/?page_id=568\">Informationsveranstaltung in der Schule<\/a><\/td><\/tr><tr><td><\/td><td>Juli<\/td><td><a href=\"https:\/\/schulischesinklusionskonzept.landkreis-aurich.de\/?page_id=571\">\u00dcbergabegespr\u00e4che als Angebot der Schule und des Kindergartens<\/a><\/td><\/tr><\/tbody><\/table><\/figure>\n\n\n\n<p class=\"wp-block-paragraph\"><\/p>\n","protected":false},"excerpt":{"rendered":"<p>Der \u00dcbergang vom Kindergarten in die Grundschule ist eine wichtige Schnittstelle f\u00fcr die Gesamtentwicklung des Kindes, da sich Entwicklungsverl\u00e4ufe im Positiven wie im Negativen verst\u00e4rken k\u00f6nnen. Zudem ist der \u00dcbergang als Prozess zu verstehen, der weit vor dem Einschulungstermin beginnt und \u00fcber diesen hinausragt. Bedeutsam ist, dass die beteiligten professionellen p\u00e4dagogischen Akteure \u2013 die Erzieherinnen [&hellip;]<\/p>\n","protected":false},"author":3,"featured_media":0,"parent":13,"menu_order":0,"comment_status":"closed","ping_status":"closed","template":"","meta":{"_crdt_document":"","inline_featured_image":false,"material-hide-sections":[],"footnotes":""},"class_list":["post-333","page","type-page","status-publish","hentry"],"_links":{"self":[{"href":"https:\/\/schulischesinklusionskonzept.landkreis-aurich.de\/index.php?rest_route=\/wp\/v2\/pages\/333","targetHints":{"allow":["GET"]}}],"collection":[{"href":"https:\/\/schulischesinklusionskonzept.landkreis-aurich.de\/index.php?rest_route=\/wp\/v2\/pages"}],"about":[{"href":"https:\/\/schulischesinklusionskonzept.landkreis-aurich.de\/index.php?rest_route=\/wp\/v2\/types\/page"}],"author":[{"embeddable":true,"href":"https:\/\/schulischesinklusionskonzept.landkreis-aurich.de\/index.php?rest_route=\/wp\/v2\/users\/3"}],"replies":[{"embeddable":true,"href":"https:\/\/schulischesinklusionskonzept.landkreis-aurich.de\/index.php?rest_route=%2Fwp%2Fv2%2Fcomments&post=333"}],"version-history":[{"count":29,"href":"https:\/\/schulischesinklusionskonzept.landkreis-aurich.de\/index.php?rest_route=\/wp\/v2\/pages\/333\/revisions"}],"predecessor-version":[{"id":1127,"href":"https:\/\/schulischesinklusionskonzept.landkreis-aurich.de\/index.php?rest_route=\/wp\/v2\/pages\/333\/revisions\/1127"}],"up":[{"embeddable":true,"href":"https:\/\/schulischesinklusionskonzept.landkreis-aurich.de\/index.php?rest_route=\/wp\/v2\/pages\/13"}],"wp:attachment":[{"href":"https:\/\/schulischesinklusionskonzept.landkreis-aurich.de\/index.php?rest_route=%2Fwp%2Fv2%2Fmedia&parent=333"}],"curies":[{"name":"wp","href":"https:\/\/api.w.org\/{rel}","templated":true}]}}