{"id":344,"date":"2023-02-10T06:56:42","date_gmt":"2023-02-10T06:56:42","guid":{"rendered":"https:\/\/schulischesinklusionskonzept.landkreis-aurich.de\/?page_id=344"},"modified":"2023-02-17T09:38:41","modified_gmt":"2023-02-17T09:38:41","slug":"elterninformationsveranstaltung-im-kindergarten","status":"publish","type":"page","link":"https:\/\/schulischesinklusionskonzept.landkreis-aurich.de\/?page_id=344","title":{"rendered":"Elterninformations-veranstaltung im Kindergarten"},"content":{"rendered":"\n<figure class=\"wp-block-table is-style-material\"><table><tbody><tr><td><strong>Titel der Ma\u00dfnahme<\/strong><\/td><td><strong>Elterninformationsveranstaltung im Kindergarten<\/strong><\/td><\/tr><tr><td><strong>Zeitraum<\/strong><\/td><td>August bis Oktober<\/td><\/tr><tr><td><strong>Verantwortlich<\/strong><\/td><td>Kindergartenleitung<\/td><\/tr><tr><td><strong>Beteiligte<\/strong><\/td><td>&#8211; Erzieherinnen und Erzieher der abgebenden Kinderg\u00e4rten <br>&#8211; ggf. Beteiligung des Gesundheitsamtes zur Information \u00fcber die Schuleingangsuntersuchung <br>&#8211; ggf. Beteiligung von Schulleitungen aufnehmender Schulen bzw. Lehrkr\u00e4ften<\/td><\/tr><tr><td><strong>Ort<\/strong><\/td><td>R\u00e4umlichkeiten des Kindergartens<\/td><\/tr><tr><td><strong>Ziele<\/strong><\/td><td>&#8211; Informationen \u00fcber die geplanten Ma\u00dfnahmen w\u00e4hrend des letzten Kindergartenjahrs <br>&#8211; Einbeziehen der Erziehungsberechtigten in die Zeit des \u00dcbergangs an die Grundschule<br>&#8211; Informationen \u00fcber zu erstrebende Kompetenzen f\u00fcr den Schuleintritt <\/td><\/tr><tr><td><strong>Beschreibung der Durchf\u00fchrung<\/strong><\/td><td>&#8211; Vorstellung der auf die Einschulung ausgerichteten Bildungsanteile der Kinderg\u00e4rten <br>&#8211; ggf. Vorstellung von f\u00fcr den \u00dcbergang entwickelten Konzepten (Wuppi, Hexe Mirola (Diagnostik), ggf. eigen Konzeptionen, \u2026) <br>&#8211; Beschreibung der geplanten Ma\u00dfnahmen in Kooperation mit den aufnehmenden Grundschulen <br>&#8211; Informationen \u00fcber die Schuleingangsuntersuchung<\/td><\/tr><tr><td><strong>Dokumentation<\/strong><\/td><td>Teilnehmerliste durch den Kindergarten erstellt<\/td><\/tr><tr><td><strong>Evaluation<\/strong><\/td><td>im Rahmen der j\u00e4hrlichen Terminplanung f\u00fcr das letzte Kindergartenjahr zwischen den Institutionsleitungen der Kinderg\u00e4rten und Grundschulen<\/td><\/tr><tr><td><strong>Rechtliche Grundlagen<\/strong><\/td><td>&#8211; Orientierungsplan f\u00fcr Bildung und Erziehung des nieders\u00e4chsischen Kultusministeriums \u2013 Pflicht zur Zusammenarbeit <br>&#8211; Nds. Tagesst\u00e4ttengesetz (NKiTag) \u00a74 und \u00a715 \u2013 Zusammenarbeit Kiga-GS im Sinne des Kindes<\/td><\/tr><\/tbody><\/table><\/figure>\n","protected":false},"excerpt":{"rendered":"<p>Titel der Ma\u00dfnahme Elterninformationsveranstaltung im Kindergarten Zeitraum August bis Oktober Verantwortlich Kindergartenleitung Beteiligte &#8211; Erzieherinnen und Erzieher der abgebenden Kinderg\u00e4rten &#8211; ggf. Beteiligung des Gesundheitsamtes zur Information \u00fcber die Schuleingangsuntersuchung &#8211; ggf. Beteiligung von Schulleitungen aufnehmender Schulen bzw. Lehrkr\u00e4ften Ort R\u00e4umlichkeiten des Kindergartens Ziele &#8211; Informationen \u00fcber die geplanten Ma\u00dfnahmen w\u00e4hrend des letzten Kindergartenjahrs &#8211; [&hellip;]<\/p>\n","protected":false},"author":3,"featured_media":0,"parent":0,"menu_order":0,"comment_status":"closed","ping_status":"closed","template":"","meta":{"_crdt_document":"","inline_featured_image":false,"material-hide-sections":[],"footnotes":""},"class_list":["post-344","page","type-page","status-publish","hentry"],"_links":{"self":[{"href":"https:\/\/schulischesinklusionskonzept.landkreis-aurich.de\/index.php?rest_route=\/wp\/v2\/pages\/344","targetHints":{"allow":["GET"]}}],"collection":[{"href":"https:\/\/schulischesinklusionskonzept.landkreis-aurich.de\/index.php?rest_route=\/wp\/v2\/pages"}],"about":[{"href":"https:\/\/schulischesinklusionskonzept.landkreis-aurich.de\/index.php?rest_route=\/wp\/v2\/types\/page"}],"author":[{"embeddable":true,"href":"https:\/\/schulischesinklusionskonzept.landkreis-aurich.de\/index.php?rest_route=\/wp\/v2\/users\/3"}],"replies":[{"embeddable":true,"href":"https:\/\/schulischesinklusionskonzept.landkreis-aurich.de\/index.php?rest_route=%2Fwp%2Fv2%2Fcomments&post=344"}],"version-history":[{"count":4,"href":"https:\/\/schulischesinklusionskonzept.landkreis-aurich.de\/index.php?rest_route=\/wp\/v2\/pages\/344\/revisions"}],"predecessor-version":[{"id":755,"href":"https:\/\/schulischesinklusionskonzept.landkreis-aurich.de\/index.php?rest_route=\/wp\/v2\/pages\/344\/revisions\/755"}],"wp:attachment":[{"href":"https:\/\/schulischesinklusionskonzept.landkreis-aurich.de\/index.php?rest_route=%2Fwp%2Fv2%2Fmedia&parent=344"}],"curies":[{"name":"wp","href":"https:\/\/api.w.org\/{rel}","templated":true}]}}