{"id":347,"date":"2023-02-10T06:57:42","date_gmt":"2023-02-10T06:57:42","guid":{"rendered":"https:\/\/schulischesinklusionskonzept.landkreis-aurich.de\/?page_id=347"},"modified":"2023-02-20T12:37:08","modified_gmt":"2023-02-20T12:37:08","slug":"benennung-von-kindern-mit-ueber-rein-paedagogische-unterstuetzung-hinausgehenden-bedarfen","status":"publish","type":"page","link":"https:\/\/schulischesinklusionskonzept.landkreis-aurich.de\/?page_id=347","title":{"rendered":"Benennung von Kindern mit \u00fcber rein p\u00e4dagogische Unterst\u00fctzung hinausgehenden Bedarfen"},"content":{"rendered":"\n<figure class=\"wp-block-table is-style-material\"><table><tbody><tr><td><strong>Titel der Ma\u00dfnahme<\/strong><\/td><td><strong>Benennung von Kindern mit \u00fcber rein p\u00e4dagogische Unterst\u00fctzung hinausgehenden Bedarfen<\/strong><\/td><\/tr><tr><td><strong>Zeitraum<\/strong><\/td><td>November\/Dezember<\/td><\/tr><tr><td><strong>Verantwortlich<\/strong><\/td><td>Kindergartenleitung<\/td><\/tr><tr><td><strong>Beteiligte<\/strong><\/td><td>&#8211; Erzieherinnen und Erzieher der abgebenden Kinderg\u00e4rten <br>&#8211; Kiga-Leitung: Information der Erziehungsberechtigten \u00fcber sog. \u201eRunden Tisch\u201c <br>&#8211; Schulleitungen der aufnehmender Schulen empfangen die Mitteilung<\/td><\/tr><tr><td><strong>Ziele<\/strong><\/td><td>&#8211; Informationen der Schule \u00fcber einzuschulende Kinder, bei denen sich \u00fcber rein p\u00e4dagogische Hilfen hinausgehende Unterst\u00fctzungsleistungen abzeichnen<\/td><\/tr><tr><td><strong>Beschreibung der Durchf\u00fchrung<\/strong><\/td><td>&#8211; Kindergartenleitung informiert die Schulleitung \u00fcber einzuschulende Kinder mit besonderen Bedarfen, sofern <a href=\"https:\/\/schulischesinklusionskonzept.landkreis-aurich.de\/?page_id=690\">Schweigepflichtentbindung<\/a> vorhanden (s. Schulanmeldung).<\/td><\/tr><tr><td><strong>Dokumentation<\/strong><\/td><td>Innerhalb der Schule durch Schulleitung<\/td><\/tr><tr><td><strong>Rechtliche Grundlagen<\/strong><\/td><td>&#8211; Orientierungsplan f\u00fcr Bildung und Erziehung des nieders\u00e4chsischen Kultusministeriums \u2013 Pflicht zur Zusammenarbeit <br>&#8211; Nds. Tagesst\u00e4ttengesetz (NKiTag) \u00a74 und \u00a715 \u2013 Zusammenarbeit Kiga-GS im Sinne des Kindes<\/td><\/tr><\/tbody><\/table><\/figure>\n","protected":false},"excerpt":{"rendered":"<p>Titel der Ma\u00dfnahme Benennung von Kindern mit \u00fcber rein p\u00e4dagogische Unterst\u00fctzung hinausgehenden Bedarfen Zeitraum November\/Dezember Verantwortlich Kindergartenleitung Beteiligte &#8211; Erzieherinnen und Erzieher der abgebenden Kinderg\u00e4rten &#8211; Kiga-Leitung: Information der Erziehungsberechtigten \u00fcber sog. \u201eRunden Tisch\u201c &#8211; Schulleitungen der aufnehmender Schulen empfangen die Mitteilung Ziele &#8211; Informationen der Schule \u00fcber einzuschulende Kinder, bei denen sich \u00fcber rein [&hellip;]<\/p>\n","protected":false},"author":3,"featured_media":0,"parent":0,"menu_order":0,"comment_status":"closed","ping_status":"closed","template":"","meta":{"_crdt_document":"","inline_featured_image":false,"material-hide-sections":[],"footnotes":""},"class_list":["post-347","page","type-page","status-publish","hentry"],"_links":{"self":[{"href":"https:\/\/schulischesinklusionskonzept.landkreis-aurich.de\/index.php?rest_route=\/wp\/v2\/pages\/347","targetHints":{"allow":["GET"]}}],"collection":[{"href":"https:\/\/schulischesinklusionskonzept.landkreis-aurich.de\/index.php?rest_route=\/wp\/v2\/pages"}],"about":[{"href":"https:\/\/schulischesinklusionskonzept.landkreis-aurich.de\/index.php?rest_route=\/wp\/v2\/types\/page"}],"author":[{"embeddable":true,"href":"https:\/\/schulischesinklusionskonzept.landkreis-aurich.de\/index.php?rest_route=\/wp\/v2\/users\/3"}],"replies":[{"embeddable":true,"href":"https:\/\/schulischesinklusionskonzept.landkreis-aurich.de\/index.php?rest_route=%2Fwp%2Fv2%2Fcomments&post=347"}],"version-history":[{"count":6,"href":"https:\/\/schulischesinklusionskonzept.landkreis-aurich.de\/index.php?rest_route=\/wp\/v2\/pages\/347\/revisions"}],"predecessor-version":[{"id":837,"href":"https:\/\/schulischesinklusionskonzept.landkreis-aurich.de\/index.php?rest_route=\/wp\/v2\/pages\/347\/revisions\/837"}],"wp:attachment":[{"href":"https:\/\/schulischesinklusionskonzept.landkreis-aurich.de\/index.php?rest_route=%2Fwp%2Fv2%2Fmedia&parent=347"}],"curies":[{"name":"wp","href":"https:\/\/api.w.org\/{rel}","templated":true}]}}