{"id":350,"date":"2023-02-10T07:03:12","date_gmt":"2023-02-10T07:03:12","guid":{"rendered":"https:\/\/schulischesinklusionskonzept.landkreis-aurich.de\/?page_id=350"},"modified":"2023-02-20T12:38:24","modified_gmt":"2023-02-20T12:38:24","slug":"sog-runder-tisch","status":"publish","type":"page","link":"https:\/\/schulischesinklusionskonzept.landkreis-aurich.de\/?page_id=350","title":{"rendered":"Sog. &#8222;Runder Tisch&#8220;"},"content":{"rendered":"\n<figure class=\"wp-block-table is-style-material\"><table><tbody><tr><td><strong>Titel der Ma\u00dfnahme<\/strong><\/td><td><strong>Durchf\u00fchrung \u201eRunder Tisch\u201c<\/strong><\/td><\/tr><tr><td><strong>Zeitraum<\/strong><\/td><td>ein halbes Jahr vor der Einschulung (Januar \u2013 Februar)<\/td><\/tr><tr><td><strong>Verantwortlich<\/strong><\/td><td>Schulleitung<\/td><\/tr><tr><td><strong>Beteiligte<\/strong><\/td><td>Erzieherinnen und Erzieher, Schulleitung, Sonderp\u00e4dagogin, Erziehungsberechtigte, ggf. Therapeuten, Mediziner, AUNO-Koordination, \u2026<\/td><\/tr><tr><td><strong>Ort<\/strong><\/td><td>Schule<\/td><\/tr><tr><td><strong>Ziele<\/strong><\/td><td>&#8211; Sicherstellung eines reibungslosen \u00dcbergangs vom Kindergarten in die Schule mit unmittelbarer Bereitstellung aller Hilfs- und Unterst\u00fctzungsleistungen <br>&#8211; Ergebnisoffenes Gespr\u00e4ch \u00fcber einzelne Kinder bez\u00fcglich individueller Auff\u00e4lligkeiten und bereitzustellender Hilfs- und Unterst\u00fctzungsma\u00dfnahmen&nbsp;&nbsp; <br>&#8211; ggf. Hilfestellung f\u00fcr die Erziehungsberechtigten bei der Entscheidung \u00fcber die Inanspruchnahme der \u201eFlex-Kinder-Regelung\u201c <br>&#8211; ggf. Hilfestellung f\u00fcr die Schulleitung bzgl. einer notwendigen Zur\u00fcckstellung vom Schulbesuch <br>&#8211; Gespr\u00e4ch \u00fcber ggf. notwendige vorschulische begleitende F\u00f6rderma\u00dfnahmen (Logop\u00e4die, Ergotherapie, Psychotherapie, \u2026), welche auf medizinische Verordnung als Kassenleistung durch die Erziehungsberechtigten zu initiieren w\u00e4ren<br>&#8211; erstes Gespr\u00e4ch \u00fcber ggf. notwendige schulische Unterst\u00fctzungsma\u00dfnahmen (Verfahren zur Feststellung eines Bedarfs an sonderp\u00e4dagogischer Unterst\u00fctzung, ggf. Schulbegleitung)<\/td><\/tr><tr><td><strong>Beschreibung der Durchf\u00fchrung<\/strong><\/td><td>Die Schule l\u00e4dt ein, damit sich schulische Vertreter einen Eindruck \u00fcber die sozial-emotionalen, sprachlichen, kognitiven, wahrnehmungsgebundenen und motorischen F\u00e4higkeiten der einzuschulenden Kinder verschaffen k\u00f6nnen. Daraus sollen ergebnisoffen bedarfsgerechte und konkrete Hilfen und Unterst\u00fctzungsleistungen f\u00fcr die Zeit bis zur Einschulung und f\u00fcr den Schulstart ermittelt und initiiert werden. Bei Bedarf k\u00f6nnen erg\u00e4nzende Verfahren und Vorgehensweisen zur passgenaueren Einsch\u00e4tzung und Ermittlung des Bedarfs abgestimmt werden.&nbsp;&nbsp;&nbsp;&nbsp;<\/td><\/tr><tr><td><strong>Dokumentation<\/strong><\/td><td>individueller Beobachtungsbogen der jeweiligen Grundschule<\/td><\/tr><tr><td><strong>Evaluation<\/strong><\/td><td>im Rahmen der j\u00e4hrlichen Terminplanung f\u00fcr das letzte Kindergartenjahr zwischen den Institutionsleitungen der Kinderg\u00e4rten und Grundschulen<\/td><\/tr><tr><td><strong>Rechtliche Grundlagen<\/strong><\/td><td>&#8211; Orientierungsplan f\u00fcr Bildung und Erziehung des nieders\u00e4chsischen Kultusministeriums <br>&#8211; Nds. Tagesst\u00e4ttengesetz (NKiTag) \u00a74 und \u00a715 \u2013 Zusammenarbeit Kiga-GS im Sinne des Kindes <br>&#8211; <a href=\"https:\/\/schulischesinklusionskonzept.landkreis-aurich.de\/?page_id=690\">Schweigepflichtentbindung<\/a> wurde im Vorfeld erteilt<br>&#8211; \u201eRegionale Vereinbarung des Landkreises Aurich \u00fcber die konzeptionelle Ausgestaltung der integrativen Gruppen (\u201eRegionale Vereinbarung Integration\u201c)<\/td><\/tr><\/tbody><\/table><\/figure>\n","protected":false},"excerpt":{"rendered":"<p>Titel der Ma\u00dfnahme Durchf\u00fchrung \u201eRunder Tisch\u201c Zeitraum ein halbes Jahr vor der Einschulung (Januar \u2013 Februar) Verantwortlich Schulleitung Beteiligte Erzieherinnen und Erzieher, Schulleitung, Sonderp\u00e4dagogin, Erziehungsberechtigte, ggf. Therapeuten, Mediziner, AUNO-Koordination, \u2026 Ort Schule Ziele &#8211; Sicherstellung eines reibungslosen \u00dcbergangs vom Kindergarten in die Schule mit unmittelbarer Bereitstellung aller Hilfs- und Unterst\u00fctzungsleistungen &#8211; Ergebnisoffenes Gespr\u00e4ch \u00fcber einzelne [&hellip;]<\/p>\n","protected":false},"author":3,"featured_media":0,"parent":0,"menu_order":0,"comment_status":"closed","ping_status":"closed","template":"","meta":{"_crdt_document":"","inline_featured_image":false,"material-hide-sections":[],"footnotes":""},"class_list":["post-350","page","type-page","status-publish","hentry"],"_links":{"self":[{"href":"https:\/\/schulischesinklusionskonzept.landkreis-aurich.de\/index.php?rest_route=\/wp\/v2\/pages\/350","targetHints":{"allow":["GET"]}}],"collection":[{"href":"https:\/\/schulischesinklusionskonzept.landkreis-aurich.de\/index.php?rest_route=\/wp\/v2\/pages"}],"about":[{"href":"https:\/\/schulischesinklusionskonzept.landkreis-aurich.de\/index.php?rest_route=\/wp\/v2\/types\/page"}],"author":[{"embeddable":true,"href":"https:\/\/schulischesinklusionskonzept.landkreis-aurich.de\/index.php?rest_route=\/wp\/v2\/users\/3"}],"replies":[{"embeddable":true,"href":"https:\/\/schulischesinklusionskonzept.landkreis-aurich.de\/index.php?rest_route=%2Fwp%2Fv2%2Fcomments&post=350"}],"version-history":[{"count":6,"href":"https:\/\/schulischesinklusionskonzept.landkreis-aurich.de\/index.php?rest_route=\/wp\/v2\/pages\/350\/revisions"}],"predecessor-version":[{"id":838,"href":"https:\/\/schulischesinklusionskonzept.landkreis-aurich.de\/index.php?rest_route=\/wp\/v2\/pages\/350\/revisions\/838"}],"wp:attachment":[{"href":"https:\/\/schulischesinklusionskonzept.landkreis-aurich.de\/index.php?rest_route=%2Fwp%2Fv2%2Fmedia&parent=350"}],"curies":[{"name":"wp","href":"https:\/\/api.w.org\/{rel}","templated":true}]}}