{"id":430,"date":"2023-02-05T16:22:57","date_gmt":"2023-02-05T16:22:57","guid":{"rendered":"https:\/\/schulischesinklusionskonzept.landkreis-aurich.de\/?page_id=430"},"modified":"2023-03-17T07:23:31","modified_gmt":"2023-03-17T07:23:31","slug":"impressum","status":"publish","type":"page","link":"https:\/\/schulischesinklusionskonzept.landkreis-aurich.de\/?page_id=430","title":{"rendered":"Impressum"},"content":{"rendered":"\n<p class=\"wp-block-paragraph\">Landkreis Aurich<br>Fischteichweg 7-13<br>26603 Aurich<\/p>\n\n\n\n<p class=\"wp-block-paragraph\">Telefon: 04941\/16-0<br><a href=\"mailto:info@landkreis-aurich.de\">info(at)landkreis-aurich.de<\/a><\/p>\n\n\n\n<p class=\"wp-block-paragraph\">Der Landkreis Aurich ist eine K\u00f6rperschaft des \u00f6ffentlichen Rechts.<br>Er wird vertreten durch Landrat Olaf Meinen.<\/p>\n\n\n\n<p class=\"wp-block-paragraph\">Inhaltlich Verantwortlicher gem\u00e4\u00df \u00a7 55 Abs. 2 RStV ist Rainer M\u00fcller-Gummels.<\/p>\n\n\n\n<h3 class=\"wp-block-heading\">Urheberrecht<\/h3>\n\n\n\n<p class=\"wp-block-paragraph\">Das Design und Layout der Internetseite des Landkreises Aurich sowie die verwendeten Texte Fotos und sonstigen Inhalte sind urheberrechtlich gesch\u00fctzt. Jegliche Reproduktion sowie die Anzeige der Internetseite innerhalb von fremden Frames, auch auszugsweise, ist untersagt bzw. bedarf der vorherigen schriftlchen Genehmigung.<\/p>\n\n\n\n<h3 class=\"wp-block-heading\">Bildquellen<\/h3>\n\n\n\n<p class=\"wp-block-paragraph\">Stockfotos: www.iStock.com<\/p>\n\n\n\n<h3 class=\"wp-block-heading\">Content Managment System<\/h3>\n\n\n\n<p class=\"wp-block-paragraph\">Die Internetseite des Landkreises Aurich wurde mit dem Open-Source Content-Managment-System WordPress erstellt. WordPress bietet komplexe Funktionalit\u00e4ten in Verbindung mit einer f\u00fcr die Autoren einfach und intuitiv zu bedienenden Benutzeroberfl\u00e4che und erm\u00f6glicht dadurch eine dezentrale und effiziente Pflege der Inhalte.<\/p>\n\n\n\n<h2 class=\"wp-block-heading\">Urheberrechte, Haftungsausschluss<\/h2>\n\n\n\n<h3 class=\"wp-block-heading\">1. Inhalt des Onlineangebotes<\/h3>\n\n\n\n<p class=\"wp-block-paragraph\">Der Landkreis Aurich \u00fcbernimmt keinerlei Gew\u00e4hr f\u00fcr die Aktualit\u00e4t, Korrektheit und Vollst\u00e4ndigkeit der bereitgestellten Informationen. Haftungsanspr\u00fcche gegen den Landkreis Aurich, die sich auf Sch\u00e4den materieller oder immaterieller Art beziehen, die durch die Nutzung oder Nichtnutzung der dargebotenen Informationen bzw. durch die Nutzung fehlerhafter und unvollst\u00e4ndiger Informationen verursacht wurden, sind grunds\u00e4tzlich ausgeschlossen, sofern seitens des Landkreises Aurich kein nachweislich vors\u00e4tzliches oder grob fahrl\u00e4ssiges Verschulden vorliegt. Der Landkreis Aurich beh\u00e4lt es sich ausdr\u00fccklich vor, Teile der Seiten oder das gesamte Angebot ohne gesonderte Ank\u00fcndigung zu ver\u00e4ndern, zu erg\u00e4nzen, zu l\u00f6schen oder die Ver\u00f6ffentlichung zeitweise oder endg\u00fcltig einzustellen.<\/p>\n\n\n\n<h3 class=\"wp-block-heading\">2. Verweise und Links<\/h3>\n\n\n\n<p class=\"wp-block-paragraph\">Der Landkreis Aurich hat keinerlei Einfluss auf die aktuelle und zuk\u00fcnftige Gestaltung und auf die Inhalte fremder Internetseiten, auf die direkt oder indirekt verwiesen wird (Links). Deshalb distanziert sich der Landkreis Aurich hiermit ausdr\u00fccklich von allen Inhalten aller gelinkten\/verkn\u00fcpften Seiten.<\/p>\n\n\n\n<h3 class=\"wp-block-heading\">3. Urheber- und Kennzeichenrecht<\/h3>\n\n\n\n<p class=\"wp-block-paragraph\">Der Landkreis Aurich hat in allen Publikationen die Urheberrechte der Autoren der verwendeten Grafiken, Tondokumente, Videosequenzen und Texte zu beachten. Er ist bestrebt, m\u00f6glichst von ihr selbst erstellte Grafiken, Tondokumente, Videosequenzen und Texte zu nutzen oder auf lizenzfreie Grafiken, Tondokumente, Videosequenzen und Texte zur\u00fcckzugreifen. Eine Vervielf\u00e4ltigung oder Verwendung der innerhalb des Internetangebotes des Landkreises Aurich verwendeten Grafiken, Tondokumente, Videosequenzen und Texte in anderen elektronischen oder gedruckten Publikationen ist ohne ausdr\u00fcckliche Zustimmung des Autors nicht gestattet, sofern diese nicht ausdr\u00fccklich als lizenzfrei erkl\u00e4rt sind.<\/p>\n\n\n\n<h3 class=\"wp-block-heading\">4. Datenschutz<\/h3>\n\n\n\n<p class=\"wp-block-paragraph\">F\u00fcr uns ist der Schutz Ihrer Privatsph\u00e4re wichtig. Deshalb werden Ihre pers\u00f6nlichen Daten nur gem\u00e4\u00df den Bestimmungen der Datenschutzgrundverordnung (DS-GVO) und anderer datenschutzrechtlicher Vorschriften erhoben und verwendet. Weitere Informationen sind der&nbsp;<a href=\"https:\/\/www.landkreis-aurich.de\/datenschutz.html\">Datenschutzerkl\u00e4rung<\/a>&nbsp;zu entnehmen.<\/p>\n\n\n\n<h3 class=\"wp-block-heading\">5. Rechtswirksamkeit dieses Haftungsausschlusses<\/h3>\n\n\n\n<p class=\"wp-block-paragraph\">Dieser Haftungsausschluss ist als Teil des Internetangebotes zu betrachten, von dem aus auf diese Seite verwiesen wurde. Sofern Teile oder einzelne Formulierungen dieses Textes der geltenden Rechtslage nicht, nicht mehr oder nicht vollst\u00e4ndig entsprechen sollten, bleiben die \u00fcbrigen Teile des Dokumentes in ihrem Inhalt und ihrer G\u00fcltigkeit davon unber\u00fchrt.<\/p>\n\n\n\n<h2 class=\"wp-block-heading\">Rechtswirksamkeit elektronischer Kommunikation<\/h2>\n\n\n\n<p class=\"wp-block-paragraph\">Elektronische Kommunikationswege dieser Website, insbesondere per E-mail, stehen ausschlie\u00dflich f\u00fcr B\u00fcrgeranfragen, Verwaltungsangelegenheiten und andere nicht rechtsverbindliche Anfragen bereit.<\/p>\n\n\n\n<p class=\"wp-block-paragraph\">Der Landkreis Aurich weist darauf hin, dass f\u00f6rmliche Verfahrensantr\u00e4ge, Widerspr\u00fcche, Schrifts\u00e4tze oder \u00e4hnliches nicht rechtswirksam eingereicht werden k\u00f6nnen.<br>Sollte Ihre Nachricht einen entsprechenden Schriftsatz beinhalten, ist eine Wiederholung der \u00dcbermittlung mittels Telefax oder auf dem Postwege erforderlich.<\/p>\n","protected":false},"excerpt":{"rendered":"<p>Landkreis AurichFischteichweg 7-1326603 Aurich Telefon: 04941\/16-0info(at)landkreis-aurich.de Der Landkreis Aurich ist eine K\u00f6rperschaft des \u00f6ffentlichen Rechts.Er wird vertreten durch Landrat Olaf Meinen. Inhaltlich Verantwortlicher gem\u00e4\u00df \u00a7 55 Abs. 2 RStV ist Rainer M\u00fcller-Gummels. Urheberrecht Das Design und Layout der Internetseite des Landkreises Aurich sowie die verwendeten Texte Fotos und sonstigen Inhalte sind urheberrechtlich gesch\u00fctzt. Jegliche Reproduktion [&hellip;]<\/p>\n","protected":false},"author":1,"featured_media":0,"parent":0,"menu_order":0,"comment_status":"closed","ping_status":"closed","template":"","meta":{"_crdt_document":"","inline_featured_image":false,"material-hide-sections":[],"footnotes":""},"class_list":["post-430","page","type-page","status-publish","hentry"],"_links":{"self":[{"href":"https:\/\/schulischesinklusionskonzept.landkreis-aurich.de\/index.php?rest_route=\/wp\/v2\/pages\/430","targetHints":{"allow":["GET"]}}],"collection":[{"href":"https:\/\/schulischesinklusionskonzept.landkreis-aurich.de\/index.php?rest_route=\/wp\/v2\/pages"}],"about":[{"href":"https:\/\/schulischesinklusionskonzept.landkreis-aurich.de\/index.php?rest_route=\/wp\/v2\/types\/page"}],"author":[{"embeddable":true,"href":"https:\/\/schulischesinklusionskonzept.landkreis-aurich.de\/index.php?rest_route=\/wp\/v2\/users\/1"}],"replies":[{"embeddable":true,"href":"https:\/\/schulischesinklusionskonzept.landkreis-aurich.de\/index.php?rest_route=%2Fwp%2Fv2%2Fcomments&post=430"}],"version-history":[{"count":4,"href":"https:\/\/schulischesinklusionskonzept.landkreis-aurich.de\/index.php?rest_route=\/wp\/v2\/pages\/430\/revisions"}],"predecessor-version":[{"id":1132,"href":"https:\/\/schulischesinklusionskonzept.landkreis-aurich.de\/index.php?rest_route=\/wp\/v2\/pages\/430\/revisions\/1132"}],"wp:attachment":[{"href":"https:\/\/schulischesinklusionskonzept.landkreis-aurich.de\/index.php?rest_route=%2Fwp%2Fv2%2Fmedia&parent=430"}],"curies":[{"name":"wp","href":"https:\/\/api.w.org\/{rel}","templated":true}]}}