{"id":55,"date":"2023-02-10T07:01:50","date_gmt":"2023-02-10T07:01:50","guid":{"rendered":"https:\/\/schulischesinklusionskonzept.landkreis-aurich.de\/?page_id=55"},"modified":"2023-03-09T15:02:29","modified_gmt":"2023-03-09T15:02:29","slug":"prozesssteuerung","status":"publish","type":"page","link":"https:\/\/schulischesinklusionskonzept.landkreis-aurich.de\/?page_id=55","title":{"rendered":"Prozesssteuerung und Projektstruktur"},"content":{"rendered":"\n<p class=\"wp-block-paragraph\">F\u00fcr die Steuerung des Gesamtprozesses zur Entwicklung des Regionalen Inklusionskonzepts des Landkreises Aurich wurde und wird weiterhin folgende Struktur ber\u00fccksichtigt:<\/p>\n\n\n\n<ul class=\"wp-block-list\">\n<li>Eine Steuergruppe initiiert und steuert den Gesamtprozess auf Grundlage der landesweiten Rahmenvorgaben, Handlungsstandards und Zielsetzungen.<\/li>\n\n\n\n<li>Die Steuergruppe definiert zu bearbeitende Themenfelder und Arbeitsauftr\u00e4ge und entscheidet \u00fcber eine personell und fachlich angemessene Moderation und Zusammensetzung der einzelnen Arbeits- und Themengruppen.<\/li>\n\n\n\n<li>Die Steuergruppe setzt sich nach dem Repr\u00e4sentations- bzw. Delegationsprinzip zusammen, sodass jedes Mitglied ein \u201eMandat\u201c f\u00fcr die vertretene Schulform bzw. die Organisationseinheit hat.<\/li>\n\n\n\n<li>Einer Vertretung des Kreiselternrats  wird Gelegenheit zur Mitwirkung in der Steuergruppe gegeben.<\/li>\n\n\n\n<li>In den Arbeits- und Themengruppen sollen jeweils m\u00f6glichst gleich viele Vertreterinnen bzw. Vertreter der fachlich betroffenen Institutionen und Schulformen mitwirken.<\/li>\n\n\n\n<li>Der Schultr\u00e4ger (Landkreis Aurich) ist \u201egesetztes Mitglied\u201c der Steuergruppe. Idealerweise tr\u00e4gt der jeweilige Schultr\u00e4ger gemeinsam mit\u00a0 der regionalen RZI-Leitung und den regional zust\u00e4ndigen schulfachlichen Dezernentinnen und Dezernenten des RLSB Osnabr\u00fcck die Verantwortung f\u00fcr die Steuergruppe.<\/li>\n\n\n\n<li>Eine <em>\u201eVertretung\u201c<\/em> der kommunalen Schultr\u00e4ger und eine Vertretung der Bildungsregion sollen in der Steuer- bzw. Lenkungsgruppe mitwirken.<\/li>\n<\/ul>\n\n\n\n<p class=\"wp-block-paragraph\"><\/p>\n\n\n\n<figure class=\"wp-block-image size-full is-resized\"><img loading=\"lazy\" decoding=\"async\" src=\"https:\/\/schulischesinklusionskonzept.landkreis-aurich.de\/wp-content\/uploads\/2022\/10\/Proess.jpg\" alt=\"\" class=\"wp-image-58\" width=\"848\" height=\"477\" srcset=\"https:\/\/schulischesinklusionskonzept.landkreis-aurich.de\/wp-content\/uploads\/2022\/10\/Proess.jpg 800w, https:\/\/schulischesinklusionskonzept.landkreis-aurich.de\/wp-content\/uploads\/2022\/10\/Proess-300x169.jpg 300w, https:\/\/schulischesinklusionskonzept.landkreis-aurich.de\/wp-content\/uploads\/2022\/10\/Proess-768x432.jpg 768w\" sizes=\"auto, (max-width: 848px) 100vw, 848px\" \/><figcaption class=\"wp-element-caption\">Schematische Darstellung der Genese der bisherigen Arbeitsergebnisse<\/figcaption><\/figure>\n","protected":false},"excerpt":{"rendered":"<p>F\u00fcr die Steuerung des Gesamtprozesses zur Entwicklung des Regionalen Inklusionskonzepts des Landkreises Aurich wurde und wird weiterhin folgende Struktur ber\u00fccksichtigt:<\/p>\n","protected":false},"author":2,"featured_media":0,"parent":0,"menu_order":0,"comment_status":"closed","ping_status":"closed","template":"","meta":{"_crdt_document":"","inline_featured_image":false,"material-hide-sections":[],"footnotes":""},"class_list":["post-55","page","type-page","status-publish","hentry"],"_links":{"self":[{"href":"https:\/\/schulischesinklusionskonzept.landkreis-aurich.de\/index.php?rest_route=\/wp\/v2\/pages\/55","targetHints":{"allow":["GET"]}}],"collection":[{"href":"https:\/\/schulischesinklusionskonzept.landkreis-aurich.de\/index.php?rest_route=\/wp\/v2\/pages"}],"about":[{"href":"https:\/\/schulischesinklusionskonzept.landkreis-aurich.de\/index.php?rest_route=\/wp\/v2\/types\/page"}],"author":[{"embeddable":true,"href":"https:\/\/schulischesinklusionskonzept.landkreis-aurich.de\/index.php?rest_route=\/wp\/v2\/users\/2"}],"replies":[{"embeddable":true,"href":"https:\/\/schulischesinklusionskonzept.landkreis-aurich.de\/index.php?rest_route=%2Fwp%2Fv2%2Fcomments&post=55"}],"version-history":[{"count":6,"href":"https:\/\/schulischesinklusionskonzept.landkreis-aurich.de\/index.php?rest_route=\/wp\/v2\/pages\/55\/revisions"}],"predecessor-version":[{"id":1112,"href":"https:\/\/schulischesinklusionskonzept.landkreis-aurich.de\/index.php?rest_route=\/wp\/v2\/pages\/55\/revisions\/1112"}],"wp:attachment":[{"href":"https:\/\/schulischesinklusionskonzept.landkreis-aurich.de\/index.php?rest_route=%2Fwp%2Fv2%2Fmedia&parent=55"}],"curies":[{"name":"wp","href":"https:\/\/api.w.org\/{rel}","templated":true}]}}