{"id":565,"date":"2023-02-10T07:06:19","date_gmt":"2023-02-10T07:06:19","guid":{"rendered":"https:\/\/schulischesinklusionskonzept.landkreis-aurich.de\/?page_id=565"},"modified":"2023-02-17T09:43:12","modified_gmt":"2023-02-17T09:43:12","slug":"abschliessendes-elterngespraech-brueckengespraech-fuer-kinder-mit-sprachfoerderbedarf","status":"publish","type":"page","link":"https:\/\/schulischesinklusionskonzept.landkreis-aurich.de\/?page_id=565","title":{"rendered":"Abschlie\u00dfendes Elterngespr\u00e4ch (\u201eBr\u00fcckengespr\u00e4ch\u201c) f\u00fcr Kinder mit Sprachf\u00f6rderbedarf"},"content":{"rendered":"\n<figure class=\"wp-block-table is-style-material\"><table><tbody><tr><td><strong>Titel der Ma\u00dfnahme<\/strong><\/td><td><strong>abschlie\u00dfendes<\/strong><strong> Elterngespr\u00e4ch (\u201eBr\u00fcckengespr\u00e4ch\u201c) f\u00fcr Kinder mit Sprachf\u00f6rderbedarf<\/strong><\/td><\/tr><tr><td><strong>Zeitraum<\/strong><\/td><td>Mai &#8211; Juni<\/td><\/tr><tr><td><strong>Verantwortlich<\/strong><\/td><td>Kindergarten-Leitung<\/td><\/tr><tr><td><strong>Beteiligte<\/strong><\/td><td>&#8211; abgebende Erzieher*Innen <br>&#8211; Personensorgeberechtigte <br>&#8211; ggf. aufnehmende Klassenlehrkraft (Zustimmung der Sorgeberechtigten erforderlich) <br>&#8211; ggf. Leitung eines aufnehmenden Hortes (Zustimmung der Sorgeberechtigten erforderlich)<\/td><\/tr><tr><td><strong>Ort<\/strong><\/td><td>Kindertagesst\u00e4tte<\/td><\/tr><tr><td><strong>Ziele<\/strong><\/td><td>Weitergabe von allen f\u00fcr das Kind relevanten Informationen um eine nahtlose und anschlussf\u00e4hige F\u00f6rderung des Kindes durch die aufnehmende Grundschule zu gew\u00e4hrleisten.<\/td><\/tr><tr><td><strong>Beschreibung der Durchf\u00fchrung<\/strong><\/td><td>Austausch \u00fcber den bisherigen Verlauf der Angebote zur alltagsintegrierten Sprachf\u00f6rderung, Planung der verbleibenden Wochen in der KiTa sowie Informationsweitergabe an Klassenlehrkraft sowie ggf. aufnehmenden Hort.<\/td><\/tr><tr><td><strong>Dokumentation<\/strong><\/td><td>individuelle Verschriftlichung der aufnehmenden Klassenlehrkraft<\/td><\/tr><tr><td><strong>Evaluation<\/strong><\/td><td>Im Rahmen der beschriebenen Ma\u00dfnahmen im Regionalen Konzept f\u00fcr Sprachbildung und Sprachf\u00f6rderung des Landkreises Aurich.<\/td><\/tr><tr><td><strong>Rechtliche Grundlagen<\/strong><\/td><td>&#8211; \u00a7 14 Nieders\u00e4chsisches Gesetz \u00fcber Kindertagesst\u00e4tten und Kindertagespflege (NKiTaG)<br>&#8211; Regionales Konzept f\u00fcr Sprachbildung und Sprachf\u00f6rderung des Landkreises Aurich <br>&#8211; Orientierungsplan f\u00fcr Bildung und Erziehung des nieders\u00e4chsischen Kultusministeriums (Gesamtausgabe)<\/td><\/tr><\/tbody><\/table><\/figure>\n","protected":false},"excerpt":{"rendered":"<p>Titel der Ma\u00dfnahme abschlie\u00dfendes Elterngespr\u00e4ch (\u201eBr\u00fcckengespr\u00e4ch\u201c) f\u00fcr Kinder mit Sprachf\u00f6rderbedarf Zeitraum Mai &#8211; Juni Verantwortlich Kindergarten-Leitung Beteiligte &#8211; abgebende Erzieher*Innen &#8211; Personensorgeberechtigte &#8211; ggf. aufnehmende Klassenlehrkraft (Zustimmung der Sorgeberechtigten erforderlich) &#8211; ggf. Leitung eines aufnehmenden Hortes (Zustimmung der Sorgeberechtigten erforderlich) Ort Kindertagesst\u00e4tte Ziele Weitergabe von allen f\u00fcr das Kind relevanten Informationen um eine nahtlose und [&hellip;]<\/p>\n","protected":false},"author":3,"featured_media":0,"parent":0,"menu_order":0,"comment_status":"closed","ping_status":"closed","template":"","meta":{"_crdt_document":"","inline_featured_image":false,"material-hide-sections":[],"footnotes":""},"class_list":["post-565","page","type-page","status-publish","hentry"],"_links":{"self":[{"href":"https:\/\/schulischesinklusionskonzept.landkreis-aurich.de\/index.php?rest_route=\/wp\/v2\/pages\/565","targetHints":{"allow":["GET"]}}],"collection":[{"href":"https:\/\/schulischesinklusionskonzept.landkreis-aurich.de\/index.php?rest_route=\/wp\/v2\/pages"}],"about":[{"href":"https:\/\/schulischesinklusionskonzept.landkreis-aurich.de\/index.php?rest_route=\/wp\/v2\/types\/page"}],"author":[{"embeddable":true,"href":"https:\/\/schulischesinklusionskonzept.landkreis-aurich.de\/index.php?rest_route=\/wp\/v2\/users\/3"}],"replies":[{"embeddable":true,"href":"https:\/\/schulischesinklusionskonzept.landkreis-aurich.de\/index.php?rest_route=%2Fwp%2Fv2%2Fcomments&post=565"}],"version-history":[{"count":5,"href":"https:\/\/schulischesinklusionskonzept.landkreis-aurich.de\/index.php?rest_route=\/wp\/v2\/pages\/565\/revisions"}],"predecessor-version":[{"id":761,"href":"https:\/\/schulischesinklusionskonzept.landkreis-aurich.de\/index.php?rest_route=\/wp\/v2\/pages\/565\/revisions\/761"}],"wp:attachment":[{"href":"https:\/\/schulischesinklusionskonzept.landkreis-aurich.de\/index.php?rest_route=%2Fwp%2Fv2%2Fmedia&parent=565"}],"curies":[{"name":"wp","href":"https:\/\/api.w.org\/{rel}","templated":true}]}}