{"id":568,"date":"2023-02-10T07:00:41","date_gmt":"2023-02-10T07:00:41","guid":{"rendered":"https:\/\/schulischesinklusionskonzept.landkreis-aurich.de\/?page_id=568"},"modified":"2023-02-17T09:44:55","modified_gmt":"2023-02-17T09:44:55","slug":"informationsveranstaltung-in-der-schule","status":"publish","type":"page","link":"https:\/\/schulischesinklusionskonzept.landkreis-aurich.de\/?page_id=568","title":{"rendered":"Informationsveranstaltung in der Schule"},"content":{"rendered":"\n<figure class=\"wp-block-table is-style-material\"><table><tbody><tr><td><strong>Titel der Ma\u00dfnahme<\/strong><\/td><td><strong>Informationsveranstaltung in der Schule<\/strong><\/td><\/tr><tr><td><strong>Zeitraum<\/strong><\/td><td>Juni<\/td><\/tr><tr><td><strong>Verantwortlich<\/strong><\/td><td>Schulleitung<\/td><\/tr><tr><td><strong>Beteiligte<\/strong><\/td><td>Schulleitung und die zuk\u00fcnftigen Klassenlehrkr\u00e4fte (sofern bekannt)<\/td><\/tr><tr><td><strong>Ort<\/strong><\/td><td>Schule<\/td><\/tr><tr><td><strong>Ziele<\/strong><\/td><td>&#8211; Information \u00fcber schulische Rahmenbedingungen (Zeiten, p\u00e4d. Konzept, ggf. Ganztag, \u2026)<br>&#8211; Kl\u00e4rung organisatorischer Fragen (Organisation der Einschulung, Schulfotografie, \u2026)<br>&#8211; ggf. Vorstellung der zuk\u00fcnftigen Klassenlehrkr\u00e4fte<br>&#8211; Kennenlernen des Schulgeb\u00e4udes<\/td><\/tr><tr><td><strong>Beschreibung der Durchf\u00fchrung<\/strong><\/td><td>Vorstellung der schulrelevanten Informationen mit M\u00f6glichkeit f\u00fcr R\u00fcckfragen<\/td><\/tr><tr><td><strong>Dokumentation<\/strong><\/td><td>Teilnehmerliste \u2013 Unterlagen f\u00fcr Erziehungsberechtigte, die die Informationsveranstaltung ggf. nicht besuchen konnten zuschicken<\/td><\/tr><tr><td><strong>Evaluation<\/strong><\/td><td>Intern unter den Beteiligten<\/td><\/tr><\/tbody><\/table><\/figure>\n","protected":false},"excerpt":{"rendered":"<p>Titel der Ma\u00dfnahme Informationsveranstaltung in der Schule Zeitraum Juni Verantwortlich Schulleitung Beteiligte Schulleitung und die zuk\u00fcnftigen Klassenlehrkr\u00e4fte (sofern bekannt) Ort Schule Ziele &#8211; Information \u00fcber schulische Rahmenbedingungen (Zeiten, p\u00e4d. Konzept, ggf. Ganztag, \u2026)&#8211; Kl\u00e4rung organisatorischer Fragen (Organisation der Einschulung, Schulfotografie, \u2026)&#8211; ggf. Vorstellung der zuk\u00fcnftigen Klassenlehrkr\u00e4fte&#8211; Kennenlernen des Schulgeb\u00e4udes Beschreibung der Durchf\u00fchrung Vorstellung der schulrelevanten [&hellip;]<\/p>\n","protected":false},"author":3,"featured_media":0,"parent":0,"menu_order":0,"comment_status":"closed","ping_status":"closed","template":"","meta":{"_crdt_document":"","inline_featured_image":false,"material-hide-sections":[],"footnotes":""},"class_list":["post-568","page","type-page","status-publish","hentry"],"_links":{"self":[{"href":"https:\/\/schulischesinklusionskonzept.landkreis-aurich.de\/index.php?rest_route=\/wp\/v2\/pages\/568","targetHints":{"allow":["GET"]}}],"collection":[{"href":"https:\/\/schulischesinklusionskonzept.landkreis-aurich.de\/index.php?rest_route=\/wp\/v2\/pages"}],"about":[{"href":"https:\/\/schulischesinklusionskonzept.landkreis-aurich.de\/index.php?rest_route=\/wp\/v2\/types\/page"}],"author":[{"embeddable":true,"href":"https:\/\/schulischesinklusionskonzept.landkreis-aurich.de\/index.php?rest_route=\/wp\/v2\/users\/3"}],"replies":[{"embeddable":true,"href":"https:\/\/schulischesinklusionskonzept.landkreis-aurich.de\/index.php?rest_route=%2Fwp%2Fv2%2Fcomments&post=568"}],"version-history":[{"count":2,"href":"https:\/\/schulischesinklusionskonzept.landkreis-aurich.de\/index.php?rest_route=\/wp\/v2\/pages\/568\/revisions"}],"predecessor-version":[{"id":763,"href":"https:\/\/schulischesinklusionskonzept.landkreis-aurich.de\/index.php?rest_route=\/wp\/v2\/pages\/568\/revisions\/763"}],"wp:attachment":[{"href":"https:\/\/schulischesinklusionskonzept.landkreis-aurich.de\/index.php?rest_route=%2Fwp%2Fv2%2Fmedia&parent=568"}],"curies":[{"name":"wp","href":"https:\/\/api.w.org\/{rel}","templated":true}]}}