{"id":571,"date":"2023-02-10T07:03:25","date_gmt":"2023-02-10T07:03:25","guid":{"rendered":"https:\/\/schulischesinklusionskonzept.landkreis-aurich.de\/?page_id=571"},"modified":"2023-02-20T13:28:49","modified_gmt":"2023-02-20T13:28:49","slug":"uebergabegespraeche-als-angebot-der-schule-und-des-kindergartens","status":"publish","type":"page","link":"https:\/\/schulischesinklusionskonzept.landkreis-aurich.de\/?page_id=571","title":{"rendered":"\u00dcbergabegespr\u00e4che als Angebot der Schule und des Kindergartens"},"content":{"rendered":"\n<figure class=\"wp-block-table is-style-material\"><table><tbody><tr><td><strong>Titel der Ma\u00dfnahme<\/strong><\/td><td><strong>\u00dcbergabegespr\u00e4che als Angebot der Schule und des Kindergartens<\/strong><\/td><\/tr><tr><td><strong>Zeitraum<\/strong><\/td><td>Kurz vor den Sommerferien (Juni-Juli)<\/td><\/tr><tr><td><strong>Verantwortlich<\/strong><\/td><td>Schulleitung \u2013 Kindergartenbeauftragte der Schule<\/td><\/tr><tr><td><strong>Beteiligte<\/strong><\/td><td>&#8211; Abgebende Erzieherinnen und Erzieher aus den Gruppen im Kindergarten,<br>&#8211; aufnehmende Klassenlehrkr\u00e4fte, <br>&#8211; ggf. spezifische weitere p\u00e4dagogische Kr\u00e4fte aus der vorschulischen Bildungszeit, <br>&#8211; Eltern, <br>&#8211; Leitung eines ggf. aufnehmenden Hortes<\/td><\/tr><tr><td><strong>Ort<\/strong><\/td><td>Kindergarten oder Schule<\/td><\/tr><tr><td><strong>Ziele<\/strong><\/td><td>Weitergabe von allen f\u00fcr die Beschulung und nachschulische Betreuung relevanten Informationen mit Blick auf eine flie\u00dfende \u00dcbergabe ohne hinderliche Informationsabbr\u00fcche<\/td><\/tr><tr><td><strong>Beschreibung der Durchf\u00fchrung<\/strong><\/td><td>Austausch aller am \u00dcbergang beteiligten Erzieherinnen und Erzieher, Klassenlehrkr\u00e4fte sowie der Erziehungsberechtigten<\/td><\/tr><tr><td><strong>Dokumentation<\/strong><\/td><td>individuelle Verschriftlichung der aufnehmenden Klassenlehrkraft<\/td><\/tr><tr><td><strong>Evaluation<\/strong><\/td><td>im Rahmen der j\u00e4hrlichen Terminplanung f\u00fcr das letzte Kindergartenjahr zwischen den Institutionsleitungen der Kinderg\u00e4rten und Grundschulen<\/td><\/tr><tr><td><strong>Rechtliche Grundlagen<\/strong><\/td><td>&#8211; Orientierungsplan f\u00fcr Bildung und Erziehung des nieders\u00e4chsischen Kultusministeriums <br>&#8211; Nds. Tagesst\u00e4ttengesetz (NKiTag) \u00a74 und \u00a715 \u2013 Zusammenarbeit Kiga-GS im Sinne des Kindes <br>&#8211;<a href=\"https:\/\/schulischesinklusionskonzept.landkreis-aurich.de\/?page_id=690\"> Schweigepflichtentbindung<\/a> wurde im Vorfeld erteilt<br>&#8211; Regionale Vereinbarung des Landkreises Aurich \u00fcber die konzeptionelle Ausgestaltung der integrativen Gruppen (\u201eRegionale Vereinbarung Integration\u201c)<\/td><\/tr><\/tbody><\/table><\/figure>\n\n\n\n<p class=\"wp-block-paragraph\"><\/p>\n","protected":false},"excerpt":{"rendered":"<p>Titel der Ma\u00dfnahme \u00dcbergabegespr\u00e4che als Angebot der Schule und des Kindergartens Zeitraum Kurz vor den Sommerferien (Juni-Juli) Verantwortlich Schulleitung \u2013 Kindergartenbeauftragte der Schule Beteiligte &#8211; Abgebende Erzieherinnen und Erzieher aus den Gruppen im Kindergarten,&#8211; aufnehmende Klassenlehrkr\u00e4fte, &#8211; ggf. spezifische weitere p\u00e4dagogische Kr\u00e4fte aus der vorschulischen Bildungszeit, &#8211; Eltern, &#8211; Leitung eines ggf. aufnehmenden Hortes Ort [&hellip;]<\/p>\n","protected":false},"author":3,"featured_media":0,"parent":0,"menu_order":0,"comment_status":"closed","ping_status":"closed","template":"","meta":{"_crdt_document":"","inline_featured_image":false,"material-hide-sections":[],"footnotes":""},"class_list":["post-571","page","type-page","status-publish","hentry"],"_links":{"self":[{"href":"https:\/\/schulischesinklusionskonzept.landkreis-aurich.de\/index.php?rest_route=\/wp\/v2\/pages\/571","targetHints":{"allow":["GET"]}}],"collection":[{"href":"https:\/\/schulischesinklusionskonzept.landkreis-aurich.de\/index.php?rest_route=\/wp\/v2\/pages"}],"about":[{"href":"https:\/\/schulischesinklusionskonzept.landkreis-aurich.de\/index.php?rest_route=\/wp\/v2\/types\/page"}],"author":[{"embeddable":true,"href":"https:\/\/schulischesinklusionskonzept.landkreis-aurich.de\/index.php?rest_route=\/wp\/v2\/users\/3"}],"replies":[{"embeddable":true,"href":"https:\/\/schulischesinklusionskonzept.landkreis-aurich.de\/index.php?rest_route=%2Fwp%2Fv2%2Fcomments&post=571"}],"version-history":[{"count":6,"href":"https:\/\/schulischesinklusionskonzept.landkreis-aurich.de\/index.php?rest_route=\/wp\/v2\/pages\/571\/revisions"}],"predecessor-version":[{"id":841,"href":"https:\/\/schulischesinklusionskonzept.landkreis-aurich.de\/index.php?rest_route=\/wp\/v2\/pages\/571\/revisions\/841"}],"wp:attachment":[{"href":"https:\/\/schulischesinklusionskonzept.landkreis-aurich.de\/index.php?rest_route=%2Fwp%2Fv2%2Fmedia&parent=571"}],"curies":[{"name":"wp","href":"https:\/\/api.w.org\/{rel}","templated":true}]}}