{"id":63,"date":"2022-10-24T10:55:37","date_gmt":"2022-10-24T10:55:37","guid":{"rendered":"https:\/\/schulischesinklusionskonzept.landkreis-aurich.de\/?page_id=63"},"modified":"2023-03-09T14:39:24","modified_gmt":"2023-03-09T14:39:24","slug":"praeambel","status":"publish","type":"page","link":"https:\/\/schulischesinklusionskonzept.landkreis-aurich.de\/?page_id=63","title":{"rendered":"Pr\u00e4ambel"},"content":{"rendered":"\n<p class=\"wp-block-paragraph\">Die Entwicklung von regionalen Inklusionskonzepten zur sonderp\u00e4dagogischen Beratung und Unterst\u00fctzung ist den Regionalen Beratungs- und Unterst\u00fctzungszentren Inklusive Schule (RZI) durch Erlass des Nieders\u00e4chsischen Kultusministeriums vom 05.02.2020 \u00fcbertragen worden.<\/p>\n\n\n\n<p class=\"wp-block-paragraph\">Auf dieser Grundlage erarbeitet das RZI in enger Kooperation mit dem Landkreis Aurich in einem \u00fcbergreifenden Prozess ein Inklusionskonzept f\u00fcr den  Landkreis. Das regionale Inklusionskonzept schafft konsensual entwickelte Qualit\u00e4tsstandards und Grundlagen mit einer m\u00f6glichst hohen Verbindlichkeit und Transparenz f\u00fcr inklusive Bildung und inklusiven Unterricht in der einzelnen Schule. Diese inklusiven Standards k\u00f6nnen durch die Implementierung im Schulprogramm der einzelnen Schule nachhaltig wirksam werden. Die \u00fcbergreifenden, regional vereinbarten Handlungsstandard vermeiden \u201eParallelkonzepte\u201c einzelner Schulen oder Schulverb\u00fcnde. <\/p>\n\n\n\n<p class=\"wp-block-paragraph\">Die Abstimmung innerhalb der vier Fachbereiche Inklusive Bildung und der RZI-Leitungen in den Regionalen Landes\u00e4mtern f\u00fcr Schule und Bildung in Braunschweig, L\u00fcneburg, Hannover und Osnabr\u00fcck stellt sicher, dass die Zielsetzungen und Handlungsstandards f\u00fcr Regionale Inklusionskonzepte landesweit synchronisiert und vergleichbar sind.<\/p>\n\n\n\n<p class=\"wp-block-paragraph\">Im Prozess selbst identifiziert das RZI, unter Ber\u00fccksichtigung der regionalen Ausgangslage, die inhaltlichen und strukturellen Leitplanken f\u00fcr das regionale Inklusionskonzept. Es h\u00e4lt<em> <\/em>damit den regionalen Entwicklungsprozess zu einer inklusiven Schullandschaft dynamisch und kommunikativ.<\/p>\n\n\n\n<p class=\"wp-block-paragraph\"><\/p>\n","protected":false},"excerpt":{"rendered":"<p>Die Entwicklung von regionalen Inklusionskonzepten zur sonderp\u00e4dagogischen Beratung und Unterst\u00fctzung ist den Regionalen Beratungs- und Unterst\u00fctzungszentren Inklusive Schule (RZI) durch Erlass des Nieders\u00e4chsischen Kultusministeriums vom 05.02.2020 \u00fcbertragen worden. Auf dieser Grundlage erarbeitet das RZI in enger Kooperation mit dem Landkreis Aurich in einem \u00fcbergreifenden Prozess ein Inklusionskonzept f\u00fcr den Landkreis. Das regionale Inklusionskonzept schafft konsensual [&hellip;]<\/p>\n","protected":false},"author":1,"featured_media":0,"parent":0,"menu_order":0,"comment_status":"closed","ping_status":"closed","template":"","meta":{"_crdt_document":"","inline_featured_image":false,"material-hide-sections":[],"footnotes":""},"class_list":["post-63","page","type-page","status-publish","hentry"],"_links":{"self":[{"href":"https:\/\/schulischesinklusionskonzept.landkreis-aurich.de\/index.php?rest_route=\/wp\/v2\/pages\/63","targetHints":{"allow":["GET"]}}],"collection":[{"href":"https:\/\/schulischesinklusionskonzept.landkreis-aurich.de\/index.php?rest_route=\/wp\/v2\/pages"}],"about":[{"href":"https:\/\/schulischesinklusionskonzept.landkreis-aurich.de\/index.php?rest_route=\/wp\/v2\/types\/page"}],"author":[{"embeddable":true,"href":"https:\/\/schulischesinklusionskonzept.landkreis-aurich.de\/index.php?rest_route=\/wp\/v2\/users\/1"}],"replies":[{"embeddable":true,"href":"https:\/\/schulischesinklusionskonzept.landkreis-aurich.de\/index.php?rest_route=%2Fwp%2Fv2%2Fcomments&post=63"}],"version-history":[{"count":7,"href":"https:\/\/schulischesinklusionskonzept.landkreis-aurich.de\/index.php?rest_route=\/wp\/v2\/pages\/63\/revisions"}],"predecessor-version":[{"id":1108,"href":"https:\/\/schulischesinklusionskonzept.landkreis-aurich.de\/index.php?rest_route=\/wp\/v2\/pages\/63\/revisions\/1108"}],"wp:attachment":[{"href":"https:\/\/schulischesinklusionskonzept.landkreis-aurich.de\/index.php?rest_route=%2Fwp%2Fv2%2Fmedia&parent=63"}],"curies":[{"name":"wp","href":"https:\/\/api.w.org\/{rel}","templated":true}]}}