{"id":636,"date":"2023-02-10T07:02:26","date_gmt":"2023-02-10T07:02:26","guid":{"rendered":"https:\/\/schulischesinklusionskonzept.landkreis-aurich.de\/?page_id=636"},"modified":"2023-10-12T09:12:02","modified_gmt":"2023-10-12T09:12:02","slug":"schulbegleitung","status":"publish","type":"page","link":"https:\/\/schulischesinklusionskonzept.landkreis-aurich.de\/?page_id=636","title":{"rendered":"Schulbegleitung"},"content":{"rendered":"\n<p class=\"wp-block-paragraph\">Im Jahr 2019 startete die Arbeitsgruppe zum Thema Schulbegleitung im Rahmen des Inklusionskonzeptes. Als erstes Arbeitsergebnis konnte ein <a href=\"https:\/\/schulischesinklusionskonzept.landkreis-aurich.de\/?page_id=690\">Verfahrensablauf<\/a> entwickelt werden. Mit diesem Ergebnis begann im Fr\u00fchjahr 2020 -leider zeitgleich mit der Corona Pandemie- die Erprobungsphase.<\/p>\n\n\n\n<p class=\"wp-block-paragraph\">Laufend wurde seither gemeinsam mit Schulen, RZI und Landkreis Aurich an der Weiterentwicklung des Poolmodells gearbeitet.<\/p>\n\n\n\n<p class=\"wp-block-paragraph\"><\/p>\n\n\n\n<ul class=\"wp-block-list\">\n<li>Im Jahr 2021 und im Jahr 2022 haben Informationsveranstaltungen erg\u00e4nzend zum schriftlichen Verfahrensablauf f\u00fcr die Schulen stattgefunden. Diese Serie wird auch in 2023 fortgef\u00fchrt.<\/li>\n<\/ul>\n\n\n\n<ul class=\"wp-block-list\">\n<li>Da es vermehrt Bedenken hinsichtlich der <a href=\"https:\/\/schulischesinklusionskonzept.landkreis-aurich.de\/?page_id=690\">Schweigepflichtentbindung<\/a> gab, wurde diese ebenfalls auf Rechtm\u00e4\u00dfigkeit -unter Einbeziehung des RLSB- gepr\u00fcft. Ein \u00fcberarbeiteter, rechtssicherer Vordruck wurde im Jahr 2022 in Umlauf gegeben. <\/li>\n<\/ul>\n\n\n\n<ul class=\"wp-block-list\">\n<li>Auf Initiative der Auricher Schulen tagte Mitte 2022 eine neue Arbeitsgruppe mit der Zielsetzung, dass die Bedarfspr\u00fcfung\/Koordination der Schulbegleitungen einheitlicher im LK Aurich erfolgen und transparenter f\u00fcr die Schulen werden soll. Weiterhin solle die Bedarfspr\u00fcfung einen kriteriengeleiteten \u201eSchulfragebogen\u201c enthalten.<\/li>\n<\/ul>\n\n\n\n<ul class=\"wp-block-list\">\n<li>Zum Schuljahr 2023\/2024 wurde deshalb ein neues, einheitliches <a href=\"https:\/\/schulischesinklusionskonzept.landkreis-aurich.de\/?page_id=690\">Bedarfsermittlungsinstrument<\/a> durch das Amt f\u00fcr Jugend und Soziales und der Auno entwickelt und wird nunmehr einheitlich im ganzen Landkreis Aurich angewandt. Damit ist zun\u00e4chst sichergestellt, dass fl\u00e4chendeckend ein einheitliches Verfahren durch die Koordinatoren umgesetzt wird.<\/li>\n<\/ul>\n\n\n\n<ul class=\"wp-block-list\">\n<li>Seitens des RLSB gibt es aktuell Vorschl\u00e4ge zur Optimierung der Schnittstelle Schule\/Auno im Bereich der Bedarfspr\u00fcfung. Diese Vorschl\u00e4ge werden derzeit durch den Landkreis Aurich gepr\u00fcft.<\/li>\n<\/ul>\n\n\n\n<ul class=\"wp-block-list\">\n<li>Ein angepasster Verfahrensablauf wurde zum Schuljahr 2023\/2024 abgestimmt in die Praxis\/Erprobung \u00fcbergeben.<\/li>\n<\/ul>\n\n\n\n<p class=\"wp-block-paragraph\"><a href=\"https:\/\/schulischesinklusionskonzept.landkreis-aurich.de\/?page_id=980\">Ansprechpersonen Auno<\/a><\/p>\n","protected":false},"excerpt":{"rendered":"<p>Im Jahr 2019 startete die Arbeitsgruppe zum Thema Schulbegleitung im Rahmen des Inklusionskonzeptes. Als erstes Arbeitsergebnis konnte ein Verfahrensablauf entwickelt werden. Mit diesem Ergebnis begann im Fr\u00fchjahr 2020 -leider zeitgleich mit der Corona Pandemie- die Erprobungsphase. Laufend wurde seither gemeinsam mit Schulen, RZI und Landkreis Aurich an der Weiterentwicklung des Poolmodells gearbeitet. Ansprechpersonen Auno<\/p>\n","protected":false},"author":3,"featured_media":0,"parent":0,"menu_order":0,"comment_status":"closed","ping_status":"closed","template":"","meta":{"_crdt_document":"","inline_featured_image":false,"material-hide-sections":[],"footnotes":""},"class_list":["post-636","page","type-page","status-publish","hentry"],"_links":{"self":[{"href":"https:\/\/schulischesinklusionskonzept.landkreis-aurich.de\/index.php?rest_route=\/wp\/v2\/pages\/636","targetHints":{"allow":["GET"]}}],"collection":[{"href":"https:\/\/schulischesinklusionskonzept.landkreis-aurich.de\/index.php?rest_route=\/wp\/v2\/pages"}],"about":[{"href":"https:\/\/schulischesinklusionskonzept.landkreis-aurich.de\/index.php?rest_route=\/wp\/v2\/types\/page"}],"author":[{"embeddable":true,"href":"https:\/\/schulischesinklusionskonzept.landkreis-aurich.de\/index.php?rest_route=\/wp\/v2\/users\/3"}],"replies":[{"embeddable":true,"href":"https:\/\/schulischesinklusionskonzept.landkreis-aurich.de\/index.php?rest_route=%2Fwp%2Fv2%2Fcomments&post=636"}],"version-history":[{"count":8,"href":"https:\/\/schulischesinklusionskonzept.landkreis-aurich.de\/index.php?rest_route=\/wp\/v2\/pages\/636\/revisions"}],"predecessor-version":[{"id":1159,"href":"https:\/\/schulischesinklusionskonzept.landkreis-aurich.de\/index.php?rest_route=\/wp\/v2\/pages\/636\/revisions\/1159"}],"wp:attachment":[{"href":"https:\/\/schulischesinklusionskonzept.landkreis-aurich.de\/index.php?rest_route=%2Fwp%2Fv2%2Fmedia&parent=636"}],"curies":[{"name":"wp","href":"https:\/\/api.w.org\/{rel}","templated":true}]}}