{"id":639,"date":"2023-02-10T07:00:06","date_gmt":"2023-02-10T07:00:06","guid":{"rendered":"https:\/\/schulischesinklusionskonzept.landkreis-aurich.de\/?page_id=639"},"modified":"2025-01-23T13:50:29","modified_gmt":"2025-01-23T13:50:29","slug":"gemeinsamer-unterricht","status":"publish","type":"page","link":"https:\/\/schulischesinklusionskonzept.landkreis-aurich.de\/?page_id=639","title":{"rendered":"Unterricht in der inklusiven Schule"},"content":{"rendered":"\n<p class=\"wp-block-paragraph\">Schulische Inklusion bedeutet die umfassende und uneingeschr\u00e4nkte Teilhabe und damit das Recht auf Bildung jeder und jedes Einzelnen an schulischen Prozessen. Die inklusive Schule ist eine Schule der individuellen F\u00f6rderung, in der jedes Kind mit seinen individuellen Talenten, Begabungen sowie besonderen Bedarfen bestm\u00f6glich unterst\u00fctzt wird. Die inklusive Schule in Niedersachsen begreift Heterogenit\u00e4t als Grundlage und Chance schulischer Bildungsprozesse.<\/p>\n\n\n\n<p class=\"wp-block-paragraph\">Eine gelingende multiprofessionelle Zusammenarbeit tr\u00e4gt dazu bei, sowohl effektiv als auch passgenau auf die individuellen Bed\u00fcrfnisse, Begabungen und Potenziale der Kinder, Jugendlichen und jungen Erwachsenen einzugehen sowie sie in ihrer Entwicklung auf Basis der jeweiligen Heterogenit\u00e4tsdimensionen optimal zu unterst\u00fctzen.<\/p>\n\n\n\n<p class=\"wp-block-paragraph\">Unterricht ist ein entscheidender Faktor f\u00fcr eine gelingende inklusive Schule.<\/p>\n\n\n\n<p class=\"wp-block-paragraph\">Was unter gutem gemeinsamen Unterricht verstanden wird, h\u00e4ngt insbesondere von der Zielerwartung (z.B. Leistungssteigerung, Minimierung von Lernschwierigkeiten, sozialem Lernen, \u2026) und von den individuellen Lernm\u00f6glichkeiten der Sch\u00fclerinnen und Sch\u00fcler ab.<\/p>\n\n\n\n<p class=\"wp-block-paragraph\"><em>\u201eErfolgreiche Bildung zeigt sich neben dem erreichten Schulabschluss am individuellen Bildungserfolg, an einer umfassenden Pers\u00f6nlichkeitsentwicklung, am Erwerb lebenspraktischer, sozialer, kognitiver, sprachlich-kommunikativer und personaler Kompetenzen und an der F\u00e4higkeit zu einer so weitgehend wie m\u00f6glich selbstbestimmten Lebensf\u00fchrung sowie einer aktiven Teilhabe an der Gesellschaft.\u201c (KMK 2011 S. 8)<\/em><\/p>\n\n\n\n<p class=\"wp-block-paragraph\">Die Qualit\u00e4t von Unterricht und die Lernwirksamkeit der unterschiedlichen Unterrichtsformen l\u00e4sst sich somit nicht eindimensional bestimmen. Die Wahl der Unterrichtsform h\u00e4ngt von den Bildungszielen, dem fachdidaktischen Kontext und den Lernvoraussetzungen der Sch\u00fclerinnen und Sch\u00fcler ab. <\/p>\n\n\n\n<p class=\"wp-block-paragraph\">Im  Hinblick darauf sollen Grundz\u00fcge zur didaktisch-methodischen Gestaltung eines lernwirksamen inklusiven Unterrichts im Unterrichts-Team verbindlich vereinbart sein. Dazu geh\u00f6ren insbesondere<\/p>\n\n\n\n<ul class=\"wp-block-list\">\n<li>ein Unterricht unter Ber\u00fccksichtigung sonderp\u00e4dagogischer Unterst\u00fctzungsbedarfe <strong>&nbsp;<\/strong><\/li>\n\n\n\n<li>die Basisdimensionen guten Unterrichts<\/li>\n\n\n\n<li>Konzepte zur Unterrichtsplanung unter Ber\u00fccksichtigung der unterschiedlichen Lernvoraussetzungen (Unterrichtsformen, Differenzierungsma\u00dfnahmen, Aufgabenformate\u2026) <\/li>\n\n\n\n<li>Methoden zur Erfassung der individuellen Lernausgangslage <\/li>\n\n\n\n<li>Dokumentation der individuellen Lernentwicklung<\/li>\n\n\n\n<li>Kooperationen im gemeinsamen Unterricht.<\/li>\n<\/ul>\n\n\n\n<p class=\"wp-block-paragraph\">Zu den Handlungsfeldern &#8222;Curriculare Aspekte&#8220; und &#8222;Diagnostik&#8220; sind Arbeitshilfen entwickelt, welche den beteiligten Akteuren Handlungssicherheit in der Gestaltung inklusiver Unterrichtsprozesse bieten sollen und entsprechend neben den curricularen Anforderungen hier abrufbar sind bzw. sein werden.<\/p>\n\n\n\n<p class=\"wp-block-paragraph\">F\u00fcr Sch\u00fclerinnen und Sch\u00fcler im Autismus-Spektrum bedarf es individueller und bedarfsgerechter Unterst\u00fctzung durch vertiefte fachliche Kenntnisse als Grundlage f\u00fcr konzeptionelle \u00dcberlegungen. Der Leitfaden <a href=\"https:\/\/schulischesinklusionskonzept.landkreis-aurich.de\/?page_id=690\">\u201eUnterricht mit Sch\u00fclerinnen und Sch\u00fclern im Autismus-Spektrum\u201c<\/a> kann ein wichtiger Baustein hierzu sein.<\/p>\n\n\n\n<p class=\"wp-block-paragraph\">Im Bereich der Begabungsf\u00f6rderung stehen den Schulen im Hinblick auf schulfachliche, schulrechtliche, p\u00e4dagogische sowie schulpsychologische Aspekte Teams f\u00fcr die Beratung und Unterst\u00fctzung zur Verf\u00fcgung.<\/p>\n\n\n\n<p class=\"wp-block-paragraph\"><a href=\"https:\/\/beratung-begabungsfoerderung.bip-nds.de\">https:\/\/beratung-begabungsfoerderung.bip-nds.de<\/a><\/p>\n\n\n\n<p class=\"wp-block-paragraph\"><a href=\"https:\/\/info-begabungsfoerderung.bip-nds.de\">https:\/\/info-begabungsfoerderung.bip-nds.de<\/a><\/p>\n\n\n\n<p class=\"wp-block-paragraph\">Die Auswahl der Handlungsfelder stellt den momentanen Arbeitsstand dar; sie ist nicht voll umfassend und wird permanent erweitert. Aktuell werden z.B. M\u00f6glichkeiten zur der Einordnung des KC GE in schuleigene Arbeitspl\u00e4ne erarbeitet.<\/p>\n\n\n\n<div class=\"wp-block-columns buttonblock has-large-font-size is-layout-flex wp-container-core-columns-is-layout-8f761849 wp-block-columns-is-layout-flex\">\n<div class=\"wp-block-column is-layout-flow wp-block-column-is-layout-flow\">\n<div class=\"wp-block-buttons is-content-justification-center is-layout-flex wp-container-core-buttons-is-layout-fe48e5de wp-block-buttons-is-layout-flex\">\n<div class=\"wp-block-button has-custom-width wp-block-button__width-100\"><a class=\"wp-block-button__link has-medium-font-size has-custom-font-size wp-element-button\" href=\"https:\/\/schulischesinklusionskonzept.landkreis-aurich.de\/?page_id=1004\" style=\"border-radius:0px\">Multiprofessionelle Zusammenarbeit<\/a><\/div>\n<\/div>\n<\/div>\n\n\n\n<div class=\"wp-block-column is-layout-flow wp-block-column-is-layout-flow\">\n<div class=\"wp-block-buttons has-custom-font-size has-medium-font-size is-content-justification-space-between is-layout-flex wp-container-core-buttons-is-layout-ec710c1b wp-block-buttons-is-layout-flex\">\n<div class=\"wp-block-button has-custom-width wp-block-button__width-100\"><a class=\"wp-block-button__link has-custom-font-size wp-element-button\" href=\"https:\/\/schulischesinklusionskonzept.landkreis-aurich.de\/?page_id=1373\" style=\"border-radius:0px;font-size:19px\">Curriculare Aspekte<\/a><\/div>\n<\/div>\n<\/div>\n<\/div>\n\n\n\n<div class=\"wp-block-buttons is-content-justification-left is-layout-flex wp-container-core-buttons-is-layout-63375db1 wp-block-buttons-is-layout-flex\"><\/div>\n\n\n\n<p class=\"wp-block-paragraph\"><\/p>\n","protected":false},"excerpt":{"rendered":"<p>Schulische Inklusion bedeutet die umfassende und uneingeschr\u00e4nkte Teilhabe und damit das Recht auf Bildung jeder und jedes Einzelnen an schulischen Prozessen. Die inklusive Schule ist eine Schule der individuellen F\u00f6rderung, in der jedes Kind mit seinen individuellen Talenten, Begabungen sowie besonderen Bedarfen bestm\u00f6glich unterst\u00fctzt wird. Die inklusive Schule in Niedersachsen begreift Heterogenit\u00e4t als Grundlage und [&hellip;]<\/p>\n","protected":false},"author":3,"featured_media":0,"parent":0,"menu_order":0,"comment_status":"closed","ping_status":"closed","template":"","meta":{"_crdt_document":"","inline_featured_image":false,"material-hide-sections":[],"footnotes":""},"class_list":["post-639","page","type-page","status-publish","hentry"],"_links":{"self":[{"href":"https:\/\/schulischesinklusionskonzept.landkreis-aurich.de\/index.php?rest_route=\/wp\/v2\/pages\/639","targetHints":{"allow":["GET"]}}],"collection":[{"href":"https:\/\/schulischesinklusionskonzept.landkreis-aurich.de\/index.php?rest_route=\/wp\/v2\/pages"}],"about":[{"href":"https:\/\/schulischesinklusionskonzept.landkreis-aurich.de\/index.php?rest_route=\/wp\/v2\/types\/page"}],"author":[{"embeddable":true,"href":"https:\/\/schulischesinklusionskonzept.landkreis-aurich.de\/index.php?rest_route=\/wp\/v2\/users\/3"}],"replies":[{"embeddable":true,"href":"https:\/\/schulischesinklusionskonzept.landkreis-aurich.de\/index.php?rest_route=%2Fwp%2Fv2%2Fcomments&post=639"}],"version-history":[{"count":28,"href":"https:\/\/schulischesinklusionskonzept.landkreis-aurich.de\/index.php?rest_route=\/wp\/v2\/pages\/639\/revisions"}],"predecessor-version":[{"id":1379,"href":"https:\/\/schulischesinklusionskonzept.landkreis-aurich.de\/index.php?rest_route=\/wp\/v2\/pages\/639\/revisions\/1379"}],"wp:attachment":[{"href":"https:\/\/schulischesinklusionskonzept.landkreis-aurich.de\/index.php?rest_route=%2Fwp%2Fv2%2Fmedia&parent=639"}],"curies":[{"name":"wp","href":"https:\/\/api.w.org\/{rel}","templated":true}]}}