{"id":647,"date":"2023-02-09T12:11:36","date_gmt":"2023-02-09T12:11:36","guid":{"rendered":"https:\/\/schulischesinklusionskonzept.landkreis-aurich.de\/?page_id=647"},"modified":"2023-02-21T15:20:09","modified_gmt":"2023-02-21T15:20:09","slug":"ausserschulische-hilfs-und-unterstuetzungsangebote","status":"publish","type":"page","link":"https:\/\/schulischesinklusionskonzept.landkreis-aurich.de\/?page_id=647","title":{"rendered":"Au\u00dferschulische Hilfs- und Unterst\u00fctzungsangebote"},"content":{"rendered":"\n<p class=\"wp-block-paragraph\">\u00dcber schulinterne Konzepte und Unterst\u00fctzungsangebote hinaus kann eine multiprofessionelle Zusammenarbeit mit au\u00dferschulischen Institutionen f\u00fcr das einzelne Kind bzw. das Familiensystem zus\u00e4tzlich zur Handlungssicherheit f\u00fcr alle Beteiligten beitragen. Feste Ansprechpartner sind dabei essentiell; die Mobilen Dienste \u00fcbernehmen im Bedarfsfall die Koordinierung.&nbsp; Folgende Angebote des Amtes f\u00fcr Jugend und Soziales sind dabei m\u00f6glich:<\/p>\n\n\n\n<ul class=\"wp-block-list\">\n<li>Erziehungsberatung als kostenloses, freiwilliges und anonymes Beratungsangebot f\u00fcr Kinder, Jugendliche und Familien. Die Beratung erfolgt durch ein multiprofessionelles Team u.a. mit Sozialp\u00e4dagog*innen und Psycholog*innen.<\/li>\n\n\n\n<li>Die Beratungsstelle f\u00fcr Kinder, Jugendliche und Familien bietet auch eine w\u00f6chentliche Jugendsprechstunde f\u00fcr Jugendliche ab 14 Jahren an.<\/li>\n\n\n\n<li>Die Regionalteams des Amtes f\u00fcr Jugend und Soziales bieten die M\u00f6glichkeit der allgemeinen Beratung in Erziehungsfragen. Die Beratung erfolgt \u00fcber den jeweils fallzust\u00e4ndigen Sozialp\u00e4dagogen.&nbsp;<\/li>\n\n\n\n<li>Hilfen zur Erziehung k\u00f6nnen auf Antrag der Personensorgeberechtigten gew\u00e4hrt werden, wenn eine dem Wohl des Kindes oder des Jugendlichen entsprechende Erziehung nicht gew\u00e4hrleistet und die Hilfe f\u00fcr seine Entwicklung geeignet und notwendig ist.<\/li>\n\n\n\n<li>Die Hilfen k\u00f6nnen ambulant in den Familien, teilstation\u00e4r in Tagesgruppen oder station\u00e4r in Wohngruppen und Pflegefamilien erbracht werden. Die sozialp\u00e4dagogischen Fachkr\u00e4fte der Regionalteams bzw. Pflegekinderdienstes entscheiden im Rahmen der Hilfeplanung nach \u00a7 36 SGB VIII \u00fcber Bedarf und geeignete Hilfen.<\/li>\n\n\n\n<li>Das Sozialraummanagement der Regionalteams hat die M\u00f6glichkeit, im Rahmen pr\u00e4ventiver und sozialr\u00e4umlicher Arbeit niedrigschwellige Projekte vor Ort zu f\u00f6rdern. Auch mit Schulen kann bei Bedarf im Rahmen der pr\u00e4ventiven kooperiert werden.<\/li>\n\n\n\n<li>Pr\u00e4ventive und Sozialr\u00e4umliche Projekte (z.B. auch Familienklassen) k\u00f6nnen beim Sozialraummanagement beantragt werden. Das Sozialraummanagement entscheidet nach einer Hospitation im Unterricht \u00fcber den Projektantrag. Es handelt sich um eine freiwillige Leistung des Amtes f\u00fcr Jugend und Soziales befristet f\u00fcr 3 bis 6 Monate. Es k\u00f6nnen bei Bedarf auch Gruppenangebote gef\u00f6rdert werden.<\/li>\n\n\n\n<li>Pro-Aktiv-Center \u00fcbernehmen die Aufgabe der kommunalen Jugendberufshilfe nach \u00a7 13 SGB VIII. Aufgaben des Pro-Aktiv-Centers (Pace) ist die Beratung und Unterst\u00fctzung<\/li>\n\n\n\n<li>&#8211; beim \u00dcbergang von der Schule in Ausbildung oder Arbeit<\/li>\n\n\n\n<li>&#8211; bei der beruflichen (Erst)-Orientierung<\/li>\n\n\n\n<li>&#8211; bei der Erstellung von Bewerbungsunterlagen sowie im weiteren Bewerbungsverfahren<\/li>\n\n\n\n<li>&#8211; bei der Ausbildungs- und Arbeitsplatzsuche<\/li>\n\n\n\n<li>&#8211; beim Umgang mit Beh\u00f6rden<\/li>\n\n\n\n<li>&#8211; bei der Kl\u00e4rung finanzieller Fragen<\/li>\n\n\n\n<li>&#8211; bei pers\u00f6nlichen Problemen<\/li>\n\n\n\n<li>Das Angebot richtet sich an junge Menschen zwischen 14 und 27 Jahren. \u00dcber das Pro-Aktiv-Center k\u00f6nnen auch Sch\u00fcler*innen mit sozialp\u00e4dagogischem Unterst\u00fctzungsbedarf in die Jugendwerkst\u00e4tten vermittelt werden.<\/li>\n\n\n\n<li>Die Beratung und Begleitung durch das PACE-Team erfolgen auf freiwilliger Basis und unterliegen der Schweigepflicht. Bei Bedarf k\u00f6nnen die Mitarbeiter\/-innen auch Kontakt zu anderen Institutionen herstellen, die im Einzelfall zus\u00e4tzliche Hilfen erm\u00f6glichen. Das PACE-Team ist nicht nur gut vernetzt mit der Agentur f\u00fcr Arbeit und dem Jobcenter, sondern auch mit regionalen Schulen, Kreisvolkshochschulen, Gesundheitsbeh\u00f6rden, Beratungsstellen f\u00fcr Schulden- oder Suchtproblematiken, usw.<\/li>\n<\/ul>\n\n\n\n<p class=\"wp-block-paragraph\"><a href=\"https:\/\/schulischesinklusionskonzept.landkreis-aurich.de\/?page_id=651\">Ansprechpartner<\/a><\/p>\n\n\n\n<p class=\"wp-block-paragraph\"><\/p>\n","protected":false},"excerpt":{"rendered":"<p>\u00dcber schulinterne Konzepte und Unterst\u00fctzungsangebote hinaus kann eine multiprofessionelle Zusammenarbeit mit au\u00dferschulischen Institutionen f\u00fcr das einzelne Kind bzw. das Familiensystem zus\u00e4tzlich zur Handlungssicherheit f\u00fcr alle Beteiligten beitragen. Feste Ansprechpartner sind dabei essentiell; die Mobilen Dienste \u00fcbernehmen im Bedarfsfall die Koordinierung.&nbsp; Folgende Angebote des Amtes f\u00fcr Jugend und Soziales sind dabei m\u00f6glich: Ansprechpartner<\/p>\n","protected":false},"author":3,"featured_media":0,"parent":0,"menu_order":0,"comment_status":"closed","ping_status":"closed","template":"","meta":{"_crdt_document":"","inline_featured_image":false,"material-hide-sections":[],"footnotes":""},"class_list":["post-647","page","type-page","status-publish","hentry"],"_links":{"self":[{"href":"https:\/\/schulischesinklusionskonzept.landkreis-aurich.de\/index.php?rest_route=\/wp\/v2\/pages\/647","targetHints":{"allow":["GET"]}}],"collection":[{"href":"https:\/\/schulischesinklusionskonzept.landkreis-aurich.de\/index.php?rest_route=\/wp\/v2\/pages"}],"about":[{"href":"https:\/\/schulischesinklusionskonzept.landkreis-aurich.de\/index.php?rest_route=\/wp\/v2\/types\/page"}],"author":[{"embeddable":true,"href":"https:\/\/schulischesinklusionskonzept.landkreis-aurich.de\/index.php?rest_route=\/wp\/v2\/users\/3"}],"replies":[{"embeddable":true,"href":"https:\/\/schulischesinklusionskonzept.landkreis-aurich.de\/index.php?rest_route=%2Fwp%2Fv2%2Fcomments&post=647"}],"version-history":[{"count":5,"href":"https:\/\/schulischesinklusionskonzept.landkreis-aurich.de\/index.php?rest_route=\/wp\/v2\/pages\/647\/revisions"}],"predecessor-version":[{"id":879,"href":"https:\/\/schulischesinklusionskonzept.landkreis-aurich.de\/index.php?rest_route=\/wp\/v2\/pages\/647\/revisions\/879"}],"wp:attachment":[{"href":"https:\/\/schulischesinklusionskonzept.landkreis-aurich.de\/index.php?rest_route=%2Fwp%2Fv2%2Fmedia&parent=647"}],"curies":[{"name":"wp","href":"https:\/\/api.w.org\/{rel}","templated":true}]}}