{"id":690,"date":"2023-02-13T21:31:05","date_gmt":"2023-02-13T21:31:05","guid":{"rendered":"https:\/\/schulischesinklusionskonzept.landkreis-aurich.de\/?page_id=690"},"modified":"2024-10-24T10:20:33","modified_gmt":"2024-10-24T10:20:33","slug":"downloads","status":"publish","type":"page","link":"https:\/\/schulischesinklusionskonzept.landkreis-aurich.de\/?page_id=690","title":{"rendered":"Downloads"},"content":{"rendered":"\n<p class=\"wp-block-paragraph\">Im Downloadbereich sind Formulare entsprechend der bisher erarbeiteten Handlungsfelder f\u00fcr die weitere Verwendung bzw. zur Information abgelegt.<\/p>\n\n\n\n<p class=\"wp-block-paragraph\"><\/p>\n\n\n\n<div class=\"wp-block-columns buttonblock is-layout-flex wp-container-core-columns-is-layout-8f761849 wp-block-columns-is-layout-flex\">\n<div class=\"wp-block-column is-layout-flow wp-block-column-is-layout-flow\">\n<div class=\"wp-block-buttons is-layout-flex wp-block-buttons-is-layout-flex\">\n<div class=\"wp-block-button has-custom-width wp-block-button__width-100\"><a class=\"wp-block-button__link wp-element-button\" href=\"#uebergaenge\" style=\"border-radius:0px\">\u00dcberg\u00e4nge<\/a><\/div>\n<\/div>\n<\/div>\n\n\n\n<div class=\"wp-block-column is-layout-flow wp-block-column-is-layout-flow\">\n<div class=\"wp-block-buttons is-layout-flex wp-block-buttons-is-layout-flex\">\n<div class=\"wp-block-button has-custom-width wp-block-button__width-100 is-style-fill\"><a class=\"wp-block-button__link wp-element-button\" href=\"#es-konzeption\" style=\"border-radius:0px\">ES-Konzeption<\/a><\/div>\n<\/div>\n<\/div>\n<\/div>\n\n\n\n<div class=\"wp-block-columns buttonblock is-layout-flex wp-container-core-columns-is-layout-8f761849 wp-block-columns-is-layout-flex\">\n<div class=\"wp-block-column is-layout-flow wp-block-column-is-layout-flow\">\n<div class=\"wp-block-buttons is-layout-flex wp-block-buttons-is-layout-flex\">\n<div class=\"wp-block-button has-custom-width wp-block-button__width-100\"><a class=\"wp-block-button__link wp-element-button\" href=\"#schulbegleitung\" style=\"border-radius:0px\">Schulbegleitung<\/a><\/div>\n<\/div>\n<\/div>\n\n\n\n<div class=\"wp-block-column is-layout-flow wp-block-column-is-layout-flow\">\n<div class=\"wp-block-buttons is-layout-flex wp-block-buttons-is-layout-flex\">\n<div class=\"wp-block-button has-custom-width wp-block-button__width-100 is-style-fill\"><a class=\"wp-block-button__link wp-element-button\" href=\"#gemeinsamer-unterricht\" style=\"border-radius:0px\">Unterricht in der inklusiven Schule<\/a><\/div>\n<\/div>\n<\/div>\n<\/div>\n\n\n\n<h2 class=\"wp-block-heading\" id=\"uebergaenge\">\u00dcberg\u00e4nge<\/h2>\n\n\n\n<div class=\"wp-block-file\"><a id=\"wp-block-file--media-5c42f6a7-c249-42e7-ade3-19042f608701\" href=\"https:\/\/schulischesinklusionskonzept.landkreis-aurich.de\/wp-content\/uploads\/2023\/03\/Einschaetzbogen-Reha_Agentur-fuer-Arbeit_neu_PDF-_.pdf\" target=\"_blank\" rel=\"noreferrer noopener\">Einschaetzbogen-Reha_Agentur-fuer-Arbeit_neu_PDF-_<\/a><\/div>\n\n\n\n<div class=\"wp-block-file\"><a id=\"wp-block-file--media-15f96dd1-9443-49db-9eed-3efa1ca88e50\" href=\"https:\/\/schulischesinklusionskonzept.landkreis-aurich.de\/wp-content\/uploads\/2023\/02\/20201125_Protokoll_zur_Beratung_anlaesslich_des_Uebergangs_von_Klasse_4_nach_5-5.docx\" target=\"_blank\" rel=\"noreferrer noopener\">Protokoll_zur_Beratung_anlaesslich_des_Uebergangs_von_Klasse_4_nach_5-5<\/a><\/div>\n\n\n\n<div class=\"wp-block-file\"><a id=\"wp-block-file--media-61108e80-1ddf-488d-a76b-15cc90ef8be5\" href=\"https:\/\/schulischesinklusionskonzept.landkreis-aurich.de\/wp-content\/uploads\/2023\/02\/Ergaenzende_Bestimmungen-zur-VO.pdf\" target=\"_blank\" rel=\"noreferrer noopener\">Ergaenzende_Bestimmungen-zur-VO<\/a><\/div>\n\n\n\n<div class=\"wp-block-file\"><a id=\"wp-block-file--media-0240e6cb-0280-492a-a9d8-96763ee048ff\" href=\"https:\/\/schulischesinklusionskonzept.landkreis-aurich.de\/wp-content\/uploads\/2023\/02\/Verordnung_zur_Feststellung_eines_Bedarfs_an_sonderpdagogischer_Untersttzung.pdf\" target=\"_blank\" rel=\"noreferrer noopener\">Verordnung_zur_Feststellung_eines_Bedarfs_an_sonderpdagogischer_Unterst\u00fctzung<\/a><\/div>\n\n\n\n<div class=\"wp-block-file\"><a id=\"wp-block-file--media-954105ce-49cf-4a01-8cab-bd03a3ba6192\" href=\"https:\/\/schulischesinklusionskonzept.landkreis-aurich.de\/wp-content\/uploads\/2023\/02\/Schweigepflichtentbindung.docx\" target=\"_blank\" rel=\"noreferrer noopener\">Schweigepflichtentbindung<\/a><\/div>\n\n\n\n<p class=\"wp-block-paragraph\"><\/p>\n\n\n\n<h2 class=\"wp-block-heading\" id=\"es-konzeption\">ES-Konzeption<\/h2>\n\n\n\n<div class=\"wp-block-file\"><a id=\"wp-block-file--media-9186e9e2-0dc6-4883-82bd-9d234caea497\" href=\"https:\/\/schulischesinklusionskonzept.landkreis-aurich.de\/wp-content\/uploads\/2023\/02\/Dokumentation-Foerderung-ES.docx\" target=\"_blank\" rel=\"noreferrer noopener\">Dokumentation-Foerderung-ES<\/a><\/div>\n\n\n\n<p class=\"wp-block-paragraph\"><\/p>\n\n\n\n\n\n<p class=\"wp-block-paragraph\"><a href=\"https:\/\/www.mk.niedersachsen.de\/download\/197906\/Handreichungen_Mobile_Dienste_ES.pdf\"><strong>Handreichungen Mobile Dienste &#8211; Empfehlungen und Hinweise zur Arbeit des Mobilen Dienstes emotionale und soziale Entwicklung<\/strong><\/a><\/p>\n\n\n\n<h2 class=\"wp-block-heading\" id=\"schulbegleitung\">Schulbegleitung<\/h2>\n\n\n\n<div class=\"wp-block-file\"><a id=\"wp-block-file--media-4ecec56c-cb8b-4112-8f96-396dfa26a3c6\" href=\"https:\/\/schulischesinklusionskonzept.landkreis-aurich.de\/wp-content\/uploads\/2023\/02\/Schweigepflichtentbindung-AuNo-umfangreich-neu-05-2022-1.pdf\" target=\"_blank\" rel=\"noreferrer noopener\">Schweigepflichtentbindung-AuNo-umfangreich-neu-05-2022-1<\/a><\/div>\n\n\n\n<div class=\"wp-block-file\"><a id=\"wp-block-file--media-944a30c7-f261-45ef-b74a-94350e2382f9\" href=\"https:\/\/schulischesinklusionskonzept.landkreis-aurich.de\/wp-content\/uploads\/2024\/10\/Broschuere_Verfahrensablauf-Auricher-Model-Schulbegleitung-Stand-01.08.2024-1.pdf\" target=\"_blank\" rel=\"noreferrer noopener\">Brosch\u00fcre_Verfahrensablauf Auricher Model &#8211; Schulbegleitung Stand 01.08.2024<\/a><\/div>\n\n\n\n<div class=\"wp-block-file\"><a id=\"wp-block-file--media-d6a160eb-b404-406c-a742-57360b023001\" href=\"https:\/\/schulischesinklusionskonzept.landkreis-aurich.de\/wp-content\/uploads\/2024\/10\/JuS-AuNo-Schulfragebogen-SJ-2024-25.pdf\" target=\"_blank\" rel=\"noreferrer noopener\">JuS -AuNo Schulfragebogen SJ 2024-25<\/a><\/div>\n\n\n\n<h2 class=\"wp-block-heading\" id=\"gemeinsamer-unterricht\">Unterricht in der inklusiven Schule<\/h2>\n\n\n\n<div class=\"wp-block-file\"><a id=\"wp-block-file--media-4f652d9b-153c-404b-92aa-4d5084e190ac\" href=\"https:\/\/schulischesinklusionskonzept.landkreis-aurich.de\/wp-content\/uploads\/2023\/03\/FoeSchpkt.-LE-Materialien-fuer-einen-kompetenzorientierten-Unterricht-Teil-3.zip\" target=\"_blank\" rel=\"noreferrer noopener\">FoeSchpkt.-LE-Materialien-fuer-einen-kompetenzorientierten-Unterricht-Teil-3<\/a><\/div>\n\n\n\n<div class=\"wp-block-file\"><a id=\"wp-block-file--media-3b134c41-5d95-4a23-8e6b-3f62f2c814f4\" href=\"https:\/\/schulischesinklusionskonzept.landkreis-aurich.de\/wp-content\/uploads\/2023\/03\/FoeSchpkt.-LE-Materialien-fuer-einen-kompetenzorientierten-Unterricht-Teil-2.zip\" target=\"_blank\" rel=\"noreferrer noopener\">FoeSchpkt.-LE-Materialien-fuer-einen-kompetenzorientierten-Unterricht-Teil-2<\/a><\/div>\n\n\n\n<div class=\"wp-block-file\"><a id=\"wp-block-file--media-2c91b031-78dd-443f-bf1f-42b9d48d738c\" href=\"https:\/\/schulischesinklusionskonzept.landkreis-aurich.de\/wp-content\/uploads\/2023\/03\/2022-01-25-Arbeitshilfe-FB-IB-OS-Zusammenfuehrung-Material-spU-LE-zu-KC-GS-HS-OBS-RS.pptx\" target=\"_blank\" rel=\"noreferrer noopener\">2022-01-25-Arbeitshilfe-FB-IB-OS-Zusammenfuehrung-Material-spU-LE-zu-KC-GS-HS-OBS-RS<\/a><\/div>\n\n\n\n<div class=\"wp-block-file\"><a id=\"wp-block-file--media-e0ee6523-ef34-4ebb-818d-a8d42dc7178c\" href=\"https:\/\/schulischesinklusionskonzept.landkreis-aurich.de\/wp-content\/uploads\/2023\/03\/FoeSchpkt.-LE-Materialien-fuer-einen-kompetenzorientierten-Unterricht-Teil-1.zip\" target=\"_blank\" rel=\"noreferrer noopener\">FoeSchpkt.-LE-Materialien-fuer-einen-kompetenzorientierten-Unterricht-Teil-1<\/a><\/div>\n\n\n\n<div class=\"wp-block-file\"><a id=\"wp-block-file--media-ef7c704f-0064-4309-b4f9-207a5a1cd0e6\" href=\"https:\/\/schulischesinklusionskonzept.landkreis-aurich.de\/wp-content\/uploads\/2023\/03\/Foe.-pkt-LE-Materialien-fuer-einen-komptenz.-Unterricht-sortiert-Sek-I.zip\" target=\"_blank\" rel=\"noreferrer noopener\">Foe.-pkt-LE-Materialien-fuer-einen-komptenz.-Unterricht-sortiert-Sek-I<\/a><\/div>\n\n\n\n<div class=\"wp-block-file\"><a id=\"wp-block-file--media-d2343f10-c85e-4fd4-9e6b-33b1b2f992dd\" href=\"https:\/\/schulischesinklusionskonzept.landkreis-aurich.de\/wp-content\/uploads\/2023\/03\/Foe.-pkt-LE-Materialien-fuer-einen-komptenz.-Unterricht-sortiert-Primar.zip\" target=\"_blank\" rel=\"noreferrer noopener\">Foe.-pkt-LE-Materialien-fuer-einen-komptenz.-Unterricht-sortiert-Primar<\/a><\/div>\n\n\n\n<div class=\"wp-block-file\"><a id=\"wp-block-file--media-ba214d78-528e-4f51-9eb1-5a143c3c52e2\" href=\"https:\/\/schulischesinklusionskonzept.landkreis-aurich.de\/wp-content\/uploads\/2023\/03\/KC-Foe.-pkt-GE-Primar.pdf\" target=\"_blank\" rel=\"noreferrer noopener\">KC-Foe.-pkt-GE-Primar<\/a><\/div>\n\n\n\n<div class=\"wp-block-file\"><a id=\"wp-block-file--media-3a2b9c20-d472-4645-9e28-ea3f8ff5d9ac\" href=\"https:\/\/schulischesinklusionskonzept.landkreis-aurich.de\/wp-content\/uploads\/2023\/03\/KC-Foe.-pkt-GE-Sek-I.pdf\" target=\"_blank\" rel=\"noreferrer noopener\">KC-Foe.-pkt-GE-Sek-I<\/a><\/div>\n\n\n\n<div class=\"wp-block-file\"><a id=\"wp-block-file--media-885bc3b8-b8e5-4497-b92a-bb9b499c12b2\" href=\"https:\/\/schulischesinklusionskonzept.landkreis-aurich.de\/wp-content\/uploads\/2023\/03\/KC-Foe.-pkt-GE-Sek-II.pdf\" target=\"_blank\" rel=\"noreferrer noopener\">KC-Foe.-pkt-GE-Sek-II<\/a><\/div>\n\n\n\n<div class=\"wp-block-file\"><a id=\"wp-block-file--media-8adc97e7-c68b-434f-9a6f-277dbfa34331\" href=\"https:\/\/schulischesinklusionskonzept.landkreis-aurich.de\/wp-content\/uploads\/2024\/09\/2023.06.16_Leitfaden_Autismus-3.pdf\">Unterricht mit Sch\u00fclerinnen und Sch\u00fclern im Autismus-Spektrum<\/a><\/div>\n\n\n\n<div class=\"wp-block-group is-nowrap is-layout-flex wp-container-core-group-is-layout-04e676ae wp-block-group-is-layout-flex\">\n<div class=\"wp-block-columns is-not-stacked-on-mobile wp-container-content-9cfa9a5a is-layout-flex wp-container-core-columns-is-layout-8f761849 wp-block-columns-is-layout-flex\">\n<div class=\"wp-block-column is-layout-flow wp-block-column-is-layout-flow\"><\/div>\n<\/div>\n<\/div>\n\n\n\n<div class=\"wp-block-file\"><a id=\"wp-block-file--media-b97351d4-691f-48e8-96af-e77c51d67d0a\" href=\"https:\/\/schulischesinklusionskonzept.landkreis-aurich.de\/wp-content\/uploads\/2024\/09\/Handlungsleitfaden_zur_multiprofessionellen_Zusammenarbeit_an_oeffentlichen_Schulen-1-1-1.zip\" target=\"_blank\" rel=\"noreferrer noopener\">Handlungsleitfaden zur multiprofessionellen Zusammenarbeit an \u00f6ffentlichen Schulen<\/a><\/div>\n","protected":false},"excerpt":{"rendered":"<p>Im Downloadbereich sind Formulare entsprechend der bisher erarbeiteten Handlungsfelder f\u00fcr die weitere Verwendung bzw. zur Information abgelegt. \u00dcberg\u00e4nge ES-Konzeption Handreichungen Mobile Dienste &#8211; Empfehlungen und Hinweise zur Arbeit des Mobilen Dienstes emotionale und soziale Entwicklung Schulbegleitung Unterricht in der inklusiven Schule<\/p>\n","protected":false},"author":1,"featured_media":0,"parent":0,"menu_order":0,"comment_status":"closed","ping_status":"closed","template":"","meta":{"_crdt_document":"","inline_featured_image":false,"material-hide-sections":[],"footnotes":""},"class_list":["post-690","page","type-page","status-publish","hentry"],"_links":{"self":[{"href":"https:\/\/schulischesinklusionskonzept.landkreis-aurich.de\/index.php?rest_route=\/wp\/v2\/pages\/690","targetHints":{"allow":["GET"]}}],"collection":[{"href":"https:\/\/schulischesinklusionskonzept.landkreis-aurich.de\/index.php?rest_route=\/wp\/v2\/pages"}],"about":[{"href":"https:\/\/schulischesinklusionskonzept.landkreis-aurich.de\/index.php?rest_route=\/wp\/v2\/types\/page"}],"author":[{"embeddable":true,"href":"https:\/\/schulischesinklusionskonzept.landkreis-aurich.de\/index.php?rest_route=\/wp\/v2\/users\/1"}],"replies":[{"embeddable":true,"href":"https:\/\/schulischesinklusionskonzept.landkreis-aurich.de\/index.php?rest_route=%2Fwp%2Fv2%2Fcomments&post=690"}],"version-history":[{"count":47,"href":"https:\/\/schulischesinklusionskonzept.landkreis-aurich.de\/index.php?rest_route=\/wp\/v2\/pages\/690\/revisions"}],"predecessor-version":[{"id":1371,"href":"https:\/\/schulischesinklusionskonzept.landkreis-aurich.de\/index.php?rest_route=\/wp\/v2\/pages\/690\/revisions\/1371"}],"wp:attachment":[{"href":"https:\/\/schulischesinklusionskonzept.landkreis-aurich.de\/index.php?rest_route=%2Fwp%2Fv2%2Fmedia&parent=690"}],"curies":[{"name":"wp","href":"https:\/\/api.w.org\/{rel}","templated":true}]}}